{"id":4123,"date":"2020-10-09T10:31:42","date_gmt":"2020-10-09T10:31:42","guid":{"rendered":"https:\/\/www.greens-efa.eu\/dossier\/?page_id=4123"},"modified":"2020-10-15T14:42:11","modified_gmt":"2020-10-15T14:42:11","slug":"buenacomida","status":"publish","type":"page","link":"https:\/\/www.greens-efa.eu\/dossier\/buenacomida\/","title":{"rendered":"Buenacomida"},"content":{"rendered":"<header id=\"headerc4\">\n    <script src=\"\/files\/layout\/plugins\/mmenu-js\/dist\/mmenu.js\"><\/script>\n    <link rel=\"stylesheet\" href=\"\/files\/greens_efa\/layout\/css\/font-awesome.min.css\">\n    <!--<link rel=\"stylesheet\" href=\"\/assets\/css\/hamburgers.css,mmenu.css,style_dossier.scss-4771d7d7.css\">-->\n    <link rel=\"stylesheet\" href=\"\/files\/layout\/css\/style_dossier_compiled.css\">\n\n    \n    <div class=\"inside containerc4\">\n    <a id=\"logo\" href=\"\/en\" style=\"background-image: url(\/files\/layout\/img\/logo\/greens_efa_en.svg);\"><\/a>\n    <!-- Top Navi multilang--><div id=\"nav-top\">\n    <!-- indexer::stop -->\n    <nav class=\"nav-menu\">\n    <ul class=\"level_1\">\n    <li class=\"submenu first drop-down\"><a href=\"\/en\/who-we-are\" title=\"Who we are\" class=\"submenu trail first drop-down\" aria-haspopup=\"true\" itemprop=\"url\"><span itemprop=\"name\">Who we are<\/span><\/a>\n    <ul class=\"level_2\">\n    <li class=\"first\"><a href=\"\/en\/who-we-are\/our-group\" title=\"Our Group\" class=\"active first\" itemprop=\"url\"><span itemprop=\"name\">Our Group<\/span><\/a><\/li>\n    <li class=\"sibling\"><a href=\"\/en\/who-we-are\/our-meps\" title=\"Our MEPS\" class=\"sibling\" itemprop=\"url\"><span itemprop=\"name\">Our MEPS<\/span><\/a><\/li>\n    <li class=\"sibling\"><a href=\"\/en\/who-we-are\/our-staff\" title=\"Our staff\" class=\"sibling\" itemprop=\"url\"><span itemprop=\"name\">Our staff<\/span><\/a><\/li>\n    <li class=\"sibling last\"><a href=\"\/en\/who-we-are\/our-history\" title=\"Our history\" class=\"sibling last\" itemprop=\"url\"><span itemprop=\"name\">Our history<\/span><\/a><\/li>\n    <\/ul>\n    <\/li>\n    <li class=\"submenu drop-down\"><a href=\"\/en\/what-we-stand-for\" title=\"What we stand for\" class=\"submenu drop-down\" aria-haspopup=\"true\" itemprop=\"url\"><span itemprop=\"name\">What we stand for<\/span><\/a>\n    <ul class=\"level_2\">\n    <li class=\"first\"><a href=\"https:\/\/www.greens-efa.eu\/dossier\/what-world-do-we-want-to-return-to\/\" title=\"Our recovery plan\" class=\"first\" target=\"_blank\" rel=\"noreferrer noopener\" itemprop=\"url\"><span itemprop=\"name\">Our recovery plan<\/span><\/a><\/li>\n    <li class=\"\"><a href=\"\/en\/what-we-stand-for\/our-vision\" title=\"Our vision\" itemprop=\"url\"><span itemprop=\"name\">Our vision<\/span><\/a><\/li>\n    <li class=\"\"><a href=\"\/en\/what-we-stand-for\/our-publications\" title=\"Our publications\" itemprop=\"url\"><span itemprop=\"name\">Our publications<\/span><\/a><\/li>\n    <li class=\"last\"><a href=\"\/en\/what-we-stand-for\/our-transparency\" title=\"Our transparency\" class=\"last\" itemprop=\"url\"><span itemprop=\"name\">Our transparency<\/span><\/a><\/li>\n    <\/ul>\n    <\/li>\n    <li class=\"submenu drop-down\"><a href=\"\/en\/fighting-for-you\" title=\"Fighting for you\" class=\"submenu drop-down\" aria-haspopup=\"true\" itemprop=\"url\"><span itemprop=\"name\">Fighting for you<\/span><\/a>\n    <ul class=\"level_2\">\n    <li class=\"first\"><a href=\"\/en\/fighting-for-you\/our-campaigns\" title=\"Our campaigns\" class=\"first\" itemprop=\"url\"><span itemprop=\"name\">Our campaigns<\/span><\/a><\/li>\n    <li class=\"\"><a href=\"https:\/\/www.greens2019.eu\/home\/achievements\/\" title=\"Our achievements\" target=\"_blank\" rel=\"noreferrer noopener\" itemprop=\"url\"><span itemprop=\"name\">Our achievements<\/span><\/a><\/li>\n    <li class=\"\"><a href=\"https:\/\/www.greens-efa.eu\/dossier\/eil\/\" title=\"EUROPEAN IDEAS LAB\" itemprop=\"url\"><span itemprop=\"name\">European Ideas Lab<\/span><\/a><\/li>\n    <li class=\"last\"><a href=\"\/en\/fighting-for-you\/our-parliamentary-work\" title=\"Our parliamentary work\" class=\"last\" itemprop=\"url\"><span itemprop=\"name\">Our parliamentary work<\/span><\/a><\/li>\n    <\/ul>\n    <\/li>\n    <li class=\"submenu drop-down\"><a href=\"\/en\/newsroom\" title=\"Newsroom\" class=\"submenu drop-down\" aria-haspopup=\"true\" itemprop=\"url\"><span itemprop=\"name\">Newsroom<\/span><\/a>\n    <ul class=\"level_2\">\n    <li class=\"first\"><a href=\"\/en\/newsroom\/press-releases\" title=\"Press releases\" class=\"first\" itemprop=\"url\"><span itemprop=\"name\">Press releases<\/span><\/a><\/li>\n    <li class=\"\"><a href=\"\/en\/newsroom\/opinions\" title=\"Opinions\" itemprop=\"url\"><span itemprop=\"name\">Opinions<\/span><\/a><\/li>\n    <li class=\"\"><a href=\"\/en\/newsroom\/videos\" title=\"Videos\" itemprop=\"url\"><span itemprop=\"name\">Videos<\/span><\/a><\/li>\n    <li class=\"\"><a href=\"\/en\/who-we-are\/press-contacts\" title=\"Press contacts\" itemprop=\"url\"><span itemprop=\"name\">Press contacts<\/span><\/a><\/li>\n    <li class=\"last\"><a href=\"\/en\/newsroom\/press-subscription\" title=\"Press subscription\" class=\"last\" itemprop=\"url\"><span itemprop=\"name\">Press subscription<\/span><\/a><\/li>\n    <\/ul>\n    <\/li>\n    <li class=\"submenu last drop-down\"><a href=\"\/en\/get-involved\" title=\"Get involved\" class=\"submenu last drop-down\" aria-haspopup=\"true\" itemprop=\"url\"><span itemprop=\"name\">Get involved<\/span><\/a>\n    <ul class=\"level_2\">\n    <li class=\"first\"><a href=\"https:\/\/act.greens-efa.eu\/\" title=\"Take action\" class=\"first\" itemprop=\"url\"><span itemprop=\"name\">Take action<\/span><\/a><\/li>\n    <li class=\"\"><a href=\"\/en\/get-involved\/subscribe\" title=\"Subscribe\" itemprop=\"url\"><span itemprop=\"name\">Subscribe<\/span><\/a><\/li>\n    <li class=\"\"><a href=\"\/en\/get-involved\/our-events\" title=\"Our events\" itemprop=\"url\"><span itemprop=\"name\">Our events<\/span><\/a><\/li>\n    <li class=\"\"><a href=\"\/en\/get-involved\/work-with-us\" title=\"Work with us\" itemprop=\"url\"><span itemprop=\"name\">Work with us<\/span><\/a><\/li>\n    <li class=\"last\"><a href=\"\/en\/get-involved\/contact-us\" title=\"Contact us\" class=\"last\" itemprop=\"url\"><span itemprop=\"name\">Contact us<\/span><\/a><\/li>\n    <\/ul>\n    <\/li>\n    <\/ul>\n    <\/nav>\n    <!-- indexer::continue -->\n    <\/div>\n    <div id=\"nav-top-right\">\n    <div id=\"nav-icons\" class=\"d-none d-sm-block\">\n    <a href=\"\/en\/search\"><i class=\"fa fa-search fa-md pr-2 pr-lg-1 pr-xl-2\"><\/i><\/a>\n    <i class=\"fa fa-facebook fa-md fa-rounded\" data-href=\"https:\/\/www.facebook.com\/greensefa\" data-target=\"_blank\"><\/i>\n    <i class=\"fa fa-twitter fa-md fa-rounded\" data-href=\"https:\/\/twitter.com\/GreensEFA\" data-target=\"_blank\"><\/i>\n    <i class=\"fa fa-instagram fa-md fa-rounded\" data-href=\"https:\/\/www.instagram.com\/greensefa\/\" data-target=\"_blank\"><\/i>\n    <i class=\"fa fa-youtube fa-md fa-rounded\" data-href=\"https:\/\/www.youtube.com\/channel\/UC9emZ4AlBYk7tp5zeYfjRfg\" data-target=\"_blank\"><\/i>\n    <!--<i class=\"fa fa-plus fa-md fa-bordered fa-pos-fix\"><\/i>-->\n    <\/div>\n\n    <\/div>\n    <div id=\"nav-mobile\">\n    <div id=\"nav-mobile-btn\" class=\"hamburger hamburger--collapse\" type=\"button\">\n    <div class=\"hamburger-box\">\n    <div class=\"hamburger-inner\"><\/div>\n    <\/div>\n    <\/div>\n    <\/div>\n    <\/div>\n\n    <script>\n        (function($){\n\n            \/\/ Mobile navigation\n    $( \".nav-menu\" ).clone().appendTo( \"body\" ).addClass('nav-menu-mobile');\n    $('.nav-menu-mobile').mmenu({\n        slidingSubmenus: false,\n        navbars: [{\n            position: 'bottom',\n            content: [\n                '<i class=\"fa fa-facebook fa-md mt-2\" data-href=\"https:\/\/www.facebook.com\/greensefa\" data-target=\"_blank\"><\/i>',\n                '<i class=\"fa fa-twitter fa-md mt-2\" data-href=\"https:\/\/twitter.com\/GreensEFA\" data-target=\"_blank\"><\/i>',\n                '<i class=\"fa fa-instagram fa-md mt-2\" data-href=\"https:\/\/www.instagram.com\/greensefa\/\" data-target=\"_blank\"><\/i>',\n                '<i class=\"fa fa-youtube fa-md mt-2\" data-href=\"https:\/\/www.youtube.com\/channel\/UC9emZ4AlBYk7tp5zeYfjRfg\" data-target=\"_blank\"><\/i>',\n            ]\n        }],\n        \"extensions\": [\n          \"position-right\",\n          \"theme-dark\"\n       ]\n    });\n    var API = $(\"#mm-0\").data( \"mmenu\" );\n    var $icon = $(\"#nav-mobile-btn\");\n    $icon.click(function() {\n        API.open();\n    });\n    API.bind( \"open:finish\", function() {\n        setTimeout(function() {\n          $icon.addClass( \"is-active\" );\n        }, 100);\n    });\n    API.bind( \"close:finish\", function() {\n       setTimeout(function() {\n          $icon.removeClass( \"is-active\" );\n       }, 100);\n    });\n\n        })(jQuery)\n    <\/script>\n    <\/header>\n\n\n\t<div data-cont>\n\t\t\n\t<div class=\"vph pat_0 z10 \" \n\t\t\tdata-adders=\"1.0;pfixed;|2.5;pab_0\">\n\t\t\t<div class=\"txt z8 \">\n\t\t<div class=\"facts ani tc ani-triple-top fs-subline uc\" \n\t\t\tdata-adders=\"0.6;do|2.0;do color-white\"  \n\t\t\tdata-sizer-param=\"padding-top\" data-sizer-vpt-start=\"1.5\" data-sizer-vpt-end=\"2\"  data-sizer-from=\"0.5\" data-sizer-to=\"0.2\">\n\t\t\t\t<span class=\"e0\">D\u00edselo<\/span>\n\t\t<span class=\"e1\"> a tus<\/span>\n\t\t<span class=\"e2\">eurodiputados: <\/span>\n\t\t<\/div>\n\t<\/div>\n\t\t\t<div class=\"z8 pat_0 first\" >\n\t\t\t\t<div class=\"hl-mid  tc fs-medium z8\"  style=\"color:#ffffff;\" \n\t\t\t\t\tdata-sizer-param=\"padding-top\" data-sizer-vpt-start=\"1.5\" data-sizer-vpt-end=\"2.0\" data-sizer-from=\"1\" data-sizer-to=\"0.4\">\n\t\t\t\t\t\n\t\t\t\t<\/div>\n\t\t\t\t<div class=\"hl-mid  tc fs-medium z8\"  style=\"color:#ffffff;\" \n\t\t\t\t\tdata-sizer-param=\"padding-top\" data-sizer-vpt-start=\"1.5\" data-sizer-vpt-end=\"2.0\" data-sizer-from=\"1\" data-sizer-to=\"0.0\">\n\t\t\t\t\t\u00a1queremos buena comida!\n\t\t\t\t<\/div>\n\t\t\t<\/div>\n\t\t\t\n\t\t\t\n\n\t\t\t<div class=\"z5 pat_100 vph bg-topic \"  style=\"background-image: url(https:\/\/www.greens-efa.eu\/dossier\/wp-content\/uploads\/2020\/10\/markus-winkler-ncMDqd_tDsQ-unsplash.jpg);\" data-sizer-param=\"top\" data-sizer-vpt-start=\"1.5\" data-sizer-vpt-end=\"2.0\" data-sizer-from=\"1\" data-sizer-to=\"0\"><\/div>\n\n\t\t\t\n\t\t<\/div>\n\t\t\n\t\t<div class=\"vph\"><\/div><div class=\"vph\"><\/div><div class=\"vphalf\"><\/div>\n\t<\/div>\n\n<div style=\"height:30px; background:transparent; display:block;\" class=\"spacer\"><\/div>\n\n<div class=\"gouter \" style=\"\"><div class=\"greens-content blk_core_paragraph\">\n<p style=\"font-size:28px\">Te guste o no la paella con chorizo, todos estamos de acuerdo en que, sea lo que sea que decidamos comer, queremos que sea bueno para nuestro cuerpo y nuestro planeta. Y queremos asegurarnos de que el agricultor que ha producido nuestra comida tiene un salario digno.  Ahora podemos hacerlo posible: la Uni\u00f3n Europea destina millones de euros a la producci\u00f3n agr\u00edcola. La pr\u00f3xima semana, los miembros del Parlamento Europeo votar\u00e1n c\u00f3mo debe gastarse este dinero. Creemos que los fondos de la UE para la agricultura deben gastarse de forma inteligente: <br><\/p>\n<\/div><\/div>\n\n\n\t<div data-cont>\n\t\t<div class=\"ce  ce-list high-green tc\">\n\t\t\n<div class=\"gouter \" style=\"\"><div class=\"greens-content blk_core_heading\">\n<h2>EN CONCRETO<\/h2>\n<\/div><\/div>\n\n<div class=\"gouter \" style=\"\"><div class=\"greens-content blk_core_list\">\n<ul><li style=\"font-size:28px;\" data-viewport>Financiando peque\u00f1os agricultores para que puedan competir en el mercado en vez de continuar cebando las grandes empresas, familias reales y macro-empresas que destrozan la tierra. <\/li><li style=\"font-size:28px;\" data-viewport>Usando los fondos de la UE para apoyar a los peque\u00f1os agricultores en la producci\u00f3n ecol\u00f3gica.<\/li><li style=\"font-size:28px;\" data-viewport>El dinero p\u00fablico debe usarse como incentivo para aquellos que trabajan respetando la tierra y los animales. Invirtiendo en agricultores locales apoyando as\u00ed nuestra econom\u00eda regional y estatal y evitando que la cadena de suministro de productos est\u00e9 ligada a largos viajes de miles de kil\u00f3metros.<\/li><\/ul>\n<\/div><\/div>\n\n<div class=\"gouter \" style=\"\"><div class=\"greens-content blk_core_paragraph\">\n<p><\/p>\n<\/div><\/div>\n\n\t\t<\/div>\n\t<\/div>\n\n<div class=\"gouter \" style=\"\"><div class=\"greens-content blk_core_paragraph\">\n<p style=\"font-size:28px\">Lamentablemente, los 3 grandes grupos pol\u00edticos en el Parlamento Europeo, junto a la Direcci\u00f3n General de Agricultura de la Comisi\u00f3n Europea, se han unido en contra de la naturaleza y los agricultores y han propuesto medidas destructivas y anticuadas. Pero \u00a1podemos cambiarlo!<br><br>Si tambi\u00e9n quieres que tu comida sea local y ecol\u00f3gica, producida por agricultores con salarios dignos, manda un mensaje a tus eurodiputados ahora! <br><br>Mete tu c\u00f3digo postal en el formulario de abajo para mandar un email a los eurodiputados de tu pa\u00eds.<\/p>\n<\/div><\/div>\n\n<div class=\"gouter \" style=\"\"><div class=\"greens-content blk_core_html\">\n<link href=\"https:\/\/actionnetwork.org\/css\/style-embed-v3.css\" rel=\"stylesheet\" type=\"text\/css\"><script src=\"https:\/\/actionnetwork.org\/widgets\/v3\/letter\/buenacomida?format=js&amp;source=widget\"><\/script><div id=\"can-letter-area-buenacomida\" style=\"width: 100%\"><!-- this div is the target for our HTML insertion --><\/div>\n<\/div><\/div>\n\n<div class=\"gouter \" style=\"\"><div class=\"greens-content blk_core_paragraph\">\n<p><\/p>\n<\/div><\/div>","protected":false},"excerpt":{"rendered":"<p>Te guste o no la paella con chorizo, todos estamos de acuerdo en que, sea lo que sea que decidamos comer, queremos que sea bueno para nuestro cuerpo y nuestro planeta. Y queremos asegurarnos de que el agricultor que ha producido nuestra comida tiene un salario digno. Ahora podemos hacerlo posible: la Uni\u00f3n Europea destina &hellip; <\/p>\n<p class=\"link-more\"><a href=\"https:\/\/www.greens-efa.eu\/dossier\/buenacomida\/\" class=\"more-link\">Continue reading<span class=\"screen-reader-text\"> &#8220;Buenacomida&#8221;<\/span><\/a><\/p>\n","protected":false},"author":2,"featured_media":3995,"parent":0,"menu_order":0,"comment_status":"closed","ping_status":"closed","template":"","meta":[],"yoast_head":"<!-- This site is optimized with the Yoast SEO plugin v19.6.1 - https:\/\/yoast.com\/wordpress\/plugins\/seo\/ -->\n<title>Buenacomida<\/title>\n<meta name=\"description\" content=\"\u00bfSab\u00edas que m\u00e1s de 30% del presupuesto europeo se usa para apoyar a los agricultores y financiar a la Pol\u00edtica Agr\u00edcola Com\u00fan? Deber\u00edamos poder decidir c\u00f3mo se gasta este dinero p\u00fablico! Si, como yo, quieres que nuestra comida sea ecol\u00f3gica, local, y producida por agricultores que ganan un sueldo digno, manda ya un email a tus Eurodiputados.\" \/>\n<meta name=\"robots\" content=\"index, follow, max-snippet:-1, max-image-preview:large, max-video-preview:-1\" \/>\n<link rel=\"canonical\" href=\"https:\/\/www.greens-efa.eu\/dossier\/buenacomida\/\" \/>\n<meta property=\"og:locale\" content=\"en_GB\" \/>\n<meta property=\"og:type\" content=\"article\" \/>\n<meta property=\"og:title\" content=\"Buenacomida\" \/>\n<meta property=\"og:description\" content=\"\u00bfSab\u00edas que m\u00e1s de 30% del presupuesto europeo se usa para apoyar a los agricultores y financiar a la Pol\u00edtica Agr\u00edcola Com\u00fan? Deber\u00edamos poder decidir c\u00f3mo se gasta este dinero p\u00fablico! Si, como yo, quieres que nuestra comida sea ecol\u00f3gica, local, y producida por agricultores que ganan un sueldo digno, manda ya un email a tus Eurodiputados.\" \/>\n<meta property=\"og:url\" content=\"https:\/\/www.greens-efa.eu\/dossier\/buenacomida\/\" \/>\n<meta property=\"og:site_name\" content=\"Greens\/EFA\" \/>\n<meta property=\"article:modified_time\" content=\"2020-10-15T14:42:11+00:00\" \/>\n<meta property=\"og:image\" content=\"https:\/\/www.greens-efa.eu\/dossier\/wp-content\/uploads\/2020\/09\/zoe-schaeffer-D_VjFp1ds1Y-unsplash.jpg\" \/>\n\t<meta property=\"og:image:width\" content=\"3000\" \/>\n\t<meta property=\"og:image:height\" content=\"2000\" \/>\n\t<meta property=\"og:image:type\" content=\"image\/jpeg\" \/>\n<meta name=\"twitter:card\" content=\"summary_large_image\" \/>\n<meta name=\"twitter:label1\" content=\"Estimated reading time\" \/>\n\t<meta name=\"twitter:data1\" content=\"1 minute\" \/>\n<script type=\"application\/ld+json\" class=\"yoast-schema-graph\">{\"@context\":\"https:\/\/schema.org\",\"@graph\":[{\"@type\":\"WebPage\",\"@id\":\"https:\/\/www.greens-efa.eu\/dossier\/buenacomida\/\",\"url\":\"https:\/\/www.greens-efa.eu\/dossier\/buenacomida\/\",\"name\":\"Buenacomida\",\"isPartOf\":{\"@id\":\"https:\/\/www.greens-efa.eu\/dossier\/#website\"},\"datePublished\":\"2020-10-09T10:31:42+00:00\",\"dateModified\":\"2020-10-15T14:42:11+00:00\",\"description\":\"\u00bfSab\u00edas que m\u00e1s de 30% del presupuesto europeo se usa para apoyar a los agricultores y financiar a la Pol\u00edtica Agr\u00edcola Com\u00fan? Deber\u00edamos poder decidir c\u00f3mo se gasta este dinero p\u00fablico! Si, como yo, quieres que nuestra comida sea ecol\u00f3gica, local, y producida por agricultores que ganan un sueldo digno, manda ya un email a tus Eurodiputados.\",\"breadcrumb\":{\"@id\":\"https:\/\/www.greens-efa.eu\/dossier\/buenacomida\/#breadcrumb\"},\"inLanguage\":\"en-GB\",\"potentialAction\":[{\"@type\":\"ReadAction\",\"target\":[\"https:\/\/www.greens-efa.eu\/dossier\/buenacomida\/\"]}]},{\"@type\":\"BreadcrumbList\",\"@id\":\"https:\/\/www.greens-efa.eu\/dossier\/buenacomida\/#breadcrumb\",\"itemListElement\":[{\"@type\":\"ListItem\",\"position\":1,\"name\":\"Home\",\"item\":\"https:\/\/www.greens-efa.eu\/dossier\/\"},{\"@type\":\"ListItem\",\"position\":2,\"name\":\"Buenacomida\"}]},{\"@type\":\"WebSite\",\"@id\":\"https:\/\/www.greens-efa.eu\/dossier\/#website\",\"url\":\"https:\/\/www.greens-efa.eu\/dossier\/\",\"name\":\"Greens\/EFA\",\"description\":\"Greens\/EFA\",\"potentialAction\":[{\"@type\":\"SearchAction\",\"target\":{\"@type\":\"EntryPoint\",\"urlTemplate\":\"https:\/\/www.greens-efa.eu\/dossier\/?s={search_term_string}\"},\"query-input\":\"required name=search_term_string\"}],\"inLanguage\":\"en-GB\"}]}<\/script>\n<!-- \/ Yoast SEO plugin. -->","yoast_head_json":{"title":"Buenacomida","description":"\u00bfSab\u00edas que m\u00e1s de 30% del presupuesto europeo se usa para apoyar a los agricultores y financiar a la Pol\u00edtica Agr\u00edcola Com\u00fan? Deber\u00edamos poder decidir c\u00f3mo se gasta este dinero p\u00fablico! Si, como yo, quieres que nuestra comida sea ecol\u00f3gica, local, y producida por agricultores que ganan un sueldo digno, manda ya un email a tus Eurodiputados.","robots":{"index":"index","follow":"follow","max-snippet":"max-snippet:-1","max-image-preview":"max-image-preview:large","max-video-preview":"max-video-preview:-1"},"canonical":"https:\/\/www.greens-efa.eu\/dossier\/buenacomida\/","og_locale":"en_GB","og_type":"article","og_title":"Buenacomida","og_description":"\u00bfSab\u00edas que m\u00e1s de 30% del presupuesto europeo se usa para apoyar a los agricultores y financiar a la Pol\u00edtica Agr\u00edcola Com\u00fan? Deber\u00edamos poder decidir c\u00f3mo se gasta este dinero p\u00fablico! Si, como yo, quieres que nuestra comida sea ecol\u00f3gica, local, y producida por agricultores que ganan un sueldo digno, manda ya un email a tus Eurodiputados.","og_url":"https:\/\/www.greens-efa.eu\/dossier\/buenacomida\/","og_site_name":"Greens\/EFA","article_modified_time":"2020-10-15T14:42:11+00:00","og_image":[{"width":3000,"height":2000,"url":"https:\/\/www.greens-efa.eu\/dossier\/wp-content\/uploads\/2020\/09\/zoe-schaeffer-D_VjFp1ds1Y-unsplash.jpg","type":"image\/jpeg"}],"twitter_card":"summary_large_image","twitter_misc":{"Estimated reading time":"1 minute"},"schema":{"@context":"https:\/\/schema.org","@graph":[{"@type":"WebPage","@id":"https:\/\/www.greens-efa.eu\/dossier\/buenacomida\/","url":"https:\/\/www.greens-efa.eu\/dossier\/buenacomida\/","name":"Buenacomida","isPartOf":{"@id":"https:\/\/www.greens-efa.eu\/dossier\/#website"},"datePublished":"2020-10-09T10:31:42+00:00","dateModified":"2020-10-15T14:42:11+00:00","description":"\u00bfSab\u00edas que m\u00e1s de 30% del presupuesto europeo se usa para apoyar a los agricultores y financiar a la Pol\u00edtica Agr\u00edcola Com\u00fan? Deber\u00edamos poder decidir c\u00f3mo se gasta este dinero p\u00fablico! Si, como yo, quieres que nuestra comida sea ecol\u00f3gica, local, y producida por agricultores que ganan un sueldo digno, manda ya un email a tus Eurodiputados.","breadcrumb":{"@id":"https:\/\/www.greens-efa.eu\/dossier\/buenacomida\/#breadcrumb"},"inLanguage":"en-GB","potentialAction":[{"@type":"ReadAction","target":["https:\/\/www.greens-efa.eu\/dossier\/buenacomida\/"]}]},{"@type":"BreadcrumbList","@id":"https:\/\/www.greens-efa.eu\/dossier\/buenacomida\/#breadcrumb","itemListElement":[{"@type":"ListItem","position":1,"name":"Home","item":"https:\/\/www.greens-efa.eu\/dossier\/"},{"@type":"ListItem","position":2,"name":"Buenacomida"}]},{"@type":"WebSite","@id":"https:\/\/www.greens-efa.eu\/dossier\/#website","url":"https:\/\/www.greens-efa.eu\/dossier\/","name":"Greens\/EFA","description":"Greens\/EFA","potentialAction":[{"@type":"SearchAction","target":{"@type":"EntryPoint","urlTemplate":"https:\/\/www.greens-efa.eu\/dossier\/?s={search_term_string}"},"query-input":"required name=search_term_string"}],"inLanguage":"en-GB"}]}},"_links":{"self":[{"href":"https:\/\/www.greens-efa.eu\/dossier\/wp-json\/wp\/v2\/pages\/4123"}],"collection":[{"href":"https:\/\/www.greens-efa.eu\/dossier\/wp-json\/wp\/v2\/pages"}],"about":[{"href":"https:\/\/www.greens-efa.eu\/dossier\/wp-json\/wp\/v2\/types\/page"}],"author":[{"embeddable":true,"href":"https:\/\/www.greens-efa.eu\/dossier\/wp-json\/wp\/v2\/users\/2"}],"replies":[{"embeddable":true,"href":"https:\/\/www.greens-efa.eu\/dossier\/wp-json\/wp\/v2\/comments?post=4123"}],"version-history":[{"count":19,"href":"https:\/\/www.greens-efa.eu\/dossier\/wp-json\/wp\/v2\/pages\/4123\/revisions"}],"predecessor-version":[{"id":4221,"href":"https:\/\/www.greens-efa.eu\/dossier\/wp-json\/wp\/v2\/pages\/4123\/revisions\/4221"}],"wp:featuredmedia":[{"embeddable":true,"href":"https:\/\/www.greens-efa.eu\/dossier\/wp-json\/wp\/v2\/media\/3995"}],"wp:attachment":[{"href":"https:\/\/www.greens-efa.eu\/dossier\/wp-json\/wp\/v2\/media?parent=4123"}],"curies":[{"name":"wp","href":"https:\/\/api.w.org\/{rel}","templated":true}]}}