{"id":4193,"date":"2020-10-14T11:07:01","date_gmt":"2020-10-14T11:07:01","guid":{"rendered":"https:\/\/www.greens-efa.eu\/dossier\/?page_id=4193"},"modified":"2020-10-23T06:30:35","modified_gmt":"2020-10-23T06:30:35","slug":"alimentation-de-qualite","status":"publish","type":"page","link":"https:\/\/www.greens-efa.eu\/dossier\/alimentation-de-qualite\/","title":{"rendered":"Une alimentation de qualit\u00e9"},"content":{"rendered":"<header id=\"headerc4\">\n    <script src=\"\/files\/layout\/plugins\/mmenu-js\/dist\/mmenu.js\"><\/script>\n    <link rel=\"stylesheet\" href=\"\/files\/greens_efa\/layout\/css\/font-awesome.min.css\">\n    <!--<link rel=\"stylesheet\" href=\"\/assets\/css\/hamburgers.css,mmenu.css,style_dossier.scss-4771d7d7.css\">-->\n    <link rel=\"stylesheet\" href=\"\/files\/layout\/css\/style_dossier_compiled.css\">\n\n    \n    <div class=\"inside containerc4\">\n    <a id=\"logo\" href=\"\/en\" style=\"background-image: url(\/files\/layout\/img\/logo\/greens_efa_en.svg);\"><\/a>\n    <!-- Top Navi multilang--><div id=\"nav-top\">\n    <!-- indexer::stop -->\n    <nav class=\"nav-menu\">\n    <ul class=\"level_1\">\n    <li class=\"submenu first drop-down\"><a href=\"\/en\/who-we-are\" title=\"Who we are\" class=\"submenu trail first drop-down\" aria-haspopup=\"true\" itemprop=\"url\"><span itemprop=\"name\">Who we are<\/span><\/a>\n    <ul class=\"level_2\">\n    <li class=\"first\"><a href=\"\/en\/who-we-are\/our-group\" title=\"Our Group\" class=\"active first\" itemprop=\"url\"><span itemprop=\"name\">Our Group<\/span><\/a><\/li>\n    <li class=\"sibling\"><a href=\"\/en\/who-we-are\/our-meps\" title=\"Our MEPS\" class=\"sibling\" itemprop=\"url\"><span itemprop=\"name\">Our MEPS<\/span><\/a><\/li>\n    <li class=\"sibling\"><a href=\"\/en\/who-we-are\/our-staff\" title=\"Our staff\" class=\"sibling\" itemprop=\"url\"><span itemprop=\"name\">Our staff<\/span><\/a><\/li>\n    <li class=\"sibling last\"><a href=\"\/en\/who-we-are\/our-history\" title=\"Our history\" class=\"sibling last\" itemprop=\"url\"><span itemprop=\"name\">Our history<\/span><\/a><\/li>\n    <\/ul>\n    <\/li>\n    <li class=\"submenu drop-down\"><a href=\"\/en\/what-we-stand-for\" title=\"What we stand for\" class=\"submenu drop-down\" aria-haspopup=\"true\" itemprop=\"url\"><span itemprop=\"name\">What we stand for<\/span><\/a>\n    <ul class=\"level_2\">\n    <li class=\"first\"><a href=\"https:\/\/www.greens-efa.eu\/dossier\/what-world-do-we-want-to-return-to\/\" title=\"Our recovery plan\" class=\"first\" target=\"_blank\" rel=\"noreferrer noopener\" itemprop=\"url\"><span itemprop=\"name\">Our recovery plan<\/span><\/a><\/li>\n    <li class=\"\"><a href=\"\/en\/what-we-stand-for\/our-vision\" title=\"Our vision\" itemprop=\"url\"><span itemprop=\"name\">Our vision<\/span><\/a><\/li>\n    <li class=\"\"><a href=\"\/en\/what-we-stand-for\/our-publications\" title=\"Our publications\" itemprop=\"url\"><span itemprop=\"name\">Our publications<\/span><\/a><\/li>\n    <li class=\"last\"><a href=\"\/en\/what-we-stand-for\/our-transparency\" title=\"Our transparency\" class=\"last\" itemprop=\"url\"><span itemprop=\"name\">Our transparency<\/span><\/a><\/li>\n    <\/ul>\n    <\/li>\n    <li class=\"submenu drop-down\"><a href=\"\/en\/fighting-for-you\" title=\"Fighting for you\" class=\"submenu drop-down\" aria-haspopup=\"true\" itemprop=\"url\"><span itemprop=\"name\">Fighting for you<\/span><\/a>\n    <ul class=\"level_2\">\n    <li class=\"first\"><a href=\"\/en\/fighting-for-you\/our-campaigns\" title=\"Our campaigns\" class=\"first\" itemprop=\"url\"><span itemprop=\"name\">Our campaigns<\/span><\/a><\/li>\n    <li class=\"\"><a href=\"https:\/\/www.greens2019.eu\/home\/achievements\/\" title=\"Our achievements\" target=\"_blank\" rel=\"noreferrer noopener\" itemprop=\"url\"><span itemprop=\"name\">Our achievements<\/span><\/a><\/li>\n    <li class=\"\"><a href=\"https:\/\/www.greens-efa.eu\/dossier\/eil\/\" title=\"EUROPEAN IDEAS LAB\" itemprop=\"url\"><span itemprop=\"name\">European Ideas Lab<\/span><\/a><\/li>\n    <li class=\"last\"><a href=\"\/en\/fighting-for-you\/our-parliamentary-work\" title=\"Our parliamentary work\" class=\"last\" itemprop=\"url\"><span itemprop=\"name\">Our parliamentary work<\/span><\/a><\/li>\n    <\/ul>\n    <\/li>\n    <li class=\"submenu drop-down\"><a href=\"\/en\/newsroom\" title=\"Newsroom\" class=\"submenu drop-down\" aria-haspopup=\"true\" itemprop=\"url\"><span itemprop=\"name\">Newsroom<\/span><\/a>\n    <ul class=\"level_2\">\n    <li class=\"first\"><a href=\"\/en\/newsroom\/press-releases\" title=\"Press releases\" class=\"first\" itemprop=\"url\"><span itemprop=\"name\">Press releases<\/span><\/a><\/li>\n    <li class=\"\"><a href=\"\/en\/newsroom\/opinions\" title=\"Opinions\" itemprop=\"url\"><span itemprop=\"name\">Opinions<\/span><\/a><\/li>\n    <li class=\"\"><a href=\"\/en\/newsroom\/videos\" title=\"Videos\" itemprop=\"url\"><span itemprop=\"name\">Videos<\/span><\/a><\/li>\n    <li class=\"\"><a href=\"\/en\/who-we-are\/press-contacts\" title=\"Press contacts\" itemprop=\"url\"><span itemprop=\"name\">Press contacts<\/span><\/a><\/li>\n    <li class=\"last\"><a href=\"\/en\/newsroom\/press-subscription\" title=\"Press subscription\" class=\"last\" itemprop=\"url\"><span itemprop=\"name\">Press subscription<\/span><\/a><\/li>\n    <\/ul>\n    <\/li>\n    <li class=\"submenu last drop-down\"><a href=\"\/en\/get-involved\" title=\"Get involved\" class=\"submenu last drop-down\" aria-haspopup=\"true\" itemprop=\"url\"><span itemprop=\"name\">Get involved<\/span><\/a>\n    <ul class=\"level_2\">\n    <li class=\"first\"><a href=\"https:\/\/act.greens-efa.eu\/\" title=\"Take action\" class=\"first\" itemprop=\"url\"><span itemprop=\"name\">Take action<\/span><\/a><\/li>\n    <li class=\"\"><a href=\"\/en\/get-involved\/subscribe\" title=\"Subscribe\" itemprop=\"url\"><span itemprop=\"name\">Subscribe<\/span><\/a><\/li>\n    <li class=\"\"><a href=\"\/en\/get-involved\/our-events\" title=\"Our events\" itemprop=\"url\"><span itemprop=\"name\">Our events<\/span><\/a><\/li>\n    <li class=\"\"><a href=\"\/en\/get-involved\/work-with-us\" title=\"Work with us\" itemprop=\"url\"><span itemprop=\"name\">Work with us<\/span><\/a><\/li>\n    <li class=\"last\"><a href=\"\/en\/get-involved\/contact-us\" title=\"Contact us\" class=\"last\" itemprop=\"url\"><span itemprop=\"name\">Contact us<\/span><\/a><\/li>\n    <\/ul>\n    <\/li>\n    <\/ul>\n    <\/nav>\n    <!-- indexer::continue -->\n    <\/div>\n    <div id=\"nav-top-right\">\n    <div id=\"nav-icons\" class=\"d-none d-sm-block\">\n    <a href=\"\/en\/search\"><i class=\"fa fa-search fa-md pr-2 pr-lg-1 pr-xl-2\"><\/i><\/a>\n    <i class=\"fa fa-facebook fa-md fa-rounded\" data-href=\"https:\/\/www.facebook.com\/greensefa\" data-target=\"_blank\"><\/i>\n    <i class=\"fa fa-twitter fa-md fa-rounded\" data-href=\"https:\/\/twitter.com\/GreensEFA\" data-target=\"_blank\"><\/i>\n    <i class=\"fa fa-instagram fa-md fa-rounded\" data-href=\"https:\/\/www.instagram.com\/greensefa\/\" data-target=\"_blank\"><\/i>\n    <i class=\"fa fa-youtube fa-md fa-rounded\" data-href=\"https:\/\/www.youtube.com\/channel\/UC9emZ4AlBYk7tp5zeYfjRfg\" data-target=\"_blank\"><\/i>\n    <!--<i class=\"fa fa-plus fa-md fa-bordered fa-pos-fix\"><\/i>-->\n    <\/div>\n\n    <\/div>\n    <div id=\"nav-mobile\">\n    <div id=\"nav-mobile-btn\" class=\"hamburger hamburger--collapse\" type=\"button\">\n    <div class=\"hamburger-box\">\n    <div class=\"hamburger-inner\"><\/div>\n    <\/div>\n    <\/div>\n    <\/div>\n    <\/div>\n\n    <script>\n        (function($){\n\n            \/\/ Mobile navigation\n    $( \".nav-menu\" ).clone().appendTo( \"body\" ).addClass('nav-menu-mobile');\n    $('.nav-menu-mobile').mmenu({\n        slidingSubmenus: false,\n        navbars: [{\n            position: 'bottom',\n            content: [\n                '<i class=\"fa fa-facebook fa-md mt-2\" data-href=\"https:\/\/www.facebook.com\/greensefa\" data-target=\"_blank\"><\/i>',\n                '<i class=\"fa fa-twitter fa-md mt-2\" data-href=\"https:\/\/twitter.com\/GreensEFA\" data-target=\"_blank\"><\/i>',\n                '<i class=\"fa fa-instagram fa-md mt-2\" data-href=\"https:\/\/www.instagram.com\/greensefa\/\" data-target=\"_blank\"><\/i>',\n                '<i class=\"fa fa-youtube fa-md mt-2\" data-href=\"https:\/\/www.youtube.com\/channel\/UC9emZ4AlBYk7tp5zeYfjRfg\" data-target=\"_blank\"><\/i>',\n            ]\n        }],\n        \"extensions\": [\n          \"position-right\",\n          \"theme-dark\"\n       ]\n    });\n    var API = $(\"#mm-0\").data( \"mmenu\" );\n    var $icon = $(\"#nav-mobile-btn\");\n    $icon.click(function() {\n        API.open();\n    });\n    API.bind( \"open:finish\", function() {\n        setTimeout(function() {\n          $icon.addClass( \"is-active\" );\n        }, 100);\n    });\n    API.bind( \"close:finish\", function() {\n       setTimeout(function() {\n          $icon.removeClass( \"is-active\" );\n       }, 100);\n    });\n\n        })(jQuery)\n    <\/script>\n    <\/header>\n\n\n\t<div data-cont>\n\t\t\n\t<div class=\"vph pat_0 z10 \" \n\t\t\tdata-adders=\"1.0;pfixed;|2.5;pab_0\">\n\t\t\t<div class=\"txt z8 \">\n\t\t<div class=\"facts ani tc ani-triple-top fs-subline uc\" \n\t\t\tdata-adders=\"0.6;do|2.0;do color-white\"  \n\t\t\tdata-sizer-param=\"padding-top\" data-sizer-vpt-start=\"1.5\" data-sizer-vpt-end=\"2\"  data-sizer-from=\"0.5\" data-sizer-to=\"0.2\">\n\t\t\t\t<span class=\"e0\">Interpellez<\/span>\n\t\t<span class=\"e1\">vos<\/span>\n\t\t<span class=\"e2\">eurod\u00e9put\u00e9.es<\/span>\n\t\t<\/div>\n\t<\/div>\n\t\t\t<div class=\"z8 pat_0 first\" >\n\t\t\t\t<div class=\"hl-mid  tc fs-medium z8\"  style=\"color:#ffffff;\" \n\t\t\t\t\tdata-sizer-param=\"padding-top\" data-sizer-vpt-start=\"1.5\" data-sizer-vpt-end=\"2.0\" data-sizer-from=\"1\" data-sizer-to=\"0.4\">\n\t\t\t\t\t\n\t\t\t\t<\/div>\n\t\t\t\t<div class=\"hl-mid  tc fs-medium z8\"  style=\"color:#ffffff;\" \n\t\t\t\t\tdata-sizer-param=\"padding-top\" data-sizer-vpt-start=\"1.5\" data-sizer-vpt-end=\"2.0\" data-sizer-from=\"1\" data-sizer-to=\"0.0\">\n\t\t\t\t\tUne alimentation de qualit\u00e9 pour tou.te.s !<br>\n\t\t\t\t<\/div>\n\t\t\t<\/div>\n\t\t\t\n\t\t\t\n\n\t\t\t<div class=\"z5 pat_100 vph bg-topic \"  style=\"background-image: url(https:\/\/www.greens-efa.eu\/dossier\/wp-content\/uploads\/2020\/10\/markus-winkler-ncMDqd_tDsQ-unsplash.jpg);\" data-sizer-param=\"top\" data-sizer-vpt-start=\"1.5\" data-sizer-vpt-end=\"2.0\" data-sizer-from=\"1\" data-sizer-to=\"0\"><\/div>\n\n\t\t\t\n\t\t<\/div>\n\t\t\n\t\t<div class=\"vph\"><\/div><div class=\"vph\"><\/div><div class=\"vphalf\"><\/div>\n\t<\/div>\n\n<div style=\"height:30px; background:transparent; display:block;\" class=\"spacer\"><\/div>\n\n<div class=\"gouter wp-block-button aligncenter\" style=\"\"><div class=\"greens-content blk_core_html\">\n<div class=\"wp-block-button aligncenter\"><a class=\"wp-block-button__link has-text-color has-white-color\" href=\"https:\/\/www.greens-efa.eu\/dossier\/alimentation-de-qualite\/#act\"><strong>Interpellez vos eurod\u00e9put\u00e9.es<\/strong><\/a><\/div>\n<\/div><\/div>\n\n<div class=\"gouter \" style=\"\"><div class=\"greens-content blk_core_paragraph\">\n<p style=\"font-size:28px\">Nous voulons que notre alimentation soit bonne et saine, pour nous comme pour la plan\u00e8te. Mais nous voulons aussi \u00eatre s\u00fbr.e.s que la\/le paysan.ne qui la produit re\u00e7oive un salaire juste et d\u00e9cent!<br><br>Ces exigences ne font pas partie du projet que les d\u00e9put\u00e9.e.s europ\u00e9en.ne.s voteront demain, apr\u00e8s une semaine de tractations sur le contenu de la nouvelle Politique Agricole Commune. L\u2019Union europ\u00e9enne d\u00e9pense des milliards en subventions pour l\u2019agriculture et l\u2019alimentation &#8211; et demain, les d\u00e9put\u00e9.e.s pourraient adopter une r\u00e9forme qui n&#8217;en a que le nom.<br><br>Nous pensons que l&#8217;agriculture europ\u00e9enne ne peut rester la m\u00eame qu&#8217;au XX\u00e8me si\u00e8cle.<br><br>Malheureusement, les 3 plus grands groupes politiques du Parlement europ\u00e9en, main dans la main avec la Direction g\u00e9n\u00e9rale de l&#8217;agriculture de la Commission europ\u00e9enne, ont d\u00e9cid\u00e9 de s&#8217;unir contre la nature et les paysan\/ne.s en avan\u00e7ant des propositions destructrices et d\u00e9pass\u00e9es. Mais nous pouvons changer les choses !<\/p>\n<\/div><\/div>\n\n<div class=\"gouter \" style=\"\"><div class=\"greens-content blk_core_paragraph\">\n<p style=\"font-size:28px\">Malheureusement, les 3 plus grands groupes politiques du Parlement europ\u00e9en, main dans la main avec la Direction g\u00e9n\u00e9rale de l&#8217;agriculture de la Commission europ\u00e9enne, ont d\u00e9cid\u00e9 de s&#8217;unir contre la nature et les paysan\/ne.s en avan\u00e7ant des propositions destructrices et d\u00e9pass\u00e9es. Mais nous pouvons changer les choses !<\/p>\n<\/div><\/div>\n\n<div class=\"gouter \" style=\"\"><div class=\"greens-content blk_core_paragraph\">\n<p style=\"font-size:28px\">Si vous voulez \u00e9galement que votre alimentation soit \u00e9cologique, locale et produite par des agricultrice\/eur.s qui gagnent un salaire digne, envoyez un courriel \u00e0 vos d\u00e9put\u00e9.e.s d\u00e8s maintenant pour lui demander de rejeter le texte final de la PAC! Inscrivez votre code postal dans le formulaire ci-dessous et cliquez sur \u201cenvoyer\u201d pour envoyer un e-mail aux d\u00e9put\u00e9.e.s de votre <a id=\"act\">pays.<\/a> <br><\/p>\n<\/div><\/div>\n\n<div class=\"gouter \" style=\"\"><div class=\"greens-content blk_core_html\">\n<link href=\"https:\/\/actionnetwork.org\/css\/style-embed-v3.css\" rel=\"stylesheet\" type=\"text\/css\"><script src=\"https:\/\/actionnetwork.org\/widgets\/v3\/letter\/we-want-good-food-2?format=js&amp;source=widget\"><\/script><div id=\"can-letter-area-we-want-good-food-2\" style=\"width: 100%\"><!-- this div is the target for our HTML insertion --><\/div>\n<\/div><\/div>\n\n<div class=\"gouter \" style=\"\"><div class=\"greens-content blk_core_paragraph\">\n<p><\/p>\n<\/div><\/div>","protected":false},"excerpt":{"rendered":"<p>Interpellez vos eurod\u00e9put\u00e9.es Nous voulons que notre alimentation soit bonne et saine, pour nous comme pour la plan\u00e8te. Mais nous voulons aussi \u00eatre s\u00fbr.e.s que la\/le paysan.ne qui la produit re\u00e7oive un salaire juste et d\u00e9cent! Ces exigences ne font pas partie du projet que les d\u00e9put\u00e9.e.s europ\u00e9en.ne.s voteront demain, apr\u00e8s une semaine de tractations &hellip; <\/p>\n<p class=\"link-more\"><a href=\"https:\/\/www.greens-efa.eu\/dossier\/alimentation-de-qualite\/\" class=\"more-link\">Continue reading<span class=\"screen-reader-text\"> &#8220;Une alimentation de qualit\u00e9&#8221;<\/span><\/a><\/p>\n","protected":false},"author":2,"featured_media":3995,"parent":0,"menu_order":0,"comment_status":"closed","ping_status":"closed","template":"","meta":[],"yoast_head":"<!-- This site is optimized with the Yoast SEO plugin v19.6.1 - https:\/\/yoast.com\/wordpress\/plugins\/seo\/ -->\n<title>Une alimentation de qualit\u00e9<\/title>\n<meta name=\"description\" content=\"Pour une alimentation saine, financez les petits paysans!\" \/>\n<meta name=\"robots\" content=\"index, follow, max-snippet:-1, max-image-preview:large, max-video-preview:-1\" \/>\n<link rel=\"canonical\" href=\"https:\/\/www.greens-efa.eu\/dossier\/alimentation-de-qualite\/\" \/>\n<meta property=\"og:locale\" content=\"en_GB\" \/>\n<meta property=\"og:type\" content=\"article\" \/>\n<meta property=\"og:title\" content=\"Une alimentation de qualit\u00e9\" \/>\n<meta property=\"og:description\" content=\"Pour une alimentation saine, financez les petits paysans!\" \/>\n<meta property=\"og:url\" content=\"https:\/\/www.greens-efa.eu\/dossier\/alimentation-de-qualite\/\" \/>\n<meta property=\"og:site_name\" content=\"Greens\/EFA\" \/>\n<meta property=\"article:modified_time\" content=\"2020-10-23T06:30:35+00:00\" \/>\n<meta property=\"og:image\" content=\"https:\/\/www.greens-efa.eu\/dossier\/wp-content\/uploads\/2020\/09\/zoe-schaeffer-D_VjFp1ds1Y-unsplash.jpg\" \/>\n\t<meta property=\"og:image:width\" content=\"3000\" \/>\n\t<meta property=\"og:image:height\" content=\"2000\" \/>\n\t<meta property=\"og:image:type\" content=\"image\/jpeg\" \/>\n<meta name=\"twitter:card\" content=\"summary_large_image\" \/>\n<meta name=\"twitter:label1\" content=\"Estimated reading time\" \/>\n\t<meta name=\"twitter:data1\" content=\"2 minutes\" \/>\n<script type=\"application\/ld+json\" class=\"yoast-schema-graph\">{\"@context\":\"https:\/\/schema.org\",\"@graph\":[{\"@type\":\"WebPage\",\"@id\":\"https:\/\/www.greens-efa.eu\/dossier\/alimentation-de-qualite\/\",\"url\":\"https:\/\/www.greens-efa.eu\/dossier\/alimentation-de-qualite\/\",\"name\":\"Une alimentation de qualit\u00e9\",\"isPartOf\":{\"@id\":\"https:\/\/www.greens-efa.eu\/dossier\/#website\"},\"datePublished\":\"2020-10-14T11:07:01+00:00\",\"dateModified\":\"2020-10-23T06:30:35+00:00\",\"description\":\"Pour une alimentation saine, financez les petits paysans!\",\"breadcrumb\":{\"@id\":\"https:\/\/www.greens-efa.eu\/dossier\/alimentation-de-qualite\/#breadcrumb\"},\"inLanguage\":\"en-GB\",\"potentialAction\":[{\"@type\":\"ReadAction\",\"target\":[\"https:\/\/www.greens-efa.eu\/dossier\/alimentation-de-qualite\/\"]}]},{\"@type\":\"BreadcrumbList\",\"@id\":\"https:\/\/www.greens-efa.eu\/dossier\/alimentation-de-qualite\/#breadcrumb\",\"itemListElement\":[{\"@type\":\"ListItem\",\"position\":1,\"name\":\"Home\",\"item\":\"https:\/\/www.greens-efa.eu\/dossier\/\"},{\"@type\":\"ListItem\",\"position\":2,\"name\":\"Une alimentation de qualit\u00e9\"}]},{\"@type\":\"WebSite\",\"@id\":\"https:\/\/www.greens-efa.eu\/dossier\/#website\",\"url\":\"https:\/\/www.greens-efa.eu\/dossier\/\",\"name\":\"Greens\/EFA\",\"description\":\"Greens\/EFA\",\"potentialAction\":[{\"@type\":\"SearchAction\",\"target\":{\"@type\":\"EntryPoint\",\"urlTemplate\":\"https:\/\/www.greens-efa.eu\/dossier\/?s={search_term_string}\"},\"query-input\":\"required name=search_term_string\"}],\"inLanguage\":\"en-GB\"}]}<\/script>\n<!-- \/ Yoast SEO plugin. -->","yoast_head_json":{"title":"Une alimentation de qualit\u00e9","description":"Pour une alimentation saine, financez les petits paysans!","robots":{"index":"index","follow":"follow","max-snippet":"max-snippet:-1","max-image-preview":"max-image-preview:large","max-video-preview":"max-video-preview:-1"},"canonical":"https:\/\/www.greens-efa.eu\/dossier\/alimentation-de-qualite\/","og_locale":"en_GB","og_type":"article","og_title":"Une alimentation de qualit\u00e9","og_description":"Pour une alimentation saine, financez les petits paysans!","og_url":"https:\/\/www.greens-efa.eu\/dossier\/alimentation-de-qualite\/","og_site_name":"Greens\/EFA","article_modified_time":"2020-10-23T06:30:35+00:00","og_image":[{"width":3000,"height":2000,"url":"https:\/\/www.greens-efa.eu\/dossier\/wp-content\/uploads\/2020\/09\/zoe-schaeffer-D_VjFp1ds1Y-unsplash.jpg","type":"image\/jpeg"}],"twitter_card":"summary_large_image","twitter_misc":{"Estimated reading time":"2 minutes"},"schema":{"@context":"https:\/\/schema.org","@graph":[{"@type":"WebPage","@id":"https:\/\/www.greens-efa.eu\/dossier\/alimentation-de-qualite\/","url":"https:\/\/www.greens-efa.eu\/dossier\/alimentation-de-qualite\/","name":"Une alimentation de qualit\u00e9","isPartOf":{"@id":"https:\/\/www.greens-efa.eu\/dossier\/#website"},"datePublished":"2020-10-14T11:07:01+00:00","dateModified":"2020-10-23T06:30:35+00:00","description":"Pour une alimentation saine, financez les petits paysans!","breadcrumb":{"@id":"https:\/\/www.greens-efa.eu\/dossier\/alimentation-de-qualite\/#breadcrumb"},"inLanguage":"en-GB","potentialAction":[{"@type":"ReadAction","target":["https:\/\/www.greens-efa.eu\/dossier\/alimentation-de-qualite\/"]}]},{"@type":"BreadcrumbList","@id":"https:\/\/www.greens-efa.eu\/dossier\/alimentation-de-qualite\/#breadcrumb","itemListElement":[{"@type":"ListItem","position":1,"name":"Home","item":"https:\/\/www.greens-efa.eu\/dossier\/"},{"@type":"ListItem","position":2,"name":"Une alimentation de qualit\u00e9"}]},{"@type":"WebSite","@id":"https:\/\/www.greens-efa.eu\/dossier\/#website","url":"https:\/\/www.greens-efa.eu\/dossier\/","name":"Greens\/EFA","description":"Greens\/EFA","potentialAction":[{"@type":"SearchAction","target":{"@type":"EntryPoint","urlTemplate":"https:\/\/www.greens-efa.eu\/dossier\/?s={search_term_string}"},"query-input":"required name=search_term_string"}],"inLanguage":"en-GB"}]}},"_links":{"self":[{"href":"https:\/\/www.greens-efa.eu\/dossier\/wp-json\/wp\/v2\/pages\/4193"}],"collection":[{"href":"https:\/\/www.greens-efa.eu\/dossier\/wp-json\/wp\/v2\/pages"}],"about":[{"href":"https:\/\/www.greens-efa.eu\/dossier\/wp-json\/wp\/v2\/types\/page"}],"author":[{"embeddable":true,"href":"https:\/\/www.greens-efa.eu\/dossier\/wp-json\/wp\/v2\/users\/2"}],"replies":[{"embeddable":true,"href":"https:\/\/www.greens-efa.eu\/dossier\/wp-json\/wp\/v2\/comments?post=4193"}],"version-history":[{"count":20,"href":"https:\/\/www.greens-efa.eu\/dossier\/wp-json\/wp\/v2\/pages\/4193\/revisions"}],"predecessor-version":[{"id":4282,"href":"https:\/\/www.greens-efa.eu\/dossier\/wp-json\/wp\/v2\/pages\/4193\/revisions\/4282"}],"wp:featuredmedia":[{"embeddable":true,"href":"https:\/\/www.greens-efa.eu\/dossier\/wp-json\/wp\/v2\/media\/3995"}],"wp:attachment":[{"href":"https:\/\/www.greens-efa.eu\/dossier\/wp-json\/wp\/v2\/media?parent=4193"}],"curies":[{"name":"wp","href":"https:\/\/api.w.org\/{rel}","templated":true}]}}