{"id":4537,"date":"2020-10-27T17:59:24","date_gmt":"2020-10-27T17:59:24","guid":{"rendered":"https:\/\/www.greens-efa.eu\/dossier\/?page_id=4537"},"modified":"2020-10-28T11:19:34","modified_gmt":"2020-10-28T11:19:34","slug":"retirez-cette-pac","status":"publish","type":"page","link":"https:\/\/www.greens-efa.eu\/dossier\/retirez-cette-pac\/","title":{"rendered":"retirez cette PAC !"},"content":{"rendered":"<header id=\"headerc4\">\n    <script src=\"\/files\/layout\/plugins\/mmenu-js\/dist\/mmenu.js\"><\/script>\n    <link rel=\"stylesheet\" href=\"\/files\/greens_efa\/layout\/css\/font-awesome.min.css\">\n    <!--<link rel=\"stylesheet\" href=\"\/assets\/css\/hamburgers.css,mmenu.css,style_dossier.scss-4771d7d7.css\">-->\n    <link rel=\"stylesheet\" href=\"\/files\/layout\/css\/style_dossier_compiled.css\">\n\n    \n    <div class=\"inside containerc4\">\n    <a id=\"logo\" href=\"\/en\" style=\"background-image: url(\/files\/layout\/img\/logo\/greens_efa_en.svg);\"><\/a>\n    <!-- Top Navi multilang--><div id=\"nav-top\">\n    <!-- indexer::stop -->\n    <nav class=\"nav-menu\">\n    <ul class=\"level_1\">\n    <li class=\"submenu first drop-down\"><a href=\"\/en\/who-we-are\" title=\"Who we are\" class=\"submenu trail first drop-down\" aria-haspopup=\"true\" itemprop=\"url\"><span itemprop=\"name\">Who we are<\/span><\/a>\n    <ul class=\"level_2\">\n    <li class=\"first\"><a href=\"\/en\/who-we-are\/our-group\" title=\"Our Group\" class=\"active first\" itemprop=\"url\"><span itemprop=\"name\">Our Group<\/span><\/a><\/li>\n    <li class=\"sibling\"><a href=\"\/en\/who-we-are\/our-meps\" title=\"Our MEPS\" class=\"sibling\" itemprop=\"url\"><span itemprop=\"name\">Our MEPS<\/span><\/a><\/li>\n    <li class=\"sibling\"><a href=\"\/en\/who-we-are\/our-staff\" title=\"Our staff\" class=\"sibling\" itemprop=\"url\"><span itemprop=\"name\">Our staff<\/span><\/a><\/li>\n    <li class=\"sibling last\"><a href=\"\/en\/who-we-are\/our-history\" title=\"Our history\" class=\"sibling last\" itemprop=\"url\"><span itemprop=\"name\">Our history<\/span><\/a><\/li>\n    <\/ul>\n    <\/li>\n    <li class=\"submenu drop-down\"><a href=\"\/en\/what-we-stand-for\" title=\"What we stand for\" class=\"submenu drop-down\" aria-haspopup=\"true\" itemprop=\"url\"><span itemprop=\"name\">What we stand for<\/span><\/a>\n    <ul class=\"level_2\">\n    <li class=\"first\"><a href=\"https:\/\/www.greens-efa.eu\/dossier\/what-world-do-we-want-to-return-to\/\" title=\"Our recovery plan\" class=\"first\" target=\"_blank\" rel=\"noreferrer noopener\" itemprop=\"url\"><span itemprop=\"name\">Our recovery plan<\/span><\/a><\/li>\n    <li class=\"\"><a href=\"\/en\/what-we-stand-for\/our-vision\" title=\"Our vision\" itemprop=\"url\"><span itemprop=\"name\">Our vision<\/span><\/a><\/li>\n    <li class=\"\"><a href=\"\/en\/what-we-stand-for\/our-publications\" title=\"Our publications\" itemprop=\"url\"><span itemprop=\"name\">Our publications<\/span><\/a><\/li>\n    <li class=\"last\"><a href=\"\/en\/what-we-stand-for\/our-transparency\" title=\"Our transparency\" class=\"last\" itemprop=\"url\"><span itemprop=\"name\">Our transparency<\/span><\/a><\/li>\n    <\/ul>\n    <\/li>\n    <li class=\"submenu drop-down\"><a href=\"\/en\/fighting-for-you\" title=\"Fighting for you\" class=\"submenu drop-down\" aria-haspopup=\"true\" itemprop=\"url\"><span itemprop=\"name\">Fighting for you<\/span><\/a>\n    <ul class=\"level_2\">\n    <li class=\"first\"><a href=\"\/en\/fighting-for-you\/our-campaigns\" title=\"Our campaigns\" class=\"first\" itemprop=\"url\"><span itemprop=\"name\">Our campaigns<\/span><\/a><\/li>\n    <li class=\"\"><a href=\"https:\/\/www.greens2019.eu\/home\/achievements\/\" title=\"Our achievements\" target=\"_blank\" rel=\"noreferrer noopener\" itemprop=\"url\"><span itemprop=\"name\">Our achievements<\/span><\/a><\/li>\n    <li class=\"\"><a href=\"https:\/\/www.greens-efa.eu\/dossier\/eil\/\" title=\"EUROPEAN IDEAS LAB\" itemprop=\"url\"><span itemprop=\"name\">European Ideas Lab<\/span><\/a><\/li>\n    <li class=\"last\"><a href=\"\/en\/fighting-for-you\/our-parliamentary-work\" title=\"Our parliamentary work\" class=\"last\" itemprop=\"url\"><span itemprop=\"name\">Our parliamentary work<\/span><\/a><\/li>\n    <\/ul>\n    <\/li>\n    <li class=\"submenu drop-down\"><a href=\"\/en\/newsroom\" title=\"Newsroom\" class=\"submenu drop-down\" aria-haspopup=\"true\" itemprop=\"url\"><span itemprop=\"name\">Newsroom<\/span><\/a>\n    <ul class=\"level_2\">\n    <li class=\"first\"><a href=\"\/en\/newsroom\/press-releases\" title=\"Press releases\" class=\"first\" itemprop=\"url\"><span itemprop=\"name\">Press releases<\/span><\/a><\/li>\n    <li class=\"\"><a href=\"\/en\/newsroom\/opinions\" title=\"Opinions\" itemprop=\"url\"><span itemprop=\"name\">Opinions<\/span><\/a><\/li>\n    <li class=\"\"><a href=\"\/en\/newsroom\/videos\" title=\"Videos\" itemprop=\"url\"><span itemprop=\"name\">Videos<\/span><\/a><\/li>\n    <li class=\"\"><a href=\"\/en\/who-we-are\/press-contacts\" title=\"Press contacts\" itemprop=\"url\"><span itemprop=\"name\">Press contacts<\/span><\/a><\/li>\n    <li class=\"last\"><a href=\"\/en\/newsroom\/press-subscription\" title=\"Press subscription\" class=\"last\" itemprop=\"url\"><span itemprop=\"name\">Press subscription<\/span><\/a><\/li>\n    <\/ul>\n    <\/li>\n    <li class=\"submenu last drop-down\"><a href=\"\/en\/get-involved\" title=\"Get involved\" class=\"submenu last drop-down\" aria-haspopup=\"true\" itemprop=\"url\"><span itemprop=\"name\">Get involved<\/span><\/a>\n    <ul class=\"level_2\">\n    <li class=\"first\"><a href=\"https:\/\/act.greens-efa.eu\/\" title=\"Take action\" class=\"first\" itemprop=\"url\"><span itemprop=\"name\">Take action<\/span><\/a><\/li>\n    <li class=\"\"><a href=\"\/en\/get-involved\/subscribe\" title=\"Subscribe\" itemprop=\"url\"><span itemprop=\"name\">Subscribe<\/span><\/a><\/li>\n    <li class=\"\"><a href=\"\/en\/get-involved\/our-events\" title=\"Our events\" itemprop=\"url\"><span itemprop=\"name\">Our events<\/span><\/a><\/li>\n    <li class=\"\"><a href=\"\/en\/get-involved\/work-with-us\" title=\"Work with us\" itemprop=\"url\"><span itemprop=\"name\">Work with us<\/span><\/a><\/li>\n    <li class=\"last\"><a href=\"\/en\/get-involved\/contact-us\" title=\"Contact us\" class=\"last\" itemprop=\"url\"><span itemprop=\"name\">Contact us<\/span><\/a><\/li>\n    <\/ul>\n    <\/li>\n    <\/ul>\n    <\/nav>\n    <!-- indexer::continue -->\n    <\/div>\n    <div id=\"nav-top-right\">\n    <div id=\"nav-icons\" class=\"d-none d-sm-block\">\n    <a href=\"\/en\/search\"><i class=\"fa fa-search fa-md pr-2 pr-lg-1 pr-xl-2\"><\/i><\/a>\n    <i class=\"fa fa-facebook fa-md fa-rounded\" data-href=\"https:\/\/www.facebook.com\/greensefa\" data-target=\"_blank\"><\/i>\n    <i class=\"fa fa-twitter fa-md fa-rounded\" data-href=\"https:\/\/twitter.com\/GreensEFA\" data-target=\"_blank\"><\/i>\n    <i class=\"fa fa-instagram fa-md fa-rounded\" data-href=\"https:\/\/www.instagram.com\/greensefa\/\" data-target=\"_blank\"><\/i>\n    <i class=\"fa fa-youtube fa-md fa-rounded\" data-href=\"https:\/\/www.youtube.com\/channel\/UC9emZ4AlBYk7tp5zeYfjRfg\" data-target=\"_blank\"><\/i>\n    <!--<i class=\"fa fa-plus fa-md fa-bordered fa-pos-fix\"><\/i>-->\n    <\/div>\n\n    <\/div>\n    <div id=\"nav-mobile\">\n    <div id=\"nav-mobile-btn\" class=\"hamburger hamburger--collapse\" type=\"button\">\n    <div class=\"hamburger-box\">\n    <div class=\"hamburger-inner\"><\/div>\n    <\/div>\n    <\/div>\n    <\/div>\n    <\/div>\n\n    <script>\n        (function($){\n\n            \/\/ Mobile navigation\n    $( \".nav-menu\" ).clone().appendTo( \"body\" ).addClass('nav-menu-mobile');\n    $('.nav-menu-mobile').mmenu({\n        slidingSubmenus: false,\n        navbars: [{\n            position: 'bottom',\n            content: [\n                '<i class=\"fa fa-facebook fa-md mt-2\" data-href=\"https:\/\/www.facebook.com\/greensefa\" data-target=\"_blank\"><\/i>',\n                '<i class=\"fa fa-twitter fa-md mt-2\" data-href=\"https:\/\/twitter.com\/GreensEFA\" data-target=\"_blank\"><\/i>',\n                '<i class=\"fa fa-instagram fa-md mt-2\" data-href=\"https:\/\/www.instagram.com\/greensefa\/\" data-target=\"_blank\"><\/i>',\n                '<i class=\"fa fa-youtube fa-md mt-2\" data-href=\"https:\/\/www.youtube.com\/channel\/UC9emZ4AlBYk7tp5zeYfjRfg\" data-target=\"_blank\"><\/i>',\n            ]\n        }],\n        \"extensions\": [\n          \"position-right\",\n          \"theme-dark\"\n       ]\n    });\n    var API = $(\"#mm-0\").data( \"mmenu\" );\n    var $icon = $(\"#nav-mobile-btn\");\n    $icon.click(function() {\n        API.open();\n    });\n    API.bind( \"open:finish\", function() {\n        setTimeout(function() {\n          $icon.addClass( \"is-active\" );\n        }, 100);\n    });\n    API.bind( \"close:finish\", function() {\n       setTimeout(function() {\n          $icon.removeClass( \"is-active\" );\n       }, 100);\n    });\n\n        })(jQuery)\n    <\/script>\n    <\/header>\n\n\n\t<div data-cont>\n\t\t\n\t<div class=\"vph pat_0 z10 \" \n\t\t\tdata-adders=\"1.0;pfixed;|2.5;pab_0\">\n\t\t\t<div class=\"txt z8 \">\n\t\t<div class=\"facts ani tc ani-triple-top fs-subline uc\" \n\t\t\tdata-adders=\"0.6;do|2.0;do color-white\"  \n\t\t\tdata-sizer-param=\"padding-top\" data-sizer-vpt-start=\"1.5\" data-sizer-vpt-end=\"2\"  data-sizer-from=\"0.5\" data-sizer-to=\"0.2\">\n\t\t\t\t<span class=\"e0\">Madame la Pr\u00e9sidente,<\/span>\n\t\t<span class=\"e1\">sauvez notre <\/span>\n\t\t<span class=\"e2\">Pacte Vert europ\u00e9en,<\/span>\n\t\t<\/div>\n\t<\/div>\n\t\t\t<div class=\"z8 pat_0 first\" >\n\t\t\t\t<div class=\"hl-mid  tc fs-medium z8\"  style=\"color:#ffbe28;\" \n\t\t\t\t\tdata-sizer-param=\"padding-top\" data-sizer-vpt-start=\"1.5\" data-sizer-vpt-end=\"2.0\" data-sizer-from=\"1\" data-sizer-to=\"0.4\">\n\t\t\t\t\t\n\t\t\t\t<\/div>\n\t\t\t\t<div class=\"hl-mid  tc fs-medium z8\"  style=\"color:#ffbe28;\" \n\t\t\t\t\tdata-sizer-param=\"padding-top\" data-sizer-vpt-start=\"1.5\" data-sizer-vpt-end=\"2.0\" data-sizer-from=\"1\" data-sizer-to=\"0.0\">\n\t\t\t\t\t<strong>retirez cette PAC !<\/strong><br>\n\t\t\t\t<\/div>\n\t\t\t<\/div>\n\t\t\t\n\t\t\t\n\n\t\t\t<div class=\"z5 pat_100 vph bg-topic \" data-adders=\"2.0;body-dark|2.5;\" style=\"background-image: url(https:\/\/www.greens-efa.eu\/dossier\/wp-content\/uploads\/2020\/10\/vdl_letter.jpg);\" data-sizer-param=\"top\" data-sizer-vpt-start=\"1.5\" data-sizer-vpt-end=\"2.0\" data-sizer-from=\"1\" data-sizer-to=\"0\"><\/div>\n\n\t\t\t\n\t\t<\/div>\n\t\t\n\t\t<div class=\"vph\"><\/div><div class=\"vph\"><\/div><div class=\"vphalf\"><\/div>\n\t<\/div>\n\n<div style=\"height:30px; background:transparent; display:block;\" class=\"spacer\"><\/div>\n\n<div class=\"gouter wp-block-button aligncenter\" style=\"\"><div class=\"greens-content blk_core_button\">\n<div class=\"wp-block-button aligncenter\"><a class=\"wp-block-button__link has-text-color has-white-color\" href=\"https:\/\/www.greens-efa.eu\/dossier\/retirez-cette-pac\/\/#act\">ECRIRE A MADAME VON DER LEYEN<\/a><\/div>\n<\/div><\/div>\n\n<div class=\"gouter has-text-color has-black-color\" style=\"\"><div class=\"greens-content blk_core_paragraph\">\n<p style=\"font-size:28px\" class=\"has-text-color has-black-color\">Le climat se r\u00e9chauffe rapidement. Nous savons que les prochaines ann\u00e9es vont \u00eatre cruciales pour lutter contre le changement climatique et op\u00e9rer la transition \u00e9cologique de notre \u00e9conomie.<\/p>\n<\/div><\/div>\n\n<div class=\"gouter \" style=\"\"><div class=\"greens-content blk_core_paragraph\">\n<p style=\"font-size:28px\">Nous soutenons la volont\u00e9 de la Commission Europ\u00e9enne de placer le Pacte Vert au coeur de son programme, avec des objectifs climatiques ambitieux. Cependant la semaine derni\u00e8re, le Parlement Europ\u00e9en et les ministres de l&#8217;UE ont fait comme si le changement climatique n&#8217;existait pas. Ils refusent de reconnaitre que la Politique Agricole Commune a un r\u00f4le central \u00e0 jouer en la mati\u00e8re. Sept ans et presque 400 milliards d&#8217;euros (environ un tiers du budget europ\u00e9en) qui devraient servir la transition sont sur le point d&#8217;\u00eatre gaspill\u00e9s.<\/p>\n<\/div><\/div>\n\n<div class=\"gouter \" style=\"\"><div class=\"greens-content blk_core_paragraph\">\n<p style=\"font-size:28px\">Bas Eickhout, et 40 autres membres du Parlement Europ\u00e9en <a href=\"http:\/\/extranet.greens-efa-service.eu\/public\/media\/file\/1\/6649\" target=\"_blank\" rel=\"noreferrer noopener\" aria-label=\"envoient aujourd'hui une lettre \u00e0 la Pr\u00e9sidente de la Commission Ursula Von der Leyen (opens in a new tab)\">envoient aujourd&#8217;hui une lettre \u00e0 la Pr\u00e9sidente de la Commission Ursula Von der Leyen<\/a> et lui demandent d&#8217;agir au plus vite. Elle a l\u00e9galement le droit de retirer une proposition si elle consid\u00e8re qu&#8217;elle n&#8217;est plus align\u00e9e avec les priorit\u00e9s de la Commission. Nous comptons sur elle pour sauver le Pacte Vert europ\u00e9en. <br><\/p>\n<\/div><\/div>\n\n<div class=\"gouter has-text-color has-green-4-color\" style=\"\"><div class=\"greens-content blk_core_paragraph\">\n<p style=\"font-size:28px\" class=\"has-text-color has-green-4-color\"><strong>Faites vous entendre.\nRejoignez nous et \u00e9crivez votre propre lettre \u00e0 Ursula Von der Leyen pour lui demander de sauver notre Pacte <\/strong><a id=\"act\" class=\"mce-item-anchor\"><strong> Vert.<\/strong><\/a><strong> <br><\/strong><\/p>\n<\/div><\/div>\n\n<div style=\"height:30px; background:transparent; display:block;\" class=\"spacer\"><\/div>\n\n<div class=\"gouter \" style=\"\"><div class=\"greens-content blk_core_html\">\n<link href=\"https:\/\/actionnetwork.org\/css\/style-embed-whitelabel-v3.css\" rel=\"stylesheet\" type=\"text\/css\"><script src=\"https:\/\/actionnetwork.org\/widgets\/v3\/letter\/nous-avons-un-modele-de-lettre-pret-pour-vous?format=js&amp;source=widget\"><\/script><div id=\"can-letter-area-nous-avons-un-modele-de-lettre-pret-pour-vous\" style=\"width: 100%\"><!-- this div is the target for our HTML insertion --><\/div>\n<\/div><\/div>\n\n<div class=\"gouter \" style=\"\"><div class=\"greens-content blk_core_paragraph\">\n<p><\/p>\n<\/div><\/div>","protected":false},"excerpt":{"rendered":"<p>Le climat se r\u00e9chauffe rapidement. Nous savons que les prochaines ann\u00e9es vont \u00eatre cruciales pour lutter contre le changement climatique et op\u00e9rer la transition \u00e9cologique de notre \u00e9conomie. Nous soutenons la volont\u00e9 de la Commission Europ\u00e9enne de placer le Pacte Vert au coeur de son programme, avec des objectifs climatiques ambitieux. Cependant la semaine derni\u00e8re, &hellip; <\/p>\n<p class=\"link-more\"><a href=\"https:\/\/www.greens-efa.eu\/dossier\/retirez-cette-pac\/\" class=\"more-link\">Continue reading<span class=\"screen-reader-text\"> &#8220;retirez cette PAC !&#8221;<\/span><\/a><\/p>\n","protected":false},"author":2,"featured_media":4594,"parent":0,"menu_order":0,"comment_status":"closed","ping_status":"closed","template":"","meta":[],"yoast_head":"<!-- This site is optimized with the Yoast SEO plugin v19.6.1 - https:\/\/yoast.com\/wordpress\/plugins\/seo\/ -->\n<title>retirez cette PAC !<\/title>\n<meta name=\"description\" content=\"Nous avons besoin du retrait de cette #PAC car elle ne stoppera pas la crise climatique!\" \/>\n<meta name=\"robots\" content=\"index, follow, max-snippet:-1, max-image-preview:large, max-video-preview:-1\" \/>\n<link rel=\"canonical\" href=\"https:\/\/www.greens-efa.eu\/dossier\/retirez-cette-pac\/\" \/>\n<meta property=\"og:locale\" content=\"en_GB\" \/>\n<meta property=\"og:type\" content=\"article\" \/>\n<meta property=\"og:title\" content=\"retirez cette PAC !\" \/>\n<meta property=\"og:description\" content=\"Nous avons besoin du retrait de cette #PAC car elle ne stoppera pas la crise climatique!\" \/>\n<meta property=\"og:url\" content=\"https:\/\/www.greens-efa.eu\/dossier\/retirez-cette-pac\/\" \/>\n<meta property=\"og:site_name\" content=\"Greens\/EFA\" \/>\n<meta property=\"article:modified_time\" content=\"2020-10-28T11:19:34+00:00\" \/>\n<meta property=\"og:image\" content=\"https:\/\/www.greens-efa.eu\/dossier\/wp-content\/uploads\/2020\/10\/vdl-cap-Kopie_2-1024x512.jpg\" \/>\n\t<meta property=\"og:image:width\" content=\"1024\" \/>\n\t<meta property=\"og:image:height\" content=\"512\" \/>\n\t<meta property=\"og:image:type\" content=\"image\/jpeg\" \/>\n<meta name=\"twitter:card\" content=\"summary_large_image\" \/>\n<meta name=\"twitter:label1\" content=\"Estimated reading time\" \/>\n\t<meta name=\"twitter:data1\" content=\"1 minute\" \/>\n<script type=\"application\/ld+json\" class=\"yoast-schema-graph\">{\"@context\":\"https:\/\/schema.org\",\"@graph\":[{\"@type\":\"WebPage\",\"@id\":\"https:\/\/www.greens-efa.eu\/dossier\/retirez-cette-pac\/\",\"url\":\"https:\/\/www.greens-efa.eu\/dossier\/retirez-cette-pac\/\",\"name\":\"retirez cette PAC !\",\"isPartOf\":{\"@id\":\"https:\/\/www.greens-efa.eu\/dossier\/#website\"},\"datePublished\":\"2020-10-27T17:59:24+00:00\",\"dateModified\":\"2020-10-28T11:19:34+00:00\",\"description\":\"Nous avons besoin du retrait de cette #PAC car elle ne stoppera pas la crise climatique!\",\"breadcrumb\":{\"@id\":\"https:\/\/www.greens-efa.eu\/dossier\/retirez-cette-pac\/#breadcrumb\"},\"inLanguage\":\"en-GB\",\"potentialAction\":[{\"@type\":\"ReadAction\",\"target\":[\"https:\/\/www.greens-efa.eu\/dossier\/retirez-cette-pac\/\"]}]},{\"@type\":\"BreadcrumbList\",\"@id\":\"https:\/\/www.greens-efa.eu\/dossier\/retirez-cette-pac\/#breadcrumb\",\"itemListElement\":[{\"@type\":\"ListItem\",\"position\":1,\"name\":\"Home\",\"item\":\"https:\/\/www.greens-efa.eu\/dossier\/\"},{\"@type\":\"ListItem\",\"position\":2,\"name\":\"retirez cette PAC !\"}]},{\"@type\":\"WebSite\",\"@id\":\"https:\/\/www.greens-efa.eu\/dossier\/#website\",\"url\":\"https:\/\/www.greens-efa.eu\/dossier\/\",\"name\":\"Greens\/EFA\",\"description\":\"Greens\/EFA\",\"potentialAction\":[{\"@type\":\"SearchAction\",\"target\":{\"@type\":\"EntryPoint\",\"urlTemplate\":\"https:\/\/www.greens-efa.eu\/dossier\/?s={search_term_string}\"},\"query-input\":\"required name=search_term_string\"}],\"inLanguage\":\"en-GB\"}]}<\/script>\n<!-- \/ Yoast SEO plugin. -->","yoast_head_json":{"title":"retirez cette PAC !","description":"Nous avons besoin du retrait de cette #PAC car elle ne stoppera pas la crise climatique!","robots":{"index":"index","follow":"follow","max-snippet":"max-snippet:-1","max-image-preview":"max-image-preview:large","max-video-preview":"max-video-preview:-1"},"canonical":"https:\/\/www.greens-efa.eu\/dossier\/retirez-cette-pac\/","og_locale":"en_GB","og_type":"article","og_title":"retirez cette PAC !","og_description":"Nous avons besoin du retrait de cette #PAC car elle ne stoppera pas la crise climatique!","og_url":"https:\/\/www.greens-efa.eu\/dossier\/retirez-cette-pac\/","og_site_name":"Greens\/EFA","article_modified_time":"2020-10-28T11:19:34+00:00","og_image":[{"width":1024,"height":512,"url":"https:\/\/www.greens-efa.eu\/dossier\/wp-content\/uploads\/2020\/10\/vdl-cap-Kopie_2-1024x512.jpg","type":"image\/jpeg"}],"twitter_card":"summary_large_image","twitter_misc":{"Estimated reading time":"1 minute"},"schema":{"@context":"https:\/\/schema.org","@graph":[{"@type":"WebPage","@id":"https:\/\/www.greens-efa.eu\/dossier\/retirez-cette-pac\/","url":"https:\/\/www.greens-efa.eu\/dossier\/retirez-cette-pac\/","name":"retirez cette PAC !","isPartOf":{"@id":"https:\/\/www.greens-efa.eu\/dossier\/#website"},"datePublished":"2020-10-27T17:59:24+00:00","dateModified":"2020-10-28T11:19:34+00:00","description":"Nous avons besoin du retrait de cette #PAC car elle ne stoppera pas la crise climatique!","breadcrumb":{"@id":"https:\/\/www.greens-efa.eu\/dossier\/retirez-cette-pac\/#breadcrumb"},"inLanguage":"en-GB","potentialAction":[{"@type":"ReadAction","target":["https:\/\/www.greens-efa.eu\/dossier\/retirez-cette-pac\/"]}]},{"@type":"BreadcrumbList","@id":"https:\/\/www.greens-efa.eu\/dossier\/retirez-cette-pac\/#breadcrumb","itemListElement":[{"@type":"ListItem","position":1,"name":"Home","item":"https:\/\/www.greens-efa.eu\/dossier\/"},{"@type":"ListItem","position":2,"name":"retirez cette PAC !"}]},{"@type":"WebSite","@id":"https:\/\/www.greens-efa.eu\/dossier\/#website","url":"https:\/\/www.greens-efa.eu\/dossier\/","name":"Greens\/EFA","description":"Greens\/EFA","potentialAction":[{"@type":"SearchAction","target":{"@type":"EntryPoint","urlTemplate":"https:\/\/www.greens-efa.eu\/dossier\/?s={search_term_string}"},"query-input":"required name=search_term_string"}],"inLanguage":"en-GB"}]}},"_links":{"self":[{"href":"https:\/\/www.greens-efa.eu\/dossier\/wp-json\/wp\/v2\/pages\/4537"}],"collection":[{"href":"https:\/\/www.greens-efa.eu\/dossier\/wp-json\/wp\/v2\/pages"}],"about":[{"href":"https:\/\/www.greens-efa.eu\/dossier\/wp-json\/wp\/v2\/types\/page"}],"author":[{"embeddable":true,"href":"https:\/\/www.greens-efa.eu\/dossier\/wp-json\/wp\/v2\/users\/2"}],"replies":[{"embeddable":true,"href":"https:\/\/www.greens-efa.eu\/dossier\/wp-json\/wp\/v2\/comments?post=4537"}],"version-history":[{"count":8,"href":"https:\/\/www.greens-efa.eu\/dossier\/wp-json\/wp\/v2\/pages\/4537\/revisions"}],"predecessor-version":[{"id":4591,"href":"https:\/\/www.greens-efa.eu\/dossier\/wp-json\/wp\/v2\/pages\/4537\/revisions\/4591"}],"wp:featuredmedia":[{"embeddable":true,"href":"https:\/\/www.greens-efa.eu\/dossier\/wp-json\/wp\/v2\/media\/4594"}],"wp:attachment":[{"href":"https:\/\/www.greens-efa.eu\/dossier\/wp-json\/wp\/v2\/media?parent=4537"}],"curies":[{"name":"wp","href":"https:\/\/api.w.org\/{rel}","templated":true}]}}