{"id":5720,"date":"2021-01-19T12:02:31","date_gmt":"2021-01-19T12:02:31","guid":{"rendered":"https:\/\/www.greens-efa.eu\/dossier\/?page_id=5720"},"modified":"2021-01-19T15:10:22","modified_gmt":"2021-01-19T15:10:22","slug":"plus-de-poissons-dans-les-mers","status":"publish","type":"page","link":"https:\/\/www.greens-efa.eu\/dossier\/plus-de-poissons-dans-les-mers\/","title":{"rendered":"Plus de poissons dans les mers !"},"content":{"rendered":"\n\t<div data-cont>\n\t\t\n\t<div class=\"vph pat_0 z10 \" \n\t\t\tdata-adders=\"1.0;pfixed;|2.5;pab_0\">\n\t\t\t<div class=\"txt z8 \">\n\t\t<div class=\"facts ani tc ani-triple-top fs-subline uc\" \n\t\t\tdata-adders=\"0.6;do|2.0;do color-white\"  \n\t\t\tdata-sizer-param=\"padding-top\" data-sizer-vpt-start=\"1.5\" data-sizer-vpt-end=\"2\"  data-sizer-from=\"0.5\" data-sizer-to=\"0.2\">\n\t\t\t\t<span class=\"e0\">nous<\/span>\n\t\t<span class=\"e1\"> avons<\/span>\n\t\t<span class=\"e2\"> besoin de<\/span>\n\t\t<\/div>\n\t<\/div>\n\t\t\t<div class=\"z8 pat_0 first\" >\n\t\t\t\t<div class=\"hl-mid  tc fs-medium z8\"  style=\"color:#ffbe28;\" \n\t\t\t\t\tdata-sizer-param=\"padding-top\" data-sizer-vpt-start=\"1.5\" data-sizer-vpt-end=\"2.0\" data-sizer-from=\"1\" data-sizer-to=\"0.4\">\n\t\t\t\t\t<strong>Plus de poissons dans les mers !<\/strong>\n\t\t\t\t<\/div>\n\t\t\t\t<div class=\"hl-mid  tc fs-medium z8\"  style=\"color:#ffbe28;\" \n\t\t\t\t\tdata-sizer-param=\"padding-top\" data-sizer-vpt-start=\"1.5\" data-sizer-vpt-end=\"2.0\" data-sizer-from=\"1\" data-sizer-to=\"0.0\">\n\t\t\t\t\t\n\t\t\t\t<\/div>\n\t\t\t<\/div>\n\t\t\t\n\t\t\t\n\n\t\t\t<div class=\"z5 pat_100 vph bg-topic \" data-adders=\"2.0;body-dark|2.5;\" style=\"background-image: url(https:\/\/www.greens-efa.eu\/dossier\/wp-content\/uploads\/2021\/01\/jean-wimmerlin-ePvBOHsAA54-unsplash.jpg);\" data-sizer-param=\"top\" data-sizer-vpt-start=\"1.5\" data-sizer-vpt-end=\"2.0\" data-sizer-from=\"1\" data-sizer-to=\"0\"><\/div>\n\n\t\t\t\n\t\t<\/div>\n\t\t\n\t\t<div class=\"vph\"><\/div><div class=\"vph\"><\/div><div class=\"vphalf\"><\/div>\n\t<\/div>\n\n<div style=\"height:30px; background:transparent; display:block;\" class=\"spacer\"><\/div>\n\n<div class=\"gouter \" style=\"\"><div class=\"greens-content blk_core_heading\">\n<h1>Pourquoi avons-nous besoin de plus de poissons dans les mers de l&#8217;UE ?<\/h1>\n<\/div><\/div>\n\n<div class=\"gouter has-medium-font-size\" style=\"\"><div class=\"greens-content blk_core_paragraph\">\n<p class=\"has-medium-font-size\">Dans l&#8217;Union europ\u00e9enne, les flottes de p\u00eache sont g\u00e9r\u00e9es par la politique commune de la p\u00eache (PCP) depuis pr\u00e8s de 50 ans. Cependant, \u00e0 partir du milieu des ann\u00e9es 1990, les populations de poissons ont commenc\u00e9 \u00e0 diminuer fortement et les chiffres en mati\u00e8re de surp\u00eache sont devenus alarmants. Dans les ann\u00e9es qui ont suivies, la PCP a commenc\u00e9 \u00e0 int\u00e9grer progressivement des objectifs de durabilit\u00e9 et, en 2013, s\u2019est engag\u00e9e \u00e0 maintenir les populations de poissons \u00e0 des niveaux durables.<\/p>\n<\/div><\/div>\n\n<div class=\"gouter has-medium-font-size\" style=\"\"><div class=\"greens-content blk_core_paragraph\">\n<p class=\"has-medium-font-size\">Malgr\u00e9 certains progr\u00e8s au cours de la derni\u00e8re d\u00e9cennie, la plupart des ressources halieutiques et des \u00e9cosyst\u00e8mes marins sont aujourd&#8217;hui en mauvais \u00e9tat. L&#8217;\u00e9puisement des stocks de poissons a non seulement un impact majeur sur la biodiversit\u00e9 marine, mais aussi sur l&#8217;avenir de la p\u00eache et des p\u00eacheur-se-s dont les revenus d\u00e9pendent de ces ressources.<\/p>\n<\/div><\/div>\n\n<div class=\"gouter has-medium-font-size\" style=\"\"><div class=\"greens-content blk_core_paragraph\">\n<p class=\"has-medium-font-size\">Il est urgent d\u2019adopter des mesures plus ambitieuses qui profiteraient aux citoyens europ\u00e9ens et \u00e0 la nature.<\/p>\n<\/div><\/div>\n\n<div class=\"gouter \" style=\"\"><div class=\"greens-content blk_core_heading\">\n<h1>L&#8217;Union europ\u00e9enne n&#8217;a pas atteint ses objectifs<\/h1>\n<\/div><\/div>\n\n<div class=\"gouter has-medium-font-size\" style=\"\"><div class=\"greens-content blk_core_paragraph\">\n<p class=\"has-medium-font-size\">2020 \u00e9tait cens\u00e9e \u00eatre l&#8217;ann\u00e9e de la biodiversit\u00e9 au niveau international. Elle devait \u00e9galement \u00eatre l&#8217;ann\u00e9e o\u00f9 l\u2019UE devait atteindre le bon \u00e9tat \u00e9cologique de ses mers et o\u00f9 tous les stocks de poissons devaient \u00eatre exploit\u00e9s \u00e0 des niveaux durables. Ces objectifs sont inscrits dans la loi europ\u00e9enne, mais l&#8217;action de l&#8217;UE a \u00e9t\u00e9 ralentie par des int\u00e9r\u00eats court-termistes et par l&#8217;absence de progr\u00e8s dans la mise en \u0153uvre.<\/p>\n<\/div><\/div>\n\n<div class=\"gouter \" style=\"\"><div class=\"greens-content blk_core_heading\">\n<h1>La situation des mers de l&#8217;UE est contrast\u00e9e<\/h1>\n<\/div><\/div>\n\n<div class=\"gouter has-medium-font-size\" style=\"\"><div class=\"greens-content blk_core_paragraph\">\n<p class=\"has-medium-font-size\">Au cours des derni\u00e8res d\u00e9cennies, on a constat\u00e9 certaines am\u00e9liorations pour les populations de poissons dans l&#8217;oc\u00e9an Atlantique o\u00f9 la politique commune de la p\u00eacje commence \u00e0 porter ses fruits. Les scientifiques estiment qu&#8217;environ 38 % des stocks \u00e9valu\u00e9s sont surexploit\u00e9s.<\/p>\n<\/div><\/div>\n\n<div class=\"gouter has-medium-font-size\" style=\"\"><div class=\"greens-content blk_core_paragraph\">\n<p class=\"has-medium-font-size\">Mais la situation est tr\u00e8s pr\u00e9occupante en mer M\u00e9diterran\u00e9e, o\u00f9 plus de 80 % des stocks de poissons sont surexploit\u00e9s. Rappelons \u00e9galement que ces chiffres sont calcul\u00e9s esp\u00e8ce par esp\u00e8ce sans tenir compte des \u00e9cosyst\u00e8mes marins dans leur totalit\u00e9, et uniquement lorsque les \u00e9valuations scientifiques sont disponibles.<\/p>\n<\/div><\/div>\n\n<div class=\"gouter has-medium-font-size\" style=\"\"><div class=\"greens-content blk_core_paragraph\">\n<p class=\"has-medium-font-size\">La Cour des comptes de l\u2019Union europ\u00e9enne a confirm\u00e9 cette tendance : l&#8217;action de l&#8217;UE au cours de la derni\u00e8re d\u00e9cennie a \u00e9t\u00e9 insuffisante pour la reconstitution des \u00e9cosyst\u00e8mes et des habitats marins. D&#8217;une mani\u00e8re g\u00e9n\u00e9rale, les niveaux de pollution sont alarmants et le changement climatique a des r\u00e9percussions croissantes sur nos oc\u00e9ans.<\/p>\n<\/div><\/div>\n\n\n\t<div data-cont class=\"\">\n\t\t\n\n\t\t\n\t\t\t<div class=\"embed-responsive embed-responsive-16by9\">\n\t\t\t<iframe loading=\"lazy\" class=\"embed-responsive-item\" width=\"560\" height=\"315\" src=\"https:\/\/www.youtube-nocookie.com\/embed\/bs36zJceeC0?autoplay=0&#038;mute=1&#038;loop=0&#038;autohide=1&#038;showinfo=0&#038;rel=0&#038;modestbranding=1&#038;controls=0\" frameborder=\"0\" allow=\"accelerometer; autoplay; encrypted-media; gyroscope; picture-in-picture\" allowfullscreen><\/iframe>\n\t\t\t<\/div>\n\t<\/div>\n\n<div style=\"height:30px; background:transparent; display:block;\" class=\"spacer\"><\/div>\n\n<div class=\"gouter \" style=\"\"><div class=\"greens-content blk_core_heading\">\n<h1>Que faire pour prot\u00e9ger les populations de poissons et la biodiversit\u00e9 marine ?<\/h1>\n<\/div><\/div>\n\n<div class=\"gouter has-medium-font-size\" style=\"\"><div class=\"greens-content blk_core_paragraph\">\n<p class=\"has-medium-font-size\">La bonne nouvelle est que si nous agissons maintenant, il est encore temps d\u2019influer sur l&#8217;avenir et d\u2019avoir des oc\u00e9ans en bonne sant\u00e9, selon les scientifiques. L&#8217;UE doit mettre fin \u00e0 la surp\u00eache.<\/p>\n<\/div><\/div>\n\n<div class=\"gouter has-medium-font-size\" style=\"\"><div class=\"greens-content blk_core_paragraph\">\n<p class=\"has-medium-font-size\">Cela commence par la mise en \u0153uvre compl\u00e8te de la r\u00e9forme de la politique commune de la p\u00eache de 2013, en fixant des quotas de p\u00eache conformes aux crit\u00e8res de durabilit\u00e9 pour tous les stocks, dans toutes les mers de l&#8217;UE. Nous devons renforcer les connaissances scientifiques sur les populations de poissons, en veillant \u00e0 ce que des ressources suffisantes soient allou\u00e9es pour les \u00e9tudier toutes ainsi que les interactions entre les diff\u00e9rentes esp\u00e8ces et les \u00e9cosyst\u00e8mes dans lesquels elles vivent. C&#8217;est la cl\u00e9 de la mise en \u0153uvre d&#8217;une approche \u00e9cosyst\u00e9mique de la politique de la p\u00eache. Nous devons \u00e9galement limiter l&#8217;utilisation des techniques de p\u00eache les plus destructrices, telles que les engins qui sont en contact avec le fond de la mer et les dispositifs de concentration des poissons, car il a \u00e9t\u00e9 prouv\u00e9 qu&#8217;ils ont des cons\u00e9quences tr\u00e8s n\u00e9gatives sur l&#8217;environnement marin.<\/p>\n<\/div><\/div>\n\n<div class=\"gouter has-medium-font-size\" style=\"\"><div class=\"greens-content blk_core_paragraph\">\n<p class=\"has-medium-font-size\">Pour prot\u00e9ger r\u00e9ellement la biodiversit\u00e9 marine, l&#8217;UE devrait mettre en place un r\u00e9seau efficace de zones marines prot\u00e9g\u00e9es, couvrant 30 % des eaux de l&#8217;UE, avec de v\u00e9ritables plans de gestion. Pour au moins 10 % de ses eaux, l&#8217;UE doit garantir un niveau \u00e9lev\u00e9 de protection, c&#8217;est-\u00e0-dire cr\u00e9er des zones o\u00f9 toutes les captures et activit\u00e9s \u00e9conomiques sont interdites. Selon l&#8217;Agence europ\u00e9enne pour l&#8217;environnement , moins de 1 % des zones marines prot\u00e9g\u00e9es europ\u00e9ennes sont aujourd&#8217;hui totalement prot\u00e9g\u00e9es et int\u00e8grent des interdictions de p\u00eache dans leurs mesures de gestion. Il est temps pour l&#8217;UE de mettre un terme \u00e0 ces  &#8220;aires prot\u00e9g\u00e9es de papier&#8221;. L&#8217;objectif de 30 % ne sera qu\u2019une op\u00e9ration de greenwashing si aucune mesure n&#8217;est prise dans ces zones, comme par exemple y interdire les techniques de p\u00eache et les activit\u00e9s \u00e9conomiques les plus destructrices.<\/p>\n<\/div><\/div>\n\n<div class=\"gouter has-medium-font-size\" style=\"\"><div class=\"greens-content blk_core_paragraph\">\n<p class=\"has-medium-font-size\">Cette ann\u00e9e, dans le cadre du &#8220;Green Deal&#8221;, la Commission europ\u00e9enne a adopt\u00e9 une strat\u00e9gie europ\u00e9enne en faveur de la biodiversit\u00e9 pour 2030 : une feuille de route compl\u00e8te avec des objectifs ambitieux tels que la cr\u00e9ation de 10 % de zones hautement prot\u00e9g\u00e9es. Les objectifs ambitieux qui y sont fix\u00e9s doivent \u00eatre inscrits dans la l\u00e9gislation de l&#8217;UE et pleinement mis en \u0153uvre. Mais les forces conservatrices tentent de faire marche arri\u00e8re.<\/p>\n<\/div><\/div>\n\n<div class=\"gouter \" style=\"\"><div class=\"greens-content blk_core_heading\">\n<h1>Que pouvez-vous faire ?<\/h1>\n<\/div><\/div>\n\n<div class=\"gouter has-medium-font-size\" style=\"\"><div class=\"greens-content blk_core_paragraph\">\n<p class=\"has-medium-font-size\">L&#8217;ann\u00e9e 2021 sera d\u00e9cisive pour la biodiversit\u00e9 marine. Nous avons besoin de votre soutien pour faire entendre la voix des oc\u00e9ans et des petits p\u00eacheurs au Parlement europ\u00e9en ! Le rapport d&#8217;initiative &#8220;Plus de poissons dans les mers&#8221; de Caroline Roose, qui pr\u00e9conise des mesures ambitieuses, sera vot\u00e9 en session pl\u00e9ni\u00e8re du Parlement europ\u00e9en cette semaine<\/p>\n<\/div><\/div>\n\n<div class=\"gouter has-medium-font-size\" style=\"\"><div class=\"greens-content blk_core_paragraph\">\n<p class=\"has-medium-font-size\">Envoie un tweet aux d\u00e9put\u00e9-e-s europ\u00e9en-ne-s qui ne se sont pas encore engag\u00e9s \u00e0 soutenir des mesures ambitieuses pour atteindre plus de poissons dans les mers.<\/p>\n<\/div><\/div>\n\n<div class=\"gouter \" style=\"\"><div class=\"greens-content blk_core_html\">\n<style>\n                #iframe_cbcr { width: 100%; height: 2460px; overflow-x: hidden;}\n                @media (max-width: 1048px) {\n                               #iframe_cbcr { width: 100%; height: 3400px;\n                }\n<\/style>\n<iframe id=\"iframe_cbcr\" src=\"https:\/\/greens-efa-service.eu\/cbcr\/index-fish.php\" frameborder=\"0\"><\/iframe>\n<\/div><\/div>\n\n\n\t<div data-cont>\n\t\t<div class=\"ce  ce-list high-green tc\">\n\t\t\n<div class=\"gouter \" style=\"\"><div class=\"greens-content blk_core_heading\">\n<h2>Chiffres cl\u00e9s<\/h2>\n<\/div><\/div>\n\n<div class=\"gouter \" style=\"\"><div class=\"greens-content blk_core_list\">\n<ul><li  data-viewport>Au niveau mondial, on estime qu&#8217;en 2012, 83 milliards de dollars de profits seront perdus en raison de la surp\u00eache, dont 12,5 milliards en Europe (Banque mondiale 2012)<\/li><li  data-viewport>En 2020, seuls 6 % des stocks de poissons \u00e9valu\u00e9s en M\u00e9diterran\u00e9e ont \u00e9t\u00e9 p\u00each\u00e9s \u00e0 des niveaux durables (Agence europ\u00e9enne pour l&#8217;environnement 2020)<\/li><li  data-viewport>En d\u00e9cembre dernier, les ministres de la p\u00eache de l&#8217;UE ont fix\u00e9 les quotas et la r\u00e9duction de l&#8217;effort de p\u00eache \u00e0 des niveaux d\u00e9passant les avis scientifiques. Dans l&#8217;oc\u00e9an Atlantique, 35 % des quotas ont \u00e9t\u00e9    fix\u00e9s au-dessus des niveaux durables. Pour la mer M\u00e9diterran\u00e9e, les gouvernements nationaux ont rejet\u00e9 la proposition de r\u00e9duction de 15 % de l&#8217;effort de p\u00eache des chalutiers et n&#8217;ont adopt\u00e9 qu&#8217;une   r\u00e9duction de 7,5 %<\/li><li  data-viewport>12 % des eaux europ\u00e9ennes   sont d\u00e9sign\u00e9es comme ZMP, mais seulement 1,8 % disposent d&#8217;un plan de gestion.<\/li><li  data-viewport>Selon l&#8217;Agence europ\u00e9enne pour l&#8217;environnement, moins de 1 % des zones marines prot\u00e9g\u00e9es de l&#8217;UE ont un niveau de protection \u00e9lev\u00e9 (AEE 2020)<\/li><li  data-viewport>59 % des zones marines prot\u00e9g\u00e9es de l&#8217;UE sont soumises \u00e0 un chalutage commercial \u00e0 des niveaux sup\u00e9rieurs \u00e0 ceux des zones non prot\u00e9g\u00e9es (Cour des comptes europ\u00e9enne 2020)<\/li><li  data-viewport>Seulement 0,23% de la mer M\u00e9diterran\u00e9e est totalement et hautement prot\u00e9g\u00e9e. (CNRS 2020)<\/li><li  data-viewport>La r\u00e9gion m\u00e9diterran\u00e9enne se r\u00e9chauffe 20 fois plus vite que le reste du globe. D&#8217;ici 2050, le changement climatique pourrait entra\u00eener l&#8217;extinction locale de plus de 20 % des esp\u00e8ces de p\u00eache commerciale de la mer M\u00e9diterran\u00e9e (MedEC Mediterranean Experts on Climate and environmental Change 2020).<\/li><\/ul>\n<\/div><\/div>\n\n<div class=\"gouter \" style=\"\"><div class=\"greens-content blk_core_paragraph\">\n<p><\/p>\n<\/div><\/div>\n\n\t\t<\/div>\n\t<\/div>\n\n<div class=\"gouter \" style=\"\"><div class=\"greens-content blk_core_html\">\n<link href=\"https:\/\/actionnetwork.org\/css\/style-embed-whitelabel-v3.css\" rel=\"stylesheet\" type=\"text\/css\"><script src=\"https:\/\/actionnetwork.org\/widgets\/v3\/form\/get-the-latest-news-on-biodiversity-food-and-agriculture?format=js&amp;source=widget\"><\/script><div id=\"can-form-area-get-the-latest-news-on-biodiversity-food-and-agriculture\" style=\"width: 100%\"><!-- this div is the target for our HTML insertion --><\/div>\n<\/div><\/div>\n\n<div class=\"gouter wp-block-separator\" style=\"\"><div class=\"greens-content blk_core_separator\">\n<hr class=\"wp-block-separator\"\/>\n<\/div><\/div>\n\n<div style=\"height:30px; background:transparent; display:block;\" class=\"spacer\"><\/div>\n\n<div class=\"gouter \" style=\"\"><div class=\"greens-content blk_core_heading\">\n<h3>Pour aller plus loin<\/h3>\n<\/div><\/div>\n\n<div class=\"gouter \" style=\"\"><div class=\"greens-content blk_core_list\">\n<ul><li>P\u00eache: les DCP menacent l\u2019environnement marin, Brut (vid\u00e9o) <a href=\"https:\/\/www.youtube.com\/watch?v=MhkFIYhE39U\">https:\/\/www.youtube.com\/watch?v=MhkFIYhE39U<\/a> <\/li><li>Les mers d&#8217;Europe sont confront\u00e9es \u00e0 un avenir incertain si des mesures urgentes et coh\u00e9rentes ne sont pas prises (Agence europ\u00e9enne pour l&#8217;environnement) <a href=\"https:\/\/www.eea.europa.eu\/fr\/highlights\/les-mers-europeennes-sont-confrontees\">https:\/\/www.eea.europa.eu\/fr\/highlights\/les-mers-europeennes-sont-confrontees<\/a> &nbsp;&nbsp;&nbsp;&nbsp;&nbsp;&nbsp;&nbsp;&nbsp;&nbsp;&nbsp; <\/li><li>P\u00eache  durable : La Commission fait le point sur la politique commune de la &nbsp;&nbsp;&nbsp;&nbsp;&nbsp;&nbsp; p\u00eache de l&#8217;UE et lance une consultation sur les possibilit\u00e9s de p\u00eache pour 2021 <a href=\"https:\/\/ec.europa.eu\/commission\/presscorner\/detail\/fr\/ip_20_1072\">https:\/\/ec.europa.eu\/commission\/presscorner\/detail\/fr\/ip_20_1072<\/a>&nbsp; &nbsp;&nbsp;&nbsp;&nbsp;&nbsp;&nbsp;&nbsp;&nbsp;&nbsp; <\/li><li>IPBES (2019)  : Rapport d&#8217;\u00e9valuation globale sur la biodiversit\u00e9 et les services \u00e9cosyst\u00e9miques de la plateforme intergouvernementale scientifique et politique sur la biodiversit\u00e9 et les services \u00e9cosyst\u00e9miques. E. S. Brondizio, J. Settele, S. D\u00edaz et H. T. Ngo (\u00e9diteurs).<br> <a href=\"https:\/\/www.ipbes.net\/news\/Media-Release-Global-Assessment-Fr\">https:\/\/www.ipbes.net\/news\/Media-Release-Global-Assessment-Fr<\/a> <\/li><li>Milieu marin: l\u00b4UE n\u00b4offre qu\u00b4une protection superficielle (Cour des Comptes &#8211; Rapport sp\u00e9cial 26\/2020: Milieu marin: l&#8217;UE offre une protection \u00e9tendue, mais superficielle)<br> <a href=\"https:\/\/www.eca.europa.eu\/fr\/Pages\/NewsItem.aspx?nid=14771\">https:\/\/www.eca.europa.eu\/fr\/Pages\/NewsItem.aspx?nid=14771<\/a> <\/li><li>Le guide des AMP<br> <a href=\"https:\/\/wdpa.s3.amazonaws.com\/MPA_guide\/MPAs_4pp_French.pdf\">https:\/\/wdpa.s3.amazonaws.com\/MPA_guide\/MPAs_4pp_French.pdf<\/a> <\/li><li>M\u00e9diterran\u00e9e : des aires marines pas assez prot\u00e9g\u00e9es. Joachim Claudet, Charles Loiseau, Marta Sostres, Mirta Zupan. One Earth,&nbsp;&nbsp;&nbsp;&nbsp;&nbsp;&nbsp;&nbsp;&nbsp;&nbsp;&nbsp;&nbsp; avril, 24 2020. <a href=\"https:\/\/www.cnrs.fr\/fr\/mediterranee-des-aires-marines-pas-assez-protegees\">https:\/\/www.cnrs.fr\/fr\/mediterranee-des-aires-marines-pas-assez-protegees<\/a>&nbsp; &nbsp;&nbsp;&nbsp;&nbsp; <\/li><li>MedECC (2020) Changement climatique et environnemental dans le bassin m\u00e9diterran\u00e9en &#8211; Situation actuelle et risques pour l&#8217;avenir. Premier rapport &nbsp;&nbsp;&nbsp;&nbsp;&nbsp;&nbsp;&nbsp;&nbsp; d&#8217;\u00e9valuation de la M\u00e9diterran\u00e9e [Cramer, W., Guiot, J., Marini, K. (eds.)] Union pour la M\u00e9diterran\u00e9e, Plan Bleu, PNUE\/PAM, Marseille, France, 600pp, sous presse, <a href=\"https:\/\/www.medecc.org\/first-mediterranean-assessment-report-mar1\/\">https:\/\/www.medecc.org\/first-mediterranean-assessment-report-mar1\/<\/a> &nbsp;&nbsp;&nbsp;&nbsp;&nbsp;&nbsp;&nbsp;&nbsp;&nbsp; <br> <br> <\/li><\/ul>\n<\/div><\/div>","protected":false},"excerpt":{"rendered":"<p>Pourquoi avons-nous besoin de plus de poissons dans les mers de l&#8217;UE ? Dans l&#8217;Union europ\u00e9enne, les flottes de p\u00eache sont g\u00e9r\u00e9es par la politique commune de la p\u00eache (PCP) depuis pr\u00e8s de 50 ans. Cependant, \u00e0 partir du milieu des ann\u00e9es 1990, les populations de poissons ont commenc\u00e9 \u00e0 diminuer fortement et les chiffres &hellip; <\/p>\n<p class=\"link-more\"><a href=\"https:\/\/www.greens-efa.eu\/dossier\/plus-de-poissons-dans-les-mers\/\" class=\"more-link\">Continue reading<span class=\"screen-reader-text\"> &#8220;Plus de poissons dans les mers !&#8221;<\/span><\/a><\/p>\n","protected":false},"author":2,"featured_media":0,"parent":0,"menu_order":0,"comment_status":"closed","ping_status":"closed","template":"","meta":[],"yoast_head":"<!-- This site is optimized with the Yoast SEO plugin v19.6.1 - https:\/\/yoast.com\/wordpress\/plugins\/seo\/ -->\n<title>Plus de poissons dans les mers ! - Greens\/EFA<\/title>\n<meta name=\"robots\" content=\"index, follow, max-snippet:-1, max-image-preview:large, max-video-preview:-1\" \/>\n<link rel=\"canonical\" href=\"https:\/\/www.greens-efa.eu\/dossier\/plus-de-poissons-dans-les-mers\/\" \/>\n<meta property=\"og:locale\" content=\"en_GB\" \/>\n<meta property=\"og:type\" content=\"article\" \/>\n<meta property=\"og:title\" content=\"Plus de poissons dans les mers ! - Greens\/EFA\" \/>\n<meta property=\"og:description\" content=\"Pourquoi avons-nous besoin de plus de poissons dans les mers de l&#8217;UE ? Dans l&#8217;Union europ\u00e9enne, les flottes de p\u00eache sont g\u00e9r\u00e9es par la politique commune de la p\u00eache (PCP) depuis pr\u00e8s de 50 ans. Cependant, \u00e0 partir du milieu des ann\u00e9es 1990, les populations de poissons ont commenc\u00e9 \u00e0 diminuer fortement et les chiffres &hellip; Continue reading &quot;Plus de poissons dans les mers !&quot;\" \/>\n<meta property=\"og:url\" content=\"https:\/\/www.greens-efa.eu\/dossier\/plus-de-poissons-dans-les-mers\/\" \/>\n<meta property=\"og:site_name\" content=\"Greens\/EFA\" \/>\n<meta property=\"article:modified_time\" content=\"2021-01-19T15:10:22+00:00\" \/>\n<meta name=\"twitter:card\" content=\"summary_large_image\" \/>\n<meta name=\"twitter:label1\" content=\"Estimated reading time\" \/>\n\t<meta name=\"twitter:data1\" content=\"8 minutes\" \/>\n<script type=\"application\/ld+json\" class=\"yoast-schema-graph\">{\"@context\":\"https:\/\/schema.org\",\"@graph\":[{\"@type\":\"WebPage\",\"@id\":\"https:\/\/www.greens-efa.eu\/dossier\/plus-de-poissons-dans-les-mers\/\",\"url\":\"https:\/\/www.greens-efa.eu\/dossier\/plus-de-poissons-dans-les-mers\/\",\"name\":\"Plus de poissons dans les mers ! - Greens\/EFA\",\"isPartOf\":{\"@id\":\"https:\/\/www.greens-efa.eu\/dossier\/#website\"},\"datePublished\":\"2021-01-19T12:02:31+00:00\",\"dateModified\":\"2021-01-19T15:10:22+00:00\",\"breadcrumb\":{\"@id\":\"https:\/\/www.greens-efa.eu\/dossier\/plus-de-poissons-dans-les-mers\/#breadcrumb\"},\"inLanguage\":\"en-GB\",\"potentialAction\":[{\"@type\":\"ReadAction\",\"target\":[\"https:\/\/www.greens-efa.eu\/dossier\/plus-de-poissons-dans-les-mers\/\"]}]},{\"@type\":\"BreadcrumbList\",\"@id\":\"https:\/\/www.greens-efa.eu\/dossier\/plus-de-poissons-dans-les-mers\/#breadcrumb\",\"itemListElement\":[{\"@type\":\"ListItem\",\"position\":1,\"name\":\"Home\",\"item\":\"https:\/\/www.greens-efa.eu\/dossier\/\"},{\"@type\":\"ListItem\",\"position\":2,\"name\":\"Plus de poissons dans les mers !\"}]},{\"@type\":\"WebSite\",\"@id\":\"https:\/\/www.greens-efa.eu\/dossier\/#website\",\"url\":\"https:\/\/www.greens-efa.eu\/dossier\/\",\"name\":\"Greens\/EFA\",\"description\":\"Greens\/EFA\",\"potentialAction\":[{\"@type\":\"SearchAction\",\"target\":{\"@type\":\"EntryPoint\",\"urlTemplate\":\"https:\/\/www.greens-efa.eu\/dossier\/?s={search_term_string}\"},\"query-input\":\"required name=search_term_string\"}],\"inLanguage\":\"en-GB\"}]}<\/script>\n<!-- \/ Yoast SEO plugin. -->","yoast_head_json":{"title":"Plus de poissons dans les mers ! - Greens\/EFA","robots":{"index":"index","follow":"follow","max-snippet":"max-snippet:-1","max-image-preview":"max-image-preview:large","max-video-preview":"max-video-preview:-1"},"canonical":"https:\/\/www.greens-efa.eu\/dossier\/plus-de-poissons-dans-les-mers\/","og_locale":"en_GB","og_type":"article","og_title":"Plus de poissons dans les mers ! - Greens\/EFA","og_description":"Pourquoi avons-nous besoin de plus de poissons dans les mers de l&#8217;UE ? Dans l&#8217;Union europ\u00e9enne, les flottes de p\u00eache sont g\u00e9r\u00e9es par la politique commune de la p\u00eache (PCP) depuis pr\u00e8s de 50 ans. Cependant, \u00e0 partir du milieu des ann\u00e9es 1990, les populations de poissons ont commenc\u00e9 \u00e0 diminuer fortement et les chiffres &hellip; Continue reading \"Plus de poissons dans les mers !\"","og_url":"https:\/\/www.greens-efa.eu\/dossier\/plus-de-poissons-dans-les-mers\/","og_site_name":"Greens\/EFA","article_modified_time":"2021-01-19T15:10:22+00:00","twitter_card":"summary_large_image","twitter_misc":{"Estimated reading time":"8 minutes"},"schema":{"@context":"https:\/\/schema.org","@graph":[{"@type":"WebPage","@id":"https:\/\/www.greens-efa.eu\/dossier\/plus-de-poissons-dans-les-mers\/","url":"https:\/\/www.greens-efa.eu\/dossier\/plus-de-poissons-dans-les-mers\/","name":"Plus de poissons dans les mers ! - Greens\/EFA","isPartOf":{"@id":"https:\/\/www.greens-efa.eu\/dossier\/#website"},"datePublished":"2021-01-19T12:02:31+00:00","dateModified":"2021-01-19T15:10:22+00:00","breadcrumb":{"@id":"https:\/\/www.greens-efa.eu\/dossier\/plus-de-poissons-dans-les-mers\/#breadcrumb"},"inLanguage":"en-GB","potentialAction":[{"@type":"ReadAction","target":["https:\/\/www.greens-efa.eu\/dossier\/plus-de-poissons-dans-les-mers\/"]}]},{"@type":"BreadcrumbList","@id":"https:\/\/www.greens-efa.eu\/dossier\/plus-de-poissons-dans-les-mers\/#breadcrumb","itemListElement":[{"@type":"ListItem","position":1,"name":"Home","item":"https:\/\/www.greens-efa.eu\/dossier\/"},{"@type":"ListItem","position":2,"name":"Plus de poissons dans les mers !"}]},{"@type":"WebSite","@id":"https:\/\/www.greens-efa.eu\/dossier\/#website","url":"https:\/\/www.greens-efa.eu\/dossier\/","name":"Greens\/EFA","description":"Greens\/EFA","potentialAction":[{"@type":"SearchAction","target":{"@type":"EntryPoint","urlTemplate":"https:\/\/www.greens-efa.eu\/dossier\/?s={search_term_string}"},"query-input":"required name=search_term_string"}],"inLanguage":"en-GB"}]}},"_links":{"self":[{"href":"https:\/\/www.greens-efa.eu\/dossier\/wp-json\/wp\/v2\/pages\/5720"}],"collection":[{"href":"https:\/\/www.greens-efa.eu\/dossier\/wp-json\/wp\/v2\/pages"}],"about":[{"href":"https:\/\/www.greens-efa.eu\/dossier\/wp-json\/wp\/v2\/types\/page"}],"author":[{"embeddable":true,"href":"https:\/\/www.greens-efa.eu\/dossier\/wp-json\/wp\/v2\/users\/2"}],"replies":[{"embeddable":true,"href":"https:\/\/www.greens-efa.eu\/dossier\/wp-json\/wp\/v2\/comments?post=5720"}],"version-history":[{"count":7,"href":"https:\/\/www.greens-efa.eu\/dossier\/wp-json\/wp\/v2\/pages\/5720\/revisions"}],"predecessor-version":[{"id":5730,"href":"https:\/\/www.greens-efa.eu\/dossier\/wp-json\/wp\/v2\/pages\/5720\/revisions\/5730"}],"wp:attachment":[{"href":"https:\/\/www.greens-efa.eu\/dossier\/wp-json\/wp\/v2\/media?parent=5720"}],"curies":[{"name":"wp","href":"https:\/\/api.w.org\/{rel}","templated":true}]}}