{"id":758,"date":"2019-03-27T20:59:22","date_gmt":"2019-03-27T20:59:22","guid":{"rendered":"https:\/\/www.greens-efa.eu\/dossier\/?page_id=758"},"modified":"2019-04-09T16:20:06","modified_gmt":"2019-04-09T16:20:06","slug":"eine-gesunde-umwelt","status":"publish","type":"page","link":"https:\/\/www.greens-efa.eu\/dossier\/start\/eine-gesunde-umwelt\/","title":{"rendered":"Eine gesunde Umwelt"},"content":{"rendered":"<div data-cont>\n\t\t\t\t\t<div class=\"sq ce  ce-img-right\" style=\"\">\n\t\t\t\t\t\t<div data-adders=\"0.6;do\" class=\"img ani-slide-left\" style=\"background-image: url(http:\/\/www.greens-efa.eu\/dossier\/wp-content\/uploads\/2019\/03\/des-flood.jpg);background-size:cover;\"><\/div>\n\t\t\t\t\t\t<div data-adders=\"0.6;do\" class=\"pr ani-slide-right\"><div class=\"txt tl z8 fs-subline \">Wir wollen unser Klima und unsere Umwelt sch\u00fctzen <br><u>f\u00fcr alle Generationen.<br><\/u> <span class=\"typewriter\" data-adders=\"0.7;js_start_type\"><br><\/span><\/div><\/div>\n\t\t\t\t\t<\/div>\n\t\t\t\t<\/div>\n\n<div data-cont>\n\t\t\t\t\t<div class=\"sq ce  ce-img-left\" style=\"\">\n\t\t\t\t\t\t<div data-adders=\"0.6;do\" class=\"img ani-slide-right\" style=\"background-image: url(http:\/\/www.greens-efa.eu\/dossier\/wp-content\/uploads\/2019\/03\/windmills_thomas-richter_neu.jpg);background-size:cover;\"><\/div>\n\t\t\t\t\t\t<div data-adders=\"0.6;do\" class=\"pr ani-slide-left\"><div class=\"txt tl z8 fs-subline \">Wir wollen 100% Erneuerbare Energien und k\u00e4mpfen f\u00fcr einen schnellen Ausstieg aus Kohle und Atom. <span class=\"typewriter\" data-adders=\"0.7;js_start_type\"><br><\/span><\/div><\/div>\n\t\t\t\t\t<\/div>\n\t\t\t\t<\/div>\n\n\n\t<div data-cont class=\"\">\n\t\t<div class=\"sq ce   ce-text ce-bigtext high-green tc\">\n\t\t\t<div class=\"txt tc z8 fs-subline \">\n\t\t\tDieser Wandel muss fair sein.<br> <span class=\"typewriter\" data-adders=\"0.5;js_start_type\"><em>F\u00fcr alle.<\/em><\/span>\n\t\t\t<\/div>\n\t\t<\/div>\n\t<\/div>\n\n<div data-cont>\n\t\t\t\t\t<div class=\"sq ce  ce-img-left\" style=\"\">\n\t\t\t\t\t\t<div data-adders=\"0.6;do\" class=\"img ani-slide-right\" style=\"background-image: url(http:\/\/www.greens-efa.eu\/dossier\/wp-content\/uploads\/2019\/03\/BEPMobilitySquare.gif);background-size:cover;\"><\/div>\n\t\t\t\t\t\t<div data-adders=\"0.6;do\" class=\"pr ani-slide-left\"><div class=\"txt tl z8 fs-subline \">Wir machen St\u00e4dte lebenswerter mit besseren Verbindungen zwischen Land und Stadt.<br><u><br><\/u> <span class=\"typewriter\" data-adders=\"0.7;js_start_type\"><br><\/span><\/div><\/div>\n\t\t\t\t\t<\/div>\n\t\t\t\t<\/div>\n\n<div data-cont>\n\t\t\t\t\t<div class=\"sq ce  ce-img-left\" style=\"color:#ffffff;background-color:#a0ff96;\">\n\t\t\t\t\t\t<div data-adders=\"0.6;do\" class=\"img ani-slide-right\" style=\"background-image: url(https:\/\/www.greens-efa.eu\/dossier\/wp-content\/uploads\/2019\/04\/robbe.gif);background-size:cover;\"><\/div>\n\t\t\t\t\t\t<div data-adders=\"0.6;do\" class=\"pr ani-slide-left\"><div class=\"txt tl z8 fs-subline \">Wir tun alles, um Natur und Artenvielfalt zu erhalten. Auf unseren Feldern, in unseren W\u00e4ldern, der Luft und den Ozeanen.<\/div><\/div>\n\t\t\t\t\t<\/div>\n\t\t\t\t<\/div>\n\n\n\t<div data-cont>\n\t\t<div class=\"ce  ce-list high-green tc\">\n\t\t\n<div class=\"gouter \" style=\"\"><div class=\"greens-content blk_core_heading\">\n<h2>DAS HABEN WIR ERREICHT:<\/h2>\n<\/div><\/div>\n\n<div class=\"gouter \" style=\"\"><div class=\"greens-content blk_core_list\">\n<ul><li  data-viewport>Ein Verbot von Einwegplastikprodukten in der EU<\/li><li  data-viewport>Eine Reform des Bio-Landbaus<\/li><li  data-viewport>Widerstand des Europ\u00e4ischen Parlaments gegen gentechnisch ver\u00e4nderter Pflanzen<\/li><li  data-viewport>Ein Drittel der gesamten Energie muss bis 2030 aus erneuerbaren Quellen kommen<\/li><li  data-viewport>Mehr Bienenschutz durch das Verbot sch\u00e4dlicher Pestizide und eine Verk\u00fcrzung der Zulassungsdauer f\u00fcr Glyphosat von 15 auf 5 Jahre<br><\/li><li  data-viewport>Erstmalige Grenzwerte f\u00fcr CO<sub>2<\/sub>-Emissionen von LKWs<\/li><li  data-viewport>Das Ende von Palm\u00f6l als Biokraftstoff<br><\/li><\/ul>\n<\/div><\/div>\n\n<div class=\"gouter \" style=\"\"><div class=\"greens-content blk_core_paragraph\">\n<p><\/p>\n<\/div><\/div>\n\n\t\t<\/div>\n\t<\/div>\n\n\n\t<div data-cont>\n\t\t<div class=\"ce  ce-list high-yellow tc\">\n\t\t\n<div class=\"gouter \" style=\"\"><div class=\"greens-content blk_core_heading\">\n<h2>Und daf\u00fcr k\u00e4mpfen wir in Zukunft:<\/h2>\n<\/div><\/div>\n\n<div class=\"gouter \" style=\"\"><div class=\"greens-content blk_core_list\">\n<ul><li  data-viewport>Massive EU- Investitionen in nachhaltigen Verkehr und erneuerbare Energien<\/li><li  data-viewport>Verbot aller gentechnisch ver\u00e4nderten Pflanzen, Pestizide und anderer giftiger Stoffe und deren Ersetzung durch sicherere alternative Anbaumethoden<\/li><li  data-viewport>Fairer, transparenter und wirksamer CO<sub>2-<\/sub> &#8211; Handel zur Unterst\u00fctzung der Energiewende<\/li><li  data-viewport>Alle Zahlungen aus dem EU-Agrarbudget m\u00fcssen an Klimaschutz, Biodiversit\u00e4t und Tierschutz gekoppelt werden<\/li><li  data-viewport>Mehr Transparenz in der Nahrungsmittelkette<\/li><\/ul>\n<\/div><\/div>\n\n<div class=\"gouter \" style=\"\"><div class=\"greens-content blk_core_paragraph\">\n<p><\/p>\n<\/div><\/div>\n\n\t\t<\/div>\n\t<\/div>","protected":false},"excerpt":{"rendered":"","protected":false},"author":2,"featured_media":0,"parent":722,"menu_order":1,"comment_status":"closed","ping_status":"closed","template":"page_sub.php","meta":[],"yoast_head":"<!-- This site is optimized with the Yoast SEO plugin v19.6.1 - https:\/\/yoast.com\/wordpress\/plugins\/seo\/ -->\n<title>Eine gesunde Umwelt - Greens\/EFA<\/title>\n<meta name=\"robots\" content=\"index, follow, max-snippet:-1, max-image-preview:large, max-video-preview:-1\" \/>\n<link rel=\"canonical\" href=\"https:\/\/www.greens-efa.eu\/dossier\/start\/eine-gesunde-umwelt\/\" \/>\n<meta property=\"og:locale\" content=\"en_GB\" \/>\n<meta property=\"og:type\" content=\"article\" \/>\n<meta property=\"og:title\" content=\"Eine gesunde Umwelt - Greens\/EFA\" \/>\n<meta property=\"og:url\" content=\"https:\/\/www.greens-efa.eu\/dossier\/start\/eine-gesunde-umwelt\/\" \/>\n<meta property=\"og:site_name\" content=\"Greens\/EFA\" \/>\n<meta property=\"article:modified_time\" content=\"2019-04-09T16:20:06+00:00\" \/>\n<meta name=\"twitter:card\" content=\"summary_large_image\" \/>\n<meta name=\"twitter:label1\" content=\"Estimated reading time\" \/>\n\t<meta name=\"twitter:data1\" content=\"1 minute\" \/>\n<script type=\"application\/ld+json\" class=\"yoast-schema-graph\">{\"@context\":\"https:\/\/schema.org\",\"@graph\":[{\"@type\":\"WebPage\",\"@id\":\"https:\/\/www.greens-efa.eu\/dossier\/start\/eine-gesunde-umwelt\/\",\"url\":\"https:\/\/www.greens-efa.eu\/dossier\/start\/eine-gesunde-umwelt\/\",\"name\":\"Eine gesunde Umwelt - Greens\/EFA\",\"isPartOf\":{\"@id\":\"https:\/\/www.greens-efa.eu\/dossier\/#website\"},\"datePublished\":\"2019-03-27T20:59:22+00:00\",\"dateModified\":\"2019-04-09T16:20:06+00:00\",\"breadcrumb\":{\"@id\":\"https:\/\/www.greens-efa.eu\/dossier\/start\/eine-gesunde-umwelt\/#breadcrumb\"},\"inLanguage\":\"en-GB\",\"potentialAction\":[{\"@type\":\"ReadAction\",\"target\":[\"https:\/\/www.greens-efa.eu\/dossier\/start\/eine-gesunde-umwelt\/\"]}]},{\"@type\":\"BreadcrumbList\",\"@id\":\"https:\/\/www.greens-efa.eu\/dossier\/start\/eine-gesunde-umwelt\/#breadcrumb\",\"itemListElement\":[{\"@type\":\"ListItem\",\"position\":1,\"name\":\"Home\",\"item\":\"https:\/\/www.greens-efa.eu\/dossier\/\"},{\"@type\":\"ListItem\",\"position\":2,\"name\":\"Home (DE)\",\"item\":\"https:\/\/www.greens-efa.eu\/dossier\/start\/\"},{\"@type\":\"ListItem\",\"position\":3,\"name\":\"Eine gesunde Umwelt\"}]},{\"@type\":\"WebSite\",\"@id\":\"https:\/\/www.greens-efa.eu\/dossier\/#website\",\"url\":\"https:\/\/www.greens-efa.eu\/dossier\/\",\"name\":\"Greens\/EFA\",\"description\":\"Greens\/EFA\",\"potentialAction\":[{\"@type\":\"SearchAction\",\"target\":{\"@type\":\"EntryPoint\",\"urlTemplate\":\"https:\/\/www.greens-efa.eu\/dossier\/?s={search_term_string}\"},\"query-input\":\"required name=search_term_string\"}],\"inLanguage\":\"en-GB\"}]}<\/script>\n<!-- \/ Yoast SEO plugin. -->","yoast_head_json":{"title":"Eine gesunde Umwelt - Greens\/EFA","robots":{"index":"index","follow":"follow","max-snippet":"max-snippet:-1","max-image-preview":"max-image-preview:large","max-video-preview":"max-video-preview:-1"},"canonical":"https:\/\/www.greens-efa.eu\/dossier\/start\/eine-gesunde-umwelt\/","og_locale":"en_GB","og_type":"article","og_title":"Eine gesunde Umwelt - Greens\/EFA","og_url":"https:\/\/www.greens-efa.eu\/dossier\/start\/eine-gesunde-umwelt\/","og_site_name":"Greens\/EFA","article_modified_time":"2019-04-09T16:20:06+00:00","twitter_card":"summary_large_image","twitter_misc":{"Estimated reading time":"1 minute"},"schema":{"@context":"https:\/\/schema.org","@graph":[{"@type":"WebPage","@id":"https:\/\/www.greens-efa.eu\/dossier\/start\/eine-gesunde-umwelt\/","url":"https:\/\/www.greens-efa.eu\/dossier\/start\/eine-gesunde-umwelt\/","name":"Eine gesunde Umwelt - Greens\/EFA","isPartOf":{"@id":"https:\/\/www.greens-efa.eu\/dossier\/#website"},"datePublished":"2019-03-27T20:59:22+00:00","dateModified":"2019-04-09T16:20:06+00:00","breadcrumb":{"@id":"https:\/\/www.greens-efa.eu\/dossier\/start\/eine-gesunde-umwelt\/#breadcrumb"},"inLanguage":"en-GB","potentialAction":[{"@type":"ReadAction","target":["https:\/\/www.greens-efa.eu\/dossier\/start\/eine-gesunde-umwelt\/"]}]},{"@type":"BreadcrumbList","@id":"https:\/\/www.greens-efa.eu\/dossier\/start\/eine-gesunde-umwelt\/#breadcrumb","itemListElement":[{"@type":"ListItem","position":1,"name":"Home","item":"https:\/\/www.greens-efa.eu\/dossier\/"},{"@type":"ListItem","position":2,"name":"Home (DE)","item":"https:\/\/www.greens-efa.eu\/dossier\/start\/"},{"@type":"ListItem","position":3,"name":"Eine gesunde Umwelt"}]},{"@type":"WebSite","@id":"https:\/\/www.greens-efa.eu\/dossier\/#website","url":"https:\/\/www.greens-efa.eu\/dossier\/","name":"Greens\/EFA","description":"Greens\/EFA","potentialAction":[{"@type":"SearchAction","target":{"@type":"EntryPoint","urlTemplate":"https:\/\/www.greens-efa.eu\/dossier\/?s={search_term_string}"},"query-input":"required name=search_term_string"}],"inLanguage":"en-GB"}]}},"_links":{"self":[{"href":"https:\/\/www.greens-efa.eu\/dossier\/wp-json\/wp\/v2\/pages\/758"}],"collection":[{"href":"https:\/\/www.greens-efa.eu\/dossier\/wp-json\/wp\/v2\/pages"}],"about":[{"href":"https:\/\/www.greens-efa.eu\/dossier\/wp-json\/wp\/v2\/types\/page"}],"author":[{"embeddable":true,"href":"https:\/\/www.greens-efa.eu\/dossier\/wp-json\/wp\/v2\/users\/2"}],"replies":[{"embeddable":true,"href":"https:\/\/www.greens-efa.eu\/dossier\/wp-json\/wp\/v2\/comments?post=758"}],"version-history":[{"count":17,"href":"https:\/\/www.greens-efa.eu\/dossier\/wp-json\/wp\/v2\/pages\/758\/revisions"}],"predecessor-version":[{"id":1113,"href":"https:\/\/www.greens-efa.eu\/dossier\/wp-json\/wp\/v2\/pages\/758\/revisions\/1113"}],"up":[{"embeddable":true,"href":"https:\/\/www.greens-efa.eu\/dossier\/wp-json\/wp\/v2\/pages\/722"}],"wp:attachment":[{"href":"https:\/\/www.greens-efa.eu\/dossier\/wp-json\/wp\/v2\/media?parent=758"}],"curies":[{"name":"wp","href":"https:\/\/api.w.org\/{rel}","templated":true}]}}