{"id":875,"date":"2019-04-17T13:51:37","date_gmt":"2019-04-17T13:51:37","guid":{"rendered":"https:\/\/www.greens-efa.eu\/dossier\/?page_id=875"},"modified":"2019-04-17T13:51:37","modified_gmt":"2019-04-17T13:51:37","slug":"des-droits-et-des-libertes","status":"publish","type":"page","link":"https:\/\/www.greens-efa.eu\/dossier\/accueil\/des-droits-et-des-libertes\/","title":{"rendered":"Des droits et libert\u00e9s"},"content":{"rendered":"<div data-cont>\n\t\t\t\t\t<div class=\"sq ce  ce-img-right\" style=\"\">\n\t\t\t\t\t\t<div data-adders=\"0.6;do\" class=\"img ani-slide-left\" style=\"background-image: url(https:\/\/www.greens-efa.eu\/dossier\/wp-content\/uploads\/2019\/03\/unsplash_photo-1544031100-42d143bc3037.jpg);background-size:cover;\"><\/div>\n\t\t\t\t\t\t<div data-adders=\"0.6;do\" class=\"pr ani-slide-right\"><div class=\"txt tl z8 fs-subline \"><br>Chacun-e<br>doit pouvoir \u00eatre libre<br>d&#8217;\u00eatre soi-m\u00eame<br>sans avoir \u00e0 subir de<br> <span class=\"typewriter\" data-adders=\"0.7;js_start_type\">discrimination.<br><\/span><\/div><\/div>\n\t\t\t\t\t<\/div>\n\t\t\t\t<\/div>\n\n\n\t<div data-cont class=\"\">\n\t\t<div class=\"sq ce   ce-text ce-bigtext high-green tc\">\n\t\t\t<div class=\"txt tc z8 fs-medium \">\n\t\t\tNous d\u00e9fendons l&#8217;auto-d\u00e9termination par des moyens pacifiques, <em>l&#8217;Etat de droit et les droits humains.<\/em>\n\t\t\t<\/div>\n\t\t<\/div>\n\t<\/div>\n\n<div data-cont>\n\t\t\t\t\t<div class=\"sq ce  ce-img-right\" style=\"color:#ffffff;background-color:#ffbe28;\">\n\t\t\t\t\t\t<div data-adders=\"0.6;do\" class=\"img ani-slide-left\" style=\"background-image: url(https:\/\/www.greens-efa.eu\/dossier\/wp-content\/uploads\/2019\/03\/unsplash_photo-1518398046578-8cca57782e17.jpg);background-size:cover;\"><\/div>\n\t\t\t\t\t\t<div data-adders=\"0.6;do\" class=\"pr ani-slide-right\"><div class=\"txt tl z8 fs-subline \">Nous voulons que l&#8217;Europe soit une terre d&#8217;accueil. Un lieu o\u00f9 la dignit\u00e9 et la libert\u00e9 ne sont pas  <span class=\"typewriter\" data-adders=\"0.7;js_start_type\">n\u00e9gociables.<\/span><\/div><\/div>\n\t\t\t\t\t<\/div>\n\t\t\t\t<\/div>\n\n<div data-cont>\n\t\t\t\t\t<div class=\"sq ce  ce-img-right\" style=\"background-color:#ffffff;\">\n\t\t\t\t\t\t<div data-adders=\"0.6;do\" class=\"img ani-slide-left\" style=\"background-image: url(https:\/\/www.greens-efa.eu\/dossier\/wp-content\/uploads\/2019\/03\/iStock-1072338828.jpg);background-size:cover;\"><\/div>\n\t\t\t\t\t\t<div data-adders=\"0.6;do\" class=\"pr ani-slide-right\"><div class=\"txt tl z8 fs-subline \">Une soci\u00e9t\u00e9 o\u00f9 les femmes ont le pouvoir de d\u00e9cider, et pas seulement de <span class=\"typewriter\" data-adders=\"0.7;js_start_type\">leur propre corps.<\/span><\/div><\/div>\n\t\t\t\t\t<\/div>\n\t\t\t\t<\/div>\n\n\n\t<div data-cont>\n\t\t<div class=\"ce  ce-list high-green tc\">\n\t\t\n<div class=\"gouter \" style=\"\"><div class=\"greens-content blk_core_heading\">\n<h2>Nous avons d\u00e9fendu vos droits et vos libert\u00e9s en :<\/h2>\n<\/div><\/div>\n\n<div class=\"gouter \" style=\"\"><div class=\"greens-content blk_core_list\">\n<ul><li  data-viewport>Menant le combat pour mettre un terme aux violations des droits fondamentaux et de l&#8217;Etat de droit en Hongrie<\/li><li  data-viewport>Prot\u00e9geant vos donn\u00e9es personnelles gr\u00e2ce au RGPD<\/li><li  data-viewport>Int\u00e9grant la dimension du genre dans toutes les politiques europ\u00e9ennes<\/li><li  data-viewport>Construisant une majorit\u00e9 en faveur de la r\u00e9installation de 160.000 r\u00e9fugi\u00e9s<\/li><li  data-viewport>Garantissant un fonds d&#8217;un demi-million d&#8217;euros pour des projets de journalisme d&#8217;investigation transfrontalier<\/li><\/ul>\n<\/div><\/div>\n\n<div class=\"gouter \" style=\"\"><div class=\"greens-content blk_core_paragraph\">\n<p><\/p>\n<\/div><\/div>\n\n\t\t<\/div>\n\t<\/div>\n\n\n\t<div data-cont>\n\t\t<div class=\"ce  ce-list high-yellow tc\">\n\t\t\n<div class=\"gouter \" style=\"\"><div class=\"greens-content blk_core_heading\">\n<h2>Et nous continuons \u00e0 nous battre pour:<\/h2>\n<\/div><\/div>\n\n<div class=\"gouter \" style=\"\"><div class=\"greens-content blk_core_list\">\n<ul><li  data-viewport>Une \u201ccitoyennet\u00e9 europ\u00e9enne\u201d qui octroie les m\u00eames droits \u00e0 toute personne vivant dans l&#8217;Union europ\u00e9enne, quelle que soit sa nationalit\u00e9 <\/li><li  data-viewport>Des mesures l\u00e9gislatives europ\u00e9ennes visant \u00e0 mettre fin \u00e0 la discrimination fond\u00e9e sur la religion ou les croyances, le handicap, l\u2019\u00e2ge ou l\u2019orientation sexuelle<\/li><li  data-viewport>Un code europ\u00e9en de l&#8217;immigration qui garantisse une entr\u00e9e s\u00fbre en Europe, \u00e9vite l\u2019exploitation sexuelle, la traite et les voyages p\u00e9rilleux<\/li><\/ul>\n<\/div><\/div>\n\n<div class=\"gouter \" style=\"\"><div class=\"greens-content blk_core_paragraph\">\n<p><\/p>\n<\/div><\/div>\n\n\t\t<\/div>\n\t<\/div>","protected":false},"excerpt":{"rendered":"","protected":false},"author":2,"featured_media":0,"parent":803,"menu_order":1,"comment_status":"closed","ping_status":"closed","template":"page_sub.php","meta":[],"yoast_head":"<!-- This site is optimized with the Yoast SEO plugin v19.6.1 - https:\/\/yoast.com\/wordpress\/plugins\/seo\/ -->\n<title>Des droits et libert\u00e9s - Greens\/EFA<\/title>\n<meta name=\"robots\" content=\"index, follow, max-snippet:-1, max-image-preview:large, max-video-preview:-1\" \/>\n<link rel=\"canonical\" href=\"https:\/\/www.greens-efa.eu\/dossier\/accueil\/des-droits-et-des-libertes\/\" \/>\n<meta property=\"og:locale\" content=\"en_GB\" \/>\n<meta property=\"og:type\" content=\"article\" \/>\n<meta property=\"og:title\" content=\"Des droits et libert\u00e9s - Greens\/EFA\" \/>\n<meta property=\"og:url\" content=\"https:\/\/www.greens-efa.eu\/dossier\/accueil\/des-droits-et-des-libertes\/\" \/>\n<meta property=\"og:site_name\" content=\"Greens\/EFA\" \/>\n<meta name=\"twitter:card\" content=\"summary_large_image\" \/>\n<meta name=\"twitter:label1\" content=\"Estimated reading time\" \/>\n\t<meta name=\"twitter:data1\" content=\"1 minute\" \/>\n<script type=\"application\/ld+json\" class=\"yoast-schema-graph\">{\"@context\":\"https:\/\/schema.org\",\"@graph\":[{\"@type\":\"WebPage\",\"@id\":\"https:\/\/www.greens-efa.eu\/dossier\/accueil\/des-droits-et-des-libertes\/\",\"url\":\"https:\/\/www.greens-efa.eu\/dossier\/accueil\/des-droits-et-des-libertes\/\",\"name\":\"Des droits et libert\u00e9s - Greens\/EFA\",\"isPartOf\":{\"@id\":\"https:\/\/www.greens-efa.eu\/dossier\/#website\"},\"datePublished\":\"2019-04-17T13:51:37+00:00\",\"dateModified\":\"2019-04-17T13:51:37+00:00\",\"breadcrumb\":{\"@id\":\"https:\/\/www.greens-efa.eu\/dossier\/accueil\/des-droits-et-des-libertes\/#breadcrumb\"},\"inLanguage\":\"en-GB\",\"potentialAction\":[{\"@type\":\"ReadAction\",\"target\":[\"https:\/\/www.greens-efa.eu\/dossier\/accueil\/des-droits-et-des-libertes\/\"]}]},{\"@type\":\"BreadcrumbList\",\"@id\":\"https:\/\/www.greens-efa.eu\/dossier\/accueil\/des-droits-et-des-libertes\/#breadcrumb\",\"itemListElement\":[{\"@type\":\"ListItem\",\"position\":1,\"name\":\"Home\",\"item\":\"https:\/\/www.greens-efa.eu\/dossier\/\"},{\"@type\":\"ListItem\",\"position\":2,\"name\":\"Home (FR)\",\"item\":\"https:\/\/www.greens-efa.eu\/dossier\/accueil\/\"},{\"@type\":\"ListItem\",\"position\":3,\"name\":\"Des droits et libert\u00e9s\"}]},{\"@type\":\"WebSite\",\"@id\":\"https:\/\/www.greens-efa.eu\/dossier\/#website\",\"url\":\"https:\/\/www.greens-efa.eu\/dossier\/\",\"name\":\"Greens\/EFA\",\"description\":\"Greens\/EFA\",\"potentialAction\":[{\"@type\":\"SearchAction\",\"target\":{\"@type\":\"EntryPoint\",\"urlTemplate\":\"https:\/\/www.greens-efa.eu\/dossier\/?s={search_term_string}\"},\"query-input\":\"required name=search_term_string\"}],\"inLanguage\":\"en-GB\"}]}<\/script>\n<!-- \/ Yoast SEO plugin. -->","yoast_head_json":{"title":"Des droits et libert\u00e9s - Greens\/EFA","robots":{"index":"index","follow":"follow","max-snippet":"max-snippet:-1","max-image-preview":"max-image-preview:large","max-video-preview":"max-video-preview:-1"},"canonical":"https:\/\/www.greens-efa.eu\/dossier\/accueil\/des-droits-et-des-libertes\/","og_locale":"en_GB","og_type":"article","og_title":"Des droits et libert\u00e9s - Greens\/EFA","og_url":"https:\/\/www.greens-efa.eu\/dossier\/accueil\/des-droits-et-des-libertes\/","og_site_name":"Greens\/EFA","twitter_card":"summary_large_image","twitter_misc":{"Estimated reading time":"1 minute"},"schema":{"@context":"https:\/\/schema.org","@graph":[{"@type":"WebPage","@id":"https:\/\/www.greens-efa.eu\/dossier\/accueil\/des-droits-et-des-libertes\/","url":"https:\/\/www.greens-efa.eu\/dossier\/accueil\/des-droits-et-des-libertes\/","name":"Des droits et libert\u00e9s - Greens\/EFA","isPartOf":{"@id":"https:\/\/www.greens-efa.eu\/dossier\/#website"},"datePublished":"2019-04-17T13:51:37+00:00","dateModified":"2019-04-17T13:51:37+00:00","breadcrumb":{"@id":"https:\/\/www.greens-efa.eu\/dossier\/accueil\/des-droits-et-des-libertes\/#breadcrumb"},"inLanguage":"en-GB","potentialAction":[{"@type":"ReadAction","target":["https:\/\/www.greens-efa.eu\/dossier\/accueil\/des-droits-et-des-libertes\/"]}]},{"@type":"BreadcrumbList","@id":"https:\/\/www.greens-efa.eu\/dossier\/accueil\/des-droits-et-des-libertes\/#breadcrumb","itemListElement":[{"@type":"ListItem","position":1,"name":"Home","item":"https:\/\/www.greens-efa.eu\/dossier\/"},{"@type":"ListItem","position":2,"name":"Home (FR)","item":"https:\/\/www.greens-efa.eu\/dossier\/accueil\/"},{"@type":"ListItem","position":3,"name":"Des droits et libert\u00e9s"}]},{"@type":"WebSite","@id":"https:\/\/www.greens-efa.eu\/dossier\/#website","url":"https:\/\/www.greens-efa.eu\/dossier\/","name":"Greens\/EFA","description":"Greens\/EFA","potentialAction":[{"@type":"SearchAction","target":{"@type":"EntryPoint","urlTemplate":"https:\/\/www.greens-efa.eu\/dossier\/?s={search_term_string}"},"query-input":"required name=search_term_string"}],"inLanguage":"en-GB"}]}},"_links":{"self":[{"href":"https:\/\/www.greens-efa.eu\/dossier\/wp-json\/wp\/v2\/pages\/875"}],"collection":[{"href":"https:\/\/www.greens-efa.eu\/dossier\/wp-json\/wp\/v2\/pages"}],"about":[{"href":"https:\/\/www.greens-efa.eu\/dossier\/wp-json\/wp\/v2\/types\/page"}],"author":[{"embeddable":true,"href":"https:\/\/www.greens-efa.eu\/dossier\/wp-json\/wp\/v2\/users\/2"}],"replies":[{"embeddable":true,"href":"https:\/\/www.greens-efa.eu\/dossier\/wp-json\/wp\/v2\/comments?post=875"}],"version-history":[{"count":11,"href":"https:\/\/www.greens-efa.eu\/dossier\/wp-json\/wp\/v2\/pages\/875\/revisions"}],"predecessor-version":[{"id":1015,"href":"https:\/\/www.greens-efa.eu\/dossier\/wp-json\/wp\/v2\/pages\/875\/revisions\/1015"}],"up":[{"embeddable":true,"href":"https:\/\/www.greens-efa.eu\/dossier\/wp-json\/wp\/v2\/pages\/803"}],"wp:attachment":[{"href":"https:\/\/www.greens-efa.eu\/dossier\/wp-json\/wp\/v2\/media?parent=875"}],"curies":[{"name":"wp","href":"https:\/\/api.w.org\/{rel}","templated":true}]}}