{"id":904,"date":"2019-04-04T10:46:25","date_gmt":"2019-04-04T10:46:25","guid":{"rendered":"https:\/\/www.greens-efa.eu\/dossier\/?page_id=904"},"modified":"2019-04-11T14:54:35","modified_gmt":"2019-04-11T14:54:35","slug":"vertrauenswuerdige-demokratie","status":"publish","type":"page","link":"https:\/\/www.greens-efa.eu\/dossier\/start\/vertrauenswuerdige-demokratie\/","title":{"rendered":"Vertrauensw\u00fcrdige Demokratie"},"content":{"rendered":"\n\t<div data-cont class=\"\">\n\t\t<div class=\"sq ce   ce-text ce-bigtext high-green tc\">\n\t\t\t<div class=\"txt tc z8 fs-medium \">\n\t\t\tWir stehen f\u00fcr eine Gesellschaft, in der Jeder das Recht hat, sich  <span class=\"typewriter\" data-adders=\"0.5;js_start_type\"><em>Geh\u00f6r zu verschaffen.<\/em><\/span>\n\t\t\t<\/div>\n\t\t<\/div>\n\t<\/div>\n\n<div data-cont>\n\t\t\t\t\t<div class=\"sq ce  ce-img-right\" style=\"\">\n\t\t\t\t\t\t<div data-adders=\"0.6;do\" class=\"img ani-slide-left\" style=\"background-image: url(https:\/\/www.greens-efa.eu\/dossier\/wp-content\/uploads\/2019\/04\/corruption-gedreht.gif);background-size:cover;\"><\/div>\n\t\t\t\t\t\t<div data-adders=\"0.6;do\" class=\"pr ani-slide-right\"><div class=\"txt tl z8 fs-subline \">Wo die M\u00e4chtigen verantwortlich und transparent handeln. Politik die Interessen der Menschen verteidigt und sich <u>nicht kaufen l\u00e4sst.<\/u><\/div><\/div>\n\t\t\t\t\t<\/div>\n\t\t\t\t<\/div>\n\n<div data-cont>\n\t\t\t\t\t<div class=\"sq ce  ce-img-left\" style=\"color:#ffffff;background-color:#ea4eb6;\">\n\t\t\t\t\t\t<div data-adders=\"0.6;do\" class=\"img ani-slide-right\" style=\"background-image: url(https:\/\/www.greens-efa.eu\/dossier\/wp-content\/uploads\/2019\/03\/elijah-o-donnell-603766-unsplash.jpg);background-size:cover;\"><\/div>\n\t\t\t\t\t\t<div data-adders=\"0.6;do\" class=\"pr ani-slide-left\"><div class=\"txt tl z8 fs-subline \">Wir k\u00e4mpfen f\u00fcr eine Demokratie, in der die Medien und \u00d6ffentlichkeit die <span class=\"typewriter\" data-adders=\"0.7;js_start_type\">M\u00e4chtigen kontrollieren.<\/span><\/div><\/div>\n\t\t\t\t\t<\/div>\n\t\t\t\t<\/div>\n\n\n\t<div data-cont>\n\t\t<div class=\"ce  ce-list high-green tc\">\n\t\t\n<div class=\"gouter \" style=\"\"><div class=\"greens-content blk_core_heading\">\n<h2>Das haben wir erreicht:<\/h2>\n<\/div><\/div>\n\n<div class=\"gouter \" style=\"\"><div class=\"greens-content blk_core_list\">\n<ul><li  data-viewport>Weniger Einfluss von Lobbyisten auf EU-Politik<\/li><li  data-viewport>Gesetzgebung um Whistleblower zu sch\u00fctzen<\/li><li  data-viewport>Bessere Regeln gegen Interessenkonflikte und Korruption bei EU-Entscheidungen und Ausgaben<\/li><li  data-viewport>Mehr Unterst\u00fctzung f\u00fcr investigative Journalisten und Informationsfreiheit<\/li><\/ul>\n<\/div><\/div>\n\n<div class=\"gouter \" style=\"\"><div class=\"greens-content blk_core_paragraph\">\n<p><\/p>\n<\/div><\/div>\n\n\t\t<\/div>\n\t<\/div>\n\n\n\t<div data-cont>\n\t\t<div class=\"ce  ce-list high-yellow tc\">\n\t\t\n<div class=\"gouter \" style=\"\"><div class=\"greens-content blk_core_heading\">\n<h2>UND DAF\u00dcR K\u00c4MPFEN WIR IN ZUKUNFT:<br><\/h2>\n<\/div><\/div>\n\n<div class=\"gouter \" style=\"\"><div class=\"greens-content blk_core_list\">\n<ul><li  data-viewport>Mehr Medienfreiheit und -pluralismus in ganz Europa <\/li><li  data-viewport>Eine unabh\u00e4ngige Agentur zur Aufkl\u00e4rung von unlauterem Verhalten innerhalb der EU-Institutionen<\/li><li  data-viewport>Mehr Transparenz bei den Entscheidungen nationaler Regierungen in Br\u00fcssel sowie der Verwendung \u00f6ffentlicher Gelder durch EU-Abgeordnete<\/li><\/ul>\n<\/div><\/div>\n\n<div class=\"gouter \" style=\"\"><div class=\"greens-content blk_core_paragraph\">\n<p><\/p>\n<\/div><\/div>\n\n\t\t<\/div>\n\t<\/div>","protected":false},"excerpt":{"rendered":"","protected":false},"author":2,"featured_media":0,"parent":722,"menu_order":1,"comment_status":"closed","ping_status":"closed","template":"page_sub.php","meta":[],"yoast_head":"<!-- This site is optimized with the Yoast SEO plugin v19.6.1 - https:\/\/yoast.com\/wordpress\/plugins\/seo\/ -->\n<title>Vertrauensw\u00fcrdige Demokratie - Greens\/EFA<\/title>\n<meta name=\"robots\" content=\"index, follow, max-snippet:-1, max-image-preview:large, max-video-preview:-1\" \/>\n<link rel=\"canonical\" href=\"https:\/\/www.greens-efa.eu\/dossier\/start\/vertrauenswuerdige-demokratie\/\" \/>\n<meta property=\"og:locale\" content=\"en_GB\" \/>\n<meta property=\"og:type\" content=\"article\" \/>\n<meta property=\"og:title\" content=\"Vertrauensw\u00fcrdige Demokratie - Greens\/EFA\" \/>\n<meta property=\"og:url\" content=\"https:\/\/www.greens-efa.eu\/dossier\/start\/vertrauenswuerdige-demokratie\/\" \/>\n<meta property=\"og:site_name\" content=\"Greens\/EFA\" \/>\n<meta property=\"article:modified_time\" content=\"2019-04-11T14:54:35+00:00\" \/>\n<meta name=\"twitter:card\" content=\"summary_large_image\" \/>\n<script type=\"application\/ld+json\" class=\"yoast-schema-graph\">{\"@context\":\"https:\/\/schema.org\",\"@graph\":[{\"@type\":\"WebPage\",\"@id\":\"https:\/\/www.greens-efa.eu\/dossier\/start\/vertrauenswuerdige-demokratie\/\",\"url\":\"https:\/\/www.greens-efa.eu\/dossier\/start\/vertrauenswuerdige-demokratie\/\",\"name\":\"Vertrauensw\u00fcrdige Demokratie - Greens\/EFA\",\"isPartOf\":{\"@id\":\"https:\/\/www.greens-efa.eu\/dossier\/#website\"},\"datePublished\":\"2019-04-04T10:46:25+00:00\",\"dateModified\":\"2019-04-11T14:54:35+00:00\",\"breadcrumb\":{\"@id\":\"https:\/\/www.greens-efa.eu\/dossier\/start\/vertrauenswuerdige-demokratie\/#breadcrumb\"},\"inLanguage\":\"en-GB\",\"potentialAction\":[{\"@type\":\"ReadAction\",\"target\":[\"https:\/\/www.greens-efa.eu\/dossier\/start\/vertrauenswuerdige-demokratie\/\"]}]},{\"@type\":\"BreadcrumbList\",\"@id\":\"https:\/\/www.greens-efa.eu\/dossier\/start\/vertrauenswuerdige-demokratie\/#breadcrumb\",\"itemListElement\":[{\"@type\":\"ListItem\",\"position\":1,\"name\":\"Home\",\"item\":\"https:\/\/www.greens-efa.eu\/dossier\/\"},{\"@type\":\"ListItem\",\"position\":2,\"name\":\"Home (DE)\",\"item\":\"https:\/\/www.greens-efa.eu\/dossier\/start\/\"},{\"@type\":\"ListItem\",\"position\":3,\"name\":\"Vertrauensw\u00fcrdige Demokratie\"}]},{\"@type\":\"WebSite\",\"@id\":\"https:\/\/www.greens-efa.eu\/dossier\/#website\",\"url\":\"https:\/\/www.greens-efa.eu\/dossier\/\",\"name\":\"Greens\/EFA\",\"description\":\"Greens\/EFA\",\"potentialAction\":[{\"@type\":\"SearchAction\",\"target\":{\"@type\":\"EntryPoint\",\"urlTemplate\":\"https:\/\/www.greens-efa.eu\/dossier\/?s={search_term_string}\"},\"query-input\":\"required name=search_term_string\"}],\"inLanguage\":\"en-GB\"}]}<\/script>\n<!-- \/ Yoast SEO plugin. -->","yoast_head_json":{"title":"Vertrauensw\u00fcrdige Demokratie - Greens\/EFA","robots":{"index":"index","follow":"follow","max-snippet":"max-snippet:-1","max-image-preview":"max-image-preview:large","max-video-preview":"max-video-preview:-1"},"canonical":"https:\/\/www.greens-efa.eu\/dossier\/start\/vertrauenswuerdige-demokratie\/","og_locale":"en_GB","og_type":"article","og_title":"Vertrauensw\u00fcrdige Demokratie - Greens\/EFA","og_url":"https:\/\/www.greens-efa.eu\/dossier\/start\/vertrauenswuerdige-demokratie\/","og_site_name":"Greens\/EFA","article_modified_time":"2019-04-11T14:54:35+00:00","twitter_card":"summary_large_image","schema":{"@context":"https:\/\/schema.org","@graph":[{"@type":"WebPage","@id":"https:\/\/www.greens-efa.eu\/dossier\/start\/vertrauenswuerdige-demokratie\/","url":"https:\/\/www.greens-efa.eu\/dossier\/start\/vertrauenswuerdige-demokratie\/","name":"Vertrauensw\u00fcrdige Demokratie - Greens\/EFA","isPartOf":{"@id":"https:\/\/www.greens-efa.eu\/dossier\/#website"},"datePublished":"2019-04-04T10:46:25+00:00","dateModified":"2019-04-11T14:54:35+00:00","breadcrumb":{"@id":"https:\/\/www.greens-efa.eu\/dossier\/start\/vertrauenswuerdige-demokratie\/#breadcrumb"},"inLanguage":"en-GB","potentialAction":[{"@type":"ReadAction","target":["https:\/\/www.greens-efa.eu\/dossier\/start\/vertrauenswuerdige-demokratie\/"]}]},{"@type":"BreadcrumbList","@id":"https:\/\/www.greens-efa.eu\/dossier\/start\/vertrauenswuerdige-demokratie\/#breadcrumb","itemListElement":[{"@type":"ListItem","position":1,"name":"Home","item":"https:\/\/www.greens-efa.eu\/dossier\/"},{"@type":"ListItem","position":2,"name":"Home (DE)","item":"https:\/\/www.greens-efa.eu\/dossier\/start\/"},{"@type":"ListItem","position":3,"name":"Vertrauensw\u00fcrdige Demokratie"}]},{"@type":"WebSite","@id":"https:\/\/www.greens-efa.eu\/dossier\/#website","url":"https:\/\/www.greens-efa.eu\/dossier\/","name":"Greens\/EFA","description":"Greens\/EFA","potentialAction":[{"@type":"SearchAction","target":{"@type":"EntryPoint","urlTemplate":"https:\/\/www.greens-efa.eu\/dossier\/?s={search_term_string}"},"query-input":"required name=search_term_string"}],"inLanguage":"en-GB"}]}},"_links":{"self":[{"href":"https:\/\/www.greens-efa.eu\/dossier\/wp-json\/wp\/v2\/pages\/904"}],"collection":[{"href":"https:\/\/www.greens-efa.eu\/dossier\/wp-json\/wp\/v2\/pages"}],"about":[{"href":"https:\/\/www.greens-efa.eu\/dossier\/wp-json\/wp\/v2\/types\/page"}],"author":[{"embeddable":true,"href":"https:\/\/www.greens-efa.eu\/dossier\/wp-json\/wp\/v2\/users\/2"}],"replies":[{"embeddable":true,"href":"https:\/\/www.greens-efa.eu\/dossier\/wp-json\/wp\/v2\/comments?post=904"}],"version-history":[{"count":12,"href":"https:\/\/www.greens-efa.eu\/dossier\/wp-json\/wp\/v2\/pages\/904\/revisions"}],"predecessor-version":[{"id":1123,"href":"https:\/\/www.greens-efa.eu\/dossier\/wp-json\/wp\/v2\/pages\/904\/revisions\/1123"}],"up":[{"embeddable":true,"href":"https:\/\/www.greens-efa.eu\/dossier\/wp-json\/wp\/v2\/pages\/722"}],"wp:attachment":[{"href":"https:\/\/www.greens-efa.eu\/dossier\/wp-json\/wp\/v2\/media?parent=904"}],"curies":[{"name":"wp","href":"https:\/\/api.w.org\/{rel}","templated":true}]}}