{"id":930,"date":"2019-04-17T13:49:00","date_gmt":"2019-04-17T13:49:00","guid":{"rendered":"https:\/\/www.greens-efa.eu\/dossier\/?page_id=930"},"modified":"2019-04-17T13:49:00","modified_gmt":"2019-04-17T13:49:00","slug":"une-democratie-fiable","status":"publish","type":"page","link":"https:\/\/www.greens-efa.eu\/dossier\/accueil\/une-democratie-fiable\/","title":{"rendered":"Une d\u00e9mocratie fiable"},"content":{"rendered":"<div class=\"gouter \" style=\"\"><div class=\"greens-content blk_core_paragraph\">\n<p><\/p>\n<\/div><\/div>\n\n\n\t<div data-cont class=\"\">\n\t\t<div class=\"sq ce   ce-text ce-bigtext high-green tc\">\n\t\t\t<div class=\"txt tc z8 fs-medium \">\n\t\t\tNous d\u00e9fendons une soci\u00e9t\u00e9 o\u00f9 chacun-e a le droit de <span class=\"typewriter\" data-adders=\"0.5;js_start_type\"><em>s&#8217;exprimer.<\/em><\/span>\n\t\t\t<\/div>\n\t\t<\/div>\n\t<\/div>\n\n<div data-cont>\n\t\t\t\t\t<div class=\"sq ce  ce-img-right\" style=\"\">\n\t\t\t\t\t\t<div data-adders=\"0.6;do\" class=\"img ani-slide-left\" style=\"background-image: url(https:\/\/www.greens-efa.eu\/dossier\/wp-content\/uploads\/2019\/04\/corruption-gedreht.gif);background-size:cover;\"><\/div>\n\t\t\t\t\t\t<div data-adders=\"0.6;do\" class=\"pr ani-slide-right\"><div class=\"txt tl z8 fs-subline \">O\u00f9 les dirigeants agissent en toute responsabilit\u00e9 et transparence. O\u00f9 les hommes et femmes politiques d\u00e9fendent l&#8217;int\u00e9r\u00eat public et <u>refusent tout marchandage.<\/u> <span class=\"typewriter\" data-adders=\"0.7;js_start_type\"><br><\/span><\/div><\/div>\n\t\t\t\t\t<\/div>\n\t\t\t\t<\/div>\n\n<div data-cont>\n\t\t\t\t\t<div class=\"sq ce  ce-img-left\" style=\"color:#ffffff;background-color:#ea4eb6;\">\n\t\t\t\t\t\t<div data-adders=\"0.6;do\" class=\"img ani-slide-right\" style=\"background-image: url(https:\/\/www.greens-efa.eu\/dossier\/wp-content\/uploads\/2019\/03\/elijah-o-donnell-603766-unsplash.jpg);background-size:cover;\"><\/div>\n\t\t\t\t\t\t<div data-adders=\"0.6;do\" class=\"pr ani-slide-left\"><div class=\"txt tl z8 fs-subline \">Nous luttons pour une d\u00e9mocratie forte o\u00f9 le public et les m\u00e9dias peuvent <span class=\"typewriter\" data-adders=\"0.7;js_start_type\">contr\u00f4ler ceux qui sont au pouvoir.<\/span><\/div><\/div>\n\t\t\t\t\t<\/div>\n\t\t\t\t<\/div>\n\n\n\t<div data-cont>\n\t\t<div class=\"ce  ce-list high-green tc\">\n\t\t\n<div class=\"gouter \" style=\"\"><div class=\"greens-content blk_core_heading\">\n<h2>Nous avons d\u00e9fendu la d\u00e9mocratie en:<\/h2>\n<\/div><\/div>\n\n<div class=\"gouter \" style=\"\"><div class=\"greens-content blk_core_list\">\n<ul><li  data-viewport>Contr\u00f4lant l&#8217;influence des groupes de pression<\/li><li  data-viewport>L\u00e9gif\u00e9rant pour prot\u00e9ger les lanceurs d&#8217;alerte de repr\u00e9sailles<\/li><li  data-viewport>Nous effor\u00e7ant de mettre fin aux conflits d&#8217;int\u00e9r\u00eats et \u00e0 la corruption dans le processus d\u00e9cisionnel et les d\u00e9penses de l&#8217;UE<\/li><li  data-viewport>D\u00e9fendant le journalisme d&#8217;investigation et en luttant pour la libert\u00e9 d&#8217;informer<\/li><\/ul>\n<\/div><\/div>\n\n<div class=\"gouter \" style=\"\"><div class=\"greens-content blk_core_paragraph\">\n<p><\/p>\n<\/div><\/div>\n\n\t\t<\/div>\n\t<\/div>\n\n\n\t<div data-cont>\n\t\t<div class=\"ce  ce-list high-yellow tc\">\n\t\t\n<div class=\"gouter \" style=\"\"><div class=\"greens-content blk_core_heading\">\n<h2>Et nous continuons \u00e0 nous battre pour:<\/h2>\n<\/div><\/div>\n\n<div class=\"gouter \" style=\"\"><div class=\"greens-content blk_core_list\">\n<ul><li  data-viewport>La libert\u00e9 et le pluralisme des m\u00e9dias \u00e0 travers l&#8217;Europe, et la s\u00e9curit\u00e9 des journalistes dans l&#8217;exercice de leur m\u00e9tier<\/li><li  data-viewport>Une agence europ\u00e9enne ind\u00e9pendante pour traquer les comportements contraires \u00e0 la morale dans les institutions europ\u00e9ennes<\/li><li  data-viewport> Plus de transparence dans la mani\u00e8re dont les gouvernements d\u00e9cident \u00e0 Bruxelles et dans les d\u00e9penses des \u00e9lus europ\u00e9ens<\/li><\/ul>\n<\/div><\/div>\n\n<div class=\"gouter \" style=\"\"><div class=\"greens-content blk_core_paragraph\">\n<p><\/p>\n<\/div><\/div>\n\n\t\t<\/div>\n\t<\/div>","protected":false},"excerpt":{"rendered":"","protected":false},"author":2,"featured_media":0,"parent":803,"menu_order":1,"comment_status":"closed","ping_status":"closed","template":"page_sub.php","meta":[],"yoast_head":"<!-- This site is optimized with the Yoast SEO plugin v19.6.1 - https:\/\/yoast.com\/wordpress\/plugins\/seo\/ -->\n<title>Une d\u00e9mocratie fiable - Greens\/EFA<\/title>\n<meta name=\"robots\" content=\"index, follow, max-snippet:-1, max-image-preview:large, max-video-preview:-1\" \/>\n<link rel=\"canonical\" href=\"https:\/\/www.greens-efa.eu\/dossier\/accueil\/une-democratie-fiable\/\" \/>\n<meta property=\"og:locale\" content=\"en_GB\" \/>\n<meta property=\"og:type\" content=\"article\" \/>\n<meta property=\"og:title\" content=\"Une d\u00e9mocratie fiable - Greens\/EFA\" \/>\n<meta property=\"og:url\" content=\"https:\/\/www.greens-efa.eu\/dossier\/accueil\/une-democratie-fiable\/\" \/>\n<meta property=\"og:site_name\" content=\"Greens\/EFA\" \/>\n<meta name=\"twitter:card\" content=\"summary_large_image\" \/>\n<meta name=\"twitter:label1\" content=\"Estimated reading time\" \/>\n\t<meta name=\"twitter:data1\" content=\"1 minute\" \/>\n<script type=\"application\/ld+json\" class=\"yoast-schema-graph\">{\"@context\":\"https:\/\/schema.org\",\"@graph\":[{\"@type\":\"WebPage\",\"@id\":\"https:\/\/www.greens-efa.eu\/dossier\/accueil\/une-democratie-fiable\/\",\"url\":\"https:\/\/www.greens-efa.eu\/dossier\/accueil\/une-democratie-fiable\/\",\"name\":\"Une d\u00e9mocratie fiable - Greens\/EFA\",\"isPartOf\":{\"@id\":\"https:\/\/www.greens-efa.eu\/dossier\/#website\"},\"datePublished\":\"2019-04-17T13:49:00+00:00\",\"dateModified\":\"2019-04-17T13:49:00+00:00\",\"breadcrumb\":{\"@id\":\"https:\/\/www.greens-efa.eu\/dossier\/accueil\/une-democratie-fiable\/#breadcrumb\"},\"inLanguage\":\"en-GB\",\"potentialAction\":[{\"@type\":\"ReadAction\",\"target\":[\"https:\/\/www.greens-efa.eu\/dossier\/accueil\/une-democratie-fiable\/\"]}]},{\"@type\":\"BreadcrumbList\",\"@id\":\"https:\/\/www.greens-efa.eu\/dossier\/accueil\/une-democratie-fiable\/#breadcrumb\",\"itemListElement\":[{\"@type\":\"ListItem\",\"position\":1,\"name\":\"Home\",\"item\":\"https:\/\/www.greens-efa.eu\/dossier\/\"},{\"@type\":\"ListItem\",\"position\":2,\"name\":\"Home (FR)\",\"item\":\"https:\/\/www.greens-efa.eu\/dossier\/accueil\/\"},{\"@type\":\"ListItem\",\"position\":3,\"name\":\"Une d\u00e9mocratie fiable\"}]},{\"@type\":\"WebSite\",\"@id\":\"https:\/\/www.greens-efa.eu\/dossier\/#website\",\"url\":\"https:\/\/www.greens-efa.eu\/dossier\/\",\"name\":\"Greens\/EFA\",\"description\":\"Greens\/EFA\",\"potentialAction\":[{\"@type\":\"SearchAction\",\"target\":{\"@type\":\"EntryPoint\",\"urlTemplate\":\"https:\/\/www.greens-efa.eu\/dossier\/?s={search_term_string}\"},\"query-input\":\"required name=search_term_string\"}],\"inLanguage\":\"en-GB\"}]}<\/script>\n<!-- \/ Yoast SEO plugin. -->","yoast_head_json":{"title":"Une d\u00e9mocratie fiable - Greens\/EFA","robots":{"index":"index","follow":"follow","max-snippet":"max-snippet:-1","max-image-preview":"max-image-preview:large","max-video-preview":"max-video-preview:-1"},"canonical":"https:\/\/www.greens-efa.eu\/dossier\/accueil\/une-democratie-fiable\/","og_locale":"en_GB","og_type":"article","og_title":"Une d\u00e9mocratie fiable - Greens\/EFA","og_url":"https:\/\/www.greens-efa.eu\/dossier\/accueil\/une-democratie-fiable\/","og_site_name":"Greens\/EFA","twitter_card":"summary_large_image","twitter_misc":{"Estimated reading time":"1 minute"},"schema":{"@context":"https:\/\/schema.org","@graph":[{"@type":"WebPage","@id":"https:\/\/www.greens-efa.eu\/dossier\/accueil\/une-democratie-fiable\/","url":"https:\/\/www.greens-efa.eu\/dossier\/accueil\/une-democratie-fiable\/","name":"Une d\u00e9mocratie fiable - Greens\/EFA","isPartOf":{"@id":"https:\/\/www.greens-efa.eu\/dossier\/#website"},"datePublished":"2019-04-17T13:49:00+00:00","dateModified":"2019-04-17T13:49:00+00:00","breadcrumb":{"@id":"https:\/\/www.greens-efa.eu\/dossier\/accueil\/une-democratie-fiable\/#breadcrumb"},"inLanguage":"en-GB","potentialAction":[{"@type":"ReadAction","target":["https:\/\/www.greens-efa.eu\/dossier\/accueil\/une-democratie-fiable\/"]}]},{"@type":"BreadcrumbList","@id":"https:\/\/www.greens-efa.eu\/dossier\/accueil\/une-democratie-fiable\/#breadcrumb","itemListElement":[{"@type":"ListItem","position":1,"name":"Home","item":"https:\/\/www.greens-efa.eu\/dossier\/"},{"@type":"ListItem","position":2,"name":"Home (FR)","item":"https:\/\/www.greens-efa.eu\/dossier\/accueil\/"},{"@type":"ListItem","position":3,"name":"Une d\u00e9mocratie fiable"}]},{"@type":"WebSite","@id":"https:\/\/www.greens-efa.eu\/dossier\/#website","url":"https:\/\/www.greens-efa.eu\/dossier\/","name":"Greens\/EFA","description":"Greens\/EFA","potentialAction":[{"@type":"SearchAction","target":{"@type":"EntryPoint","urlTemplate":"https:\/\/www.greens-efa.eu\/dossier\/?s={search_term_string}"},"query-input":"required name=search_term_string"}],"inLanguage":"en-GB"}]}},"_links":{"self":[{"href":"https:\/\/www.greens-efa.eu\/dossier\/wp-json\/wp\/v2\/pages\/930"}],"collection":[{"href":"https:\/\/www.greens-efa.eu\/dossier\/wp-json\/wp\/v2\/pages"}],"about":[{"href":"https:\/\/www.greens-efa.eu\/dossier\/wp-json\/wp\/v2\/types\/page"}],"author":[{"embeddable":true,"href":"https:\/\/www.greens-efa.eu\/dossier\/wp-json\/wp\/v2\/users\/2"}],"replies":[{"embeddable":true,"href":"https:\/\/www.greens-efa.eu\/dossier\/wp-json\/wp\/v2\/comments?post=930"}],"version-history":[{"count":5,"href":"https:\/\/www.greens-efa.eu\/dossier\/wp-json\/wp\/v2\/pages\/930\/revisions"}],"predecessor-version":[{"id":1004,"href":"https:\/\/www.greens-efa.eu\/dossier\/wp-json\/wp\/v2\/pages\/930\/revisions\/1004"}],"up":[{"embeddable":true,"href":"https:\/\/www.greens-efa.eu\/dossier\/wp-json\/wp\/v2\/pages\/803"}],"wp:attachment":[{"href":"https:\/\/www.greens-efa.eu\/dossier\/wp-json\/wp\/v2\/media?parent=930"}],"curies":[{"name":"wp","href":"https:\/\/api.w.org\/{rel}","templated":true}]}}