{"id":937,"date":"2019-04-04T13:28:15","date_gmt":"2019-04-04T13:28:15","guid":{"rendered":"https:\/\/www.greens-efa.eu\/dossier\/?page_id=937"},"modified":"2019-04-17T13:54:34","modified_gmt":"2019-04-17T13:54:34","slug":"notre-groupe","status":"publish","type":"page","link":"https:\/\/www.greens-efa.eu\/dossier\/accueil\/notre-groupe\/","title":{"rendered":"Notre Groupe"},"content":{"rendered":"\n\t<div data-cont class=\"\">\n\t\t<div class=\"sq ce half  ce-text ce-bigtext high-green tc\">\n\t\t\t<div class=\"txt tc z8 fs-subline \">\n\t\t\tLes Verts sont une <em>force \u00e9tablie <\/em>au sein de la politique europ\u00e9enne, o\u00f9 ils sont repr\u00e9sent\u00e9s au Parlement europ\u00e9en depuis 1984. Nous nous sommes impos\u00e9s comme l&#8217;un des acteurs influents de la vie parlementaire et depuis 35 ans, <em>nous faisons la diff\u00e9rence<\/em> au sein de l&#8217;institution. Nous nous effor\u00e7ons de faire de l&#8217;Europe le chef de file de la protection de l&#8217;environnement, de la paix et de la justice sociale, de la mondialisation \u00e9quitable et de la d\u00e9fense des droits de l&#8217;homme.\n\t\t\t<\/div>\n\t\t<\/div>\n\t<\/div>\n\n\n\t<div data-cont class=\"\">\n\t\t\n\n\t\t\n\t\t\t<div class=\"embed-responsive embed-responsive-16by9\">\n\t\t\t<iframe loading=\"lazy\" class=\"embed-responsive-item\" width=\"560\" height=\"315\" src=\"https:\/\/www.youtube-nocookie.com\/embed\/sHglq9RpD0Y?autoplay=1&#038;mute=0&#038;loop=0&#038;autohide=1&#038;showinfo=0&#038;rel=0&#038;modestbranding=1&#038;controls=0\" frameborder=\"0\" allow=\"accelerometer; autoplay; encrypted-media; gyroscope; picture-in-picture\" allowfullscreen><\/iframe>\n\t\t\t<\/div>\n\t<\/div>\n\n\n\t<div data-cont class=\"\">\n\t\t<div class=\"sq ce half  ce-text ce-bigtext high-orange tc\">\n\t\t\t<div class=\"txt tc z8 fs-subline \">\n\t\t\tLe Groupe des Verts\/Alliance Libre Europ\u00e9enne est n\u00e9 en juillet 1999 de la volont\u00e9 politique de deux familles politiques europ\u00e9ennes s\u00e9par\u00e9es et progressistes, de coop\u00e9rer au sein du Parlement europ\u00e9en.\n\t\t\t<\/div>\n\t\t<\/div>\n\t<\/div>\n\n<div data-cont>\n\t\t\t\t\t<div class=\"sq ce  ce-img-right\" style=\"color:#ffffff;background-color:#000000;\">\n\t\t\t\t\t\t<div data-adders=\"0.6;do\" class=\"img ani-slide-left\" style=\"background-image: url(https:\/\/www.greens-efa.eu\/dossier\/wp-content\/uploads\/2019\/03\/11699041_931320386928813_2746133822844615686_o.jpg);background-size:cover;\"><\/div>\n\t\t\t\t\t\t<div data-adders=\"0.6;do\" class=\"pr ani-slide-right\"><div class=\"txt tl z8 fs-subline \">Il compte 52 d\u00e9put\u00e9-e-s <br>venant d&#8217;horizons diff\u00e9rents, <br>de 18 pays et de 5 r\u00e9gions.<\/div><\/div>\n\t\t\t\t\t<\/div>\n\t\t\t\t<\/div>\n\n\n\t<div data-cont class=\"\">\n\t\t<div class=\"sq ce half  ce-text ce-bigtext high-green tc\">\n\t\t\t<div class=\"txt tc z8 fs-subline \">\n\t\t\tLes VERTS\/ALE forment un groupe politique au Parlement europ\u00e9en compos\u00e9 d&#8217;\u00e9lu.e.s \u00e9cologistes et du parti pirate, d&#8217;eurod\u00e9put\u00e9.e.s ind\u00e9pendant.e.s ainsi que de d\u00e9put\u00e9.e.s de partis repr\u00e9sentant des nations sans \u00c9tat et des minorit\u00e9s d\u00e9favoris\u00e9es. Mais nous sommes plus qu&#8217;unis dans la diversit\u00e9: avec plus de 95% de coh\u00e9sion, notre groupe est <em>le plus coh\u00e9rent<\/em> dans ses votes. Plus que la taille et le nombre, notre vision et notre engagement font la diff\u00e9rence. C&#8217;est pourquoi <em>notre<\/em> <em>impact<\/em> va au-del\u00e0 de notre repr\u00e9sentation num\u00e9rique et <em>nos luttes de toujours <\/em>s&#8217;av\u00e8rent \u00eatre les d\u00e9fis majeurs d&#8217;aujourd&#8217;hui et des ann\u00e9es \u00e0 venir. <span class=\"typewriter\" data-adders=\"0.5;js_start_type\">D\u00e9couvrez-en davantage sur notre Groupe, nos priorit\u00e9s et notre histoire <em><a href=\"http:\/\/google.de\">ici<\/a>.<\/em><br><\/span>\n\t\t\t<\/div>\n\t\t<\/div>\n\t<\/div>\n\n\n\t<div data-cont class=\"\">\n\t\t\n\n\t\t\n\t\t\t<div class=\"embed-responsive embed-responsive-16by9\">\n\t\t\t<iframe loading=\"lazy\" class=\"embed-responsive-item\" width=\"560\" height=\"315\" src=\"https:\/\/www.youtube-nocookie.com\/embed\/D6zxK5XpJLU?autoplay=1&#038;mute=1&#038;loop=0&#038;autohide=1&#038;showinfo=0&#038;rel=0&#038;modestbranding=1&#038;controls=0\" frameborder=\"0\" allow=\"accelerometer; autoplay; encrypted-media; gyroscope; picture-in-picture\" allowfullscreen><\/iframe>\n\t\t\t<\/div>\n\t<\/div>\n\n\n\t<div data-cont class=\"\">\n\t\t<div class=\"sq ce half  ce-text ce-bigtext high-green tc\">\n\t\t\t<div class=\"txt tc z8 fs-subline \">\n\t\t\tLisez les combats que nous avons men\u00e9s et les succ\u00e8s remport\u00e9s <a aria-label=\" (opens in a new tab)\" rel=\"noreferrer noopener\" href=\"https:\/\/www.greens-efa.eu\/dossier\/home\/achievements\/\" target=\"_blank\">au cours de cette l\u00e9gislature.<\/a><br> <span class=\"typewriter\" data-adders=\"0.5;js_start_type\"><br>Et lors de <a aria-label=\" (opens in a new tab)\" rel=\"noreferrer noopener\" href=\"http:\/\/www.greens2014.eu\/\" target=\"_blank\">la pr\u00e9c\u00e9dente<\/a> &#8230;<br>Et de <a href=\"http:\/\/extranet.greens-efa-service.eu\/public\/media\/file\/1\/5922\">la pr\u00e9c\u00e9dente<\/a> encore \u2026 <br>Et m\u00eame de <a aria-label=\"one (opens in a new tab)\" rel=\"noreferrer noopener\" href=\"http:\/\/extranet.greens-efa-service.eu\/public\/media\/file\/1\/5923\" target=\"_blank\">celle d&#8217;avant <\/a>\u2026.<\/span>\n\t\t\t<\/div>\n\t\t<\/div>\n\t<\/div>\n\n\n\t<div data-cont>\n\n\t\t<div class=\"pat_0 z5\"\n\t\t\t\tdata-adders=\"1.0;pfixed|22.0;pab_0\">\n\t\t\t<div class=\"vph z5 bg-green1 tc\">\n\t\t\t\t<div class=\"txt h50 fs-mega2 uc color-green-dark\"  style=\"padding-top: 20vh;\">\n\t\t\t\t\t<div class=\"\" style=\"position:relative;\">\n\t\t\t\t\t\t<div style=\"opacity:0;\">\n\t\t\t\t\t\t\t<span class=\"e0\">We&nbsp;<\/span><span class=\"e1\">Change&nbsp;<\/span><span class=\"e2\">Europe&nbsp;<\/span>\n\t\t\t\t\t\t<\/div>\n\t\t\t\t\t\t<div class=\"pat_0 ani ofv ani-triple-top\" data-adders=\"0.5;do\">\n\t\t\t\t\t\t\t<span class=\"e0\">We&nbsp;<\/span><span class=\"e1\">Change&nbsp;<\/span><span class=\"e2\">Europe&nbsp;<\/span>\n\t\t\t\t\t\t<\/div>\n\t\t\t\t\t<\/div>\n\t\t\t\t<\/div>\n\t\t\t\t<div class=\"vphalf fs-normal footer-links fade\" data-adders=\"0.5;do\">\n\t\t\t\t\t<div class=\"txt h40\">\n\t\t\t\t\t\t<div class=\"container\">\n\t\t\t\t\t\t\t<div class=\"row uc d\">\n\t\t\t\t\t\t\t\t<div class=\"col tr\"><p><a class=\"btn-dotted\" href=\"\/achievements\">Achievements<\/a><\/p><\/div>\n\t\t<div class=\"col tc\"><p><a class=\"btn-dotted\" href=\"\/home\">Home<\/a><\/p><\/div>\n\t\t<div class=\"col tl\"><p><a class=\"btn-dotted\" href=\"\/the-plan\">The Plan<\/a><\/p><\/div>\n\t\t\t\t\t\t\t<\/div>\n\n\t\t\t\t\t\t\t<div class=\"tc fs-small\" style=\"padding: 4vh 0vh 4vh 0;\">\n\t\t\t\t\t\t\t\t<p><a href=\"https:\/\/www.greens-efa.eu\/\/\">www.greens-efa.eu<\/a>\n\t\t\t\t\t\t\t<\/div>\n\n\t\t\t\t\t\t\t<div class=\"row fs-small\">\n\t\t\t\t\t\t\t\t<div class=\"col tr\"><p><a href=\"http:\/\/www.facebook.com\/greensefa\" target=\"_blank\">facebook<\/a><\/p><\/div>\n\t\t\t\t\t\t\t\t<div class=\"col tc\"><p><a href=\"http:\/\/twitter.com\/GreensEFA\" target=\"_blank\">twitter<\/a><\/p><\/div>\n\t\t\t\t\t\t\t\t<div class=\"col tl\"><p><a href=\"https:\/\/www.instagram.com\/greensefa\/\" target=\"_blank\">instagram<\/a><\/p><\/div>\n\t\t\t\t\t\t\t<\/div>\n\t\t\t\t\t\t\n\t\t\t\t\t\t<\/div>\n\t\t\t\t\t<\/div>\n\t\t\t\t<\/div>\n\t\t\t<\/div>\n\t\t\t<div id=\"footer-toolbar\">\n\t\t\t\t<a class=\"button button-md pink\" id=\"btn_signup\" href=\"https:\/\/crm.greens-efa-service.eu\/drupal7\/subscribe\" target=\"_blank\">Sign Up!<\/a>\n\t\t\t\t<a class=\"button button-md pink\" id=\"btn_share\" onclick=\"$('#sharebox').toggle();return false;\" href=\"#\">Share!<\/a>\n\t\t\t\t<div id=\"sharebox\" style=\"display:none;\"><div class=\"shariff\" data-url=\"https:\/\/www.greens2019.eu\/\" data-theme=\"standard\" data-button-style=\"icon\" data-orientation=\"horizontal\" data-services=\"facebook twitter pinterest linkedin googleplus\"><\/div><\/div>\n\t\t\t<\/div>\n\t\t<\/div>\n\n\t\t<div class=\"vph 1\"><\/div>\n\t\t<div class=\"vph 2\"><\/div>\n\t\t\n\t<\/div>\n\t","protected":false},"excerpt":{"rendered":"","protected":false},"author":2,"featured_media":0,"parent":803,"menu_order":0,"comment_status":"closed","ping_status":"closed","template":"page_sub.php","meta":[],"yoast_head":"<!-- This site is optimized with the Yoast SEO plugin v19.6.1 - https:\/\/yoast.com\/wordpress\/plugins\/seo\/ -->\n<title>Notre Groupe - Greens\/EFA<\/title>\n<meta name=\"robots\" content=\"index, follow, max-snippet:-1, max-image-preview:large, max-video-preview:-1\" \/>\n<link rel=\"canonical\" href=\"https:\/\/www.greens-efa.eu\/dossier\/accueil\/notre-groupe\/\" \/>\n<meta property=\"og:locale\" content=\"en_GB\" \/>\n<meta property=\"og:type\" content=\"article\" \/>\n<meta property=\"og:title\" content=\"Notre Groupe - Greens\/EFA\" \/>\n<meta property=\"og:url\" content=\"https:\/\/www.greens-efa.eu\/dossier\/accueil\/notre-groupe\/\" \/>\n<meta property=\"og:site_name\" content=\"Greens\/EFA\" \/>\n<meta property=\"article:modified_time\" content=\"2019-04-17T13:54:34+00:00\" \/>\n<meta name=\"twitter:card\" content=\"summary_large_image\" \/>\n<script type=\"application\/ld+json\" class=\"yoast-schema-graph\">{\"@context\":\"https:\/\/schema.org\",\"@graph\":[{\"@type\":\"WebPage\",\"@id\":\"https:\/\/www.greens-efa.eu\/dossier\/accueil\/notre-groupe\/\",\"url\":\"https:\/\/www.greens-efa.eu\/dossier\/accueil\/notre-groupe\/\",\"name\":\"Notre Groupe - Greens\/EFA\",\"isPartOf\":{\"@id\":\"https:\/\/www.greens-efa.eu\/dossier\/#website\"},\"datePublished\":\"2019-04-04T13:28:15+00:00\",\"dateModified\":\"2019-04-17T13:54:34+00:00\",\"breadcrumb\":{\"@id\":\"https:\/\/www.greens-efa.eu\/dossier\/accueil\/notre-groupe\/#breadcrumb\"},\"inLanguage\":\"en-GB\",\"potentialAction\":[{\"@type\":\"ReadAction\",\"target\":[\"https:\/\/www.greens-efa.eu\/dossier\/accueil\/notre-groupe\/\"]}]},{\"@type\":\"BreadcrumbList\",\"@id\":\"https:\/\/www.greens-efa.eu\/dossier\/accueil\/notre-groupe\/#breadcrumb\",\"itemListElement\":[{\"@type\":\"ListItem\",\"position\":1,\"name\":\"Home\",\"item\":\"https:\/\/www.greens-efa.eu\/dossier\/\"},{\"@type\":\"ListItem\",\"position\":2,\"name\":\"Home (FR)\",\"item\":\"https:\/\/www.greens-efa.eu\/dossier\/accueil\/\"},{\"@type\":\"ListItem\",\"position\":3,\"name\":\"Notre Groupe\"}]},{\"@type\":\"WebSite\",\"@id\":\"https:\/\/www.greens-efa.eu\/dossier\/#website\",\"url\":\"https:\/\/www.greens-efa.eu\/dossier\/\",\"name\":\"Greens\/EFA\",\"description\":\"Greens\/EFA\",\"potentialAction\":[{\"@type\":\"SearchAction\",\"target\":{\"@type\":\"EntryPoint\",\"urlTemplate\":\"https:\/\/www.greens-efa.eu\/dossier\/?s={search_term_string}\"},\"query-input\":\"required name=search_term_string\"}],\"inLanguage\":\"en-GB\"}]}<\/script>\n<!-- \/ Yoast SEO plugin. -->","yoast_head_json":{"title":"Notre Groupe - Greens\/EFA","robots":{"index":"index","follow":"follow","max-snippet":"max-snippet:-1","max-image-preview":"max-image-preview:large","max-video-preview":"max-video-preview:-1"},"canonical":"https:\/\/www.greens-efa.eu\/dossier\/accueil\/notre-groupe\/","og_locale":"en_GB","og_type":"article","og_title":"Notre Groupe - Greens\/EFA","og_url":"https:\/\/www.greens-efa.eu\/dossier\/accueil\/notre-groupe\/","og_site_name":"Greens\/EFA","article_modified_time":"2019-04-17T13:54:34+00:00","twitter_card":"summary_large_image","schema":{"@context":"https:\/\/schema.org","@graph":[{"@type":"WebPage","@id":"https:\/\/www.greens-efa.eu\/dossier\/accueil\/notre-groupe\/","url":"https:\/\/www.greens-efa.eu\/dossier\/accueil\/notre-groupe\/","name":"Notre Groupe - Greens\/EFA","isPartOf":{"@id":"https:\/\/www.greens-efa.eu\/dossier\/#website"},"datePublished":"2019-04-04T13:28:15+00:00","dateModified":"2019-04-17T13:54:34+00:00","breadcrumb":{"@id":"https:\/\/www.greens-efa.eu\/dossier\/accueil\/notre-groupe\/#breadcrumb"},"inLanguage":"en-GB","potentialAction":[{"@type":"ReadAction","target":["https:\/\/www.greens-efa.eu\/dossier\/accueil\/notre-groupe\/"]}]},{"@type":"BreadcrumbList","@id":"https:\/\/www.greens-efa.eu\/dossier\/accueil\/notre-groupe\/#breadcrumb","itemListElement":[{"@type":"ListItem","position":1,"name":"Home","item":"https:\/\/www.greens-efa.eu\/dossier\/"},{"@type":"ListItem","position":2,"name":"Home (FR)","item":"https:\/\/www.greens-efa.eu\/dossier\/accueil\/"},{"@type":"ListItem","position":3,"name":"Notre Groupe"}]},{"@type":"WebSite","@id":"https:\/\/www.greens-efa.eu\/dossier\/#website","url":"https:\/\/www.greens-efa.eu\/dossier\/","name":"Greens\/EFA","description":"Greens\/EFA","potentialAction":[{"@type":"SearchAction","target":{"@type":"EntryPoint","urlTemplate":"https:\/\/www.greens-efa.eu\/dossier\/?s={search_term_string}"},"query-input":"required name=search_term_string"}],"inLanguage":"en-GB"}]}},"_links":{"self":[{"href":"https:\/\/www.greens-efa.eu\/dossier\/wp-json\/wp\/v2\/pages\/937"}],"collection":[{"href":"https:\/\/www.greens-efa.eu\/dossier\/wp-json\/wp\/v2\/pages"}],"about":[{"href":"https:\/\/www.greens-efa.eu\/dossier\/wp-json\/wp\/v2\/types\/page"}],"author":[{"embeddable":true,"href":"https:\/\/www.greens-efa.eu\/dossier\/wp-json\/wp\/v2\/users\/2"}],"replies":[{"embeddable":true,"href":"https:\/\/www.greens-efa.eu\/dossier\/wp-json\/wp\/v2\/comments?post=937"}],"version-history":[{"count":8,"href":"https:\/\/www.greens-efa.eu\/dossier\/wp-json\/wp\/v2\/pages\/937\/revisions"}],"predecessor-version":[{"id":1024,"href":"https:\/\/www.greens-efa.eu\/dossier\/wp-json\/wp\/v2\/pages\/937\/revisions\/1024"}],"up":[{"embeddable":true,"href":"https:\/\/www.greens-efa.eu\/dossier\/wp-json\/wp\/v2\/pages\/803"}],"wp:attachment":[{"href":"https:\/\/www.greens-efa.eu\/dossier\/wp-json\/wp\/v2\/media?parent=937"}],"curies":[{"name":"wp","href":"https:\/\/api.w.org\/{rel}","templated":true}]}}