{"id":781,"date":"2020-10-18T22:50:16","date_gmt":"2020-10-18T22:50:16","guid":{"rendered":"https:\/\/www.greens-efa.eu\/mycontentmyrights\/perche-questa-campagna\/"},"modified":"2020-10-20T16:24:11","modified_gmt":"2020-10-20T16:24:11","slug":"o-kampani","status":"publish","type":"page","link":"https:\/\/www.greens-efa.eu\/mycontentmyrights\/cs\/o-kampani\/","title":{"rendered":"O kampani"},"content":{"rendered":"\n<p>Kampa\u0148 prob\u00edh\u00e1 pod z\u00e1\u0161titou politick\u00e9 skupiny Zelen\u00ed\/EFA, kter\u00e1 je jednou ze sedmi frakc\u00ed v Evropsk\u00e9m parlamentu.<\/p>\n\n<p><p>Internet je efektivn\u00edm n\u00e1strojem pro celou \u0159adu aktivit. Umo\u017e\u0148uje n\u00e1m komunikovat na glob\u00e1ln\u00ed \u00farovni, setk\u00e1vat se, budovat s\u00edt\u011b a spojovat s\u00edly. Stejn\u011b tak zaji\u0161\u0165uje p\u0159istup k informac\u00edm a r\u016fzn\u00fdm kultur\u00e1m. V neposledn\u00ed \u0159ad\u011b je mo\u017en\u00e9 skrze n\u011bj vyjad\u0159ovat a prosazovat politick\u00e9 postoje.<\/p><\/p>\n\n<p>Pro zaru\u010den\u00ed na\u0161ich z\u00e1kladn\u00edch pr\u00e1v i on-line pot\u0159ebujeme p\u0159\u00edsn\u00e1 a jednotn\u00e1 evropsk\u00e1 pravidla t\u00fdkaj\u00edc\u00ed se nez\u00e1konn\u00e9ho obsahu on-line. A s t\u00edm n\u00e1m m\u016f\u017eete pomoct i vy! Pr\u00e1v\u011b va\u0161e zku\u0161enosti s odstra\u0148ov\u00e1n\u00edm a blokov\u00e1n\u00edm obsahu on-line n\u00e1m pom\u016f\u017eou s vytvo\u0159en\u00edm modelov\u00e9ho z\u00e1kona. <\/p>\n\n<p>Velmi \u010dasto se ze stran platforem (jako je YouTube, Instagram, Twitter \u010di TikTok) setk\u00e1v\u00e1me s filtrac\u00ed a moderac\u00ed obsahu on-line bez hlavy a paty, kdy vznik\u00e1 spousta nesrovnalost\u00ed. A\u017e p\u0159\u00edli\u0161 \u010dasto je nen\u00e1vistn\u00fd obsah, zam\u011b\u0159en\u00fd zejm\u00e9na na men\u0161iny, ponech\u00e1n on-line. A naopak jsou mnohdy odstra\u0148ov\u00e1ny legitimn\u00ed p\u0159\u00edsp\u011bvky, videa, \u00fa\u010dty a reklamy. Bohu\u017eel nen\u00ed v\u00fdjimkou, \u017ee platformy zt\u011b\u017euj\u00ed zjedn\u00e1n\u00ed n\u00e1pravy, co\u017e velmi v\u00e1\u017en\u011b ovliv\u0148uje svobodu projevu on-line.<\/p>\n\n<p>Akt o digit\u00e1ln\u00edch slu\u017eb\u00e1ch je p\u0159ipravovanou evropskou legislativou, kter\u00e1 mimo jin\u00e9 modernizuje pr\u00e1vn\u00ed p\u0159edpisy upravuj\u00edc\u00ed neleg\u00e1ln\u00ed obsah on-line. Jin\u00fdmi slovy, jak by platformy, jako Facebook nebo Twitter, m\u011bly s takov\u00fdm obsahem nakl\u00e1dat, jak je mo\u017en\u00e9 tento obsah ozna\u010dit a odstranit (tj. mechanismus \u201ezji\u0161t\u011bn\u00ed a opat\u0159en\u00ed\u201c \u2013 Notice and Action). Jedn\u00e1 se o skv\u011blou p\u0159\u00edle\u017eitost pro vy\u0159e\u0161en\u00ed n\u011bkter\u00fdch dosavadn\u00edch z\u00e1sadn\u00edch probl\u00e9m\u016f \u2013 jako je zaji\u0161t\u011bn\u00ed \u00fa\u010dinn\u00fdch mechanism\u016f pro vy\u0159izov\u00e1n\u00ed st\u00ed\u017enost\u00ed a n\u00e1prav, ale tak\u00e9 zefektivn\u011bn\u00ed nahla\u0161ov\u00e1n\u00ed a odstra\u0148ov\u00e1n\u00ed nez\u00e1konn\u00e9ho obsahu, a to na v\u0161ech platform\u00e1ch.<\/p>\n\n<p><p>Koordinaci t\u00e9to kampan\u011b zaji\u0161\u0165uje europoslankyn\u011b Alexandra Geese spole\u010dn\u011b s europoslanci Marcelem Kolajou, Kim van Sparrentak, Patrickem Breyerem a Sergeyem Lagodinskym. Pokud chcete v\u00edce informac\u00ed o t\u00e9to kampani, kontaktujte n\u00e1s e-mailem <a href=\"mailto:anna.czerwoniec@europarl.europa.eu\">anna.czerwoniec@europarl.europa.eu<\/a><\/p><\/p>\n","protected":false},"excerpt":{"rendered":"<p>Kampa\u0148 prob\u00edh\u00e1 pod z\u00e1\u0161titou politick\u00e9 skupiny Zelen\u00ed\/EFA, kter\u00e1 je jednou ze sedmi frakc\u00ed v Evropsk\u00e9m parlamentu. Internet je efektivn\u00edm n\u00e1strojem pro celou \u0159adu aktivit. Umo\u017e\u0148uje n\u00e1m komunikovat na glob\u00e1ln\u00ed \u00farovni, setk\u00e1vat se, budovat s\u00edt\u011b a spojovat s\u00edly. Stejn\u011b tak zaji\u0161\u0165uje p\u0159istup k informac\u00edm a r\u016fzn\u00fdm kultur\u00e1m. V neposledn\u00ed \u0159ad\u011b je mo\u017en\u00e9 skrze n\u011bj vyjad\u0159ovat a [&hellip;]<\/p>\n","protected":false},"author":1,"featured_media":0,"parent":0,"menu_order":0,"comment_status":"closed","ping_status":"closed","template":"","meta":{"_acf_changed":false,"footnotes":""},"class_list":["post-781","page","type-page","status-publish","hentry","wpbf-post"],"acf":[],"yoast_head":"<!-- This site is optimized with the Yoast SEO plugin v26.6 - https:\/\/yoast.com\/wordpress\/plugins\/seo\/ -->\n<title>O kampani - My Content My Rights<\/title>\n<meta name=\"robots\" content=\"index, follow, max-snippet:-1, max-image-preview:large, max-video-preview:-1\" \/>\n<link rel=\"canonical\" href=\"https:\/\/www.greens-efa.eu\/mycontentmyrights\/cs\/o-kampani\/\" \/>\n<meta property=\"og:locale\" content=\"cs_CZ\" \/>\n<meta property=\"og:type\" content=\"article\" \/>\n<meta property=\"og:title\" content=\"O kampani - My Content My Rights\" \/>\n<meta property=\"og:description\" content=\"Kampa\u0148 prob\u00edh\u00e1 pod z\u00e1\u0161titou politick\u00e9 skupiny Zelen\u00ed\/EFA, kter\u00e1 je jednou ze sedmi frakc\u00ed v Evropsk\u00e9m parlamentu. Internet je efektivn\u00edm n\u00e1strojem pro celou \u0159adu aktivit. Umo\u017e\u0148uje n\u00e1m komunikovat na glob\u00e1ln\u00ed \u00farovni, setk\u00e1vat se, budovat s\u00edt\u011b a spojovat s\u00edly. Stejn\u011b tak zaji\u0161\u0165uje p\u0159istup k informac\u00edm a r\u016fzn\u00fdm kultur\u00e1m. V neposledn\u00ed \u0159ad\u011b je mo\u017en\u00e9 skrze n\u011bj vyjad\u0159ovat a [&hellip;]\" \/>\n<meta property=\"og:url\" content=\"https:\/\/www.greens-efa.eu\/mycontentmyrights\/cs\/o-kampani\/\" \/>\n<meta property=\"og:site_name\" content=\"My Content My Rights\" \/>\n<meta property=\"article:publisher\" content=\"http:\/\/www.facebook.com\/greensefa\/\" \/>\n<meta property=\"article:modified_time\" content=\"2020-10-20T16:24:11+00:00\" \/>\n<meta property=\"og:image\" content=\"https:\/\/www.greens-efa.eu\/mycontentmyrights\/files\/uploads\/2020\/09\/share_fb.png\" \/>\n\t<meta property=\"og:image:width\" content=\"1200\" \/>\n\t<meta property=\"og:image:height\" content=\"630\" \/>\n\t<meta property=\"og:image:type\" content=\"image\/png\" \/>\n<meta name=\"twitter:card\" content=\"summary_large_image\" \/>\n<meta name=\"twitter:site\" content=\"@GreensEFA\" \/>\n<meta name=\"twitter:label1\" content=\"Odhadovan\u00e1 doba \u010dten\u00ed\" \/>\n\t<meta name=\"twitter:data1\" content=\"2 minuty\" \/>\n<script type=\"application\/ld+json\" class=\"yoast-schema-graph\">{\"@context\":\"https:\/\/schema.org\",\"@graph\":[{\"@type\":\"WebPage\",\"@id\":\"https:\/\/www.greens-efa.eu\/mycontentmyrights\/cs\/o-kampani\/\",\"url\":\"https:\/\/www.greens-efa.eu\/mycontentmyrights\/cs\/o-kampani\/\",\"name\":\"O kampani - My Content My Rights\",\"isPartOf\":{\"@id\":\"https:\/\/www.greens-efa.eu\/mycontentmyrights\/cs\/#website\"},\"datePublished\":\"2020-10-18T22:50:16+00:00\",\"dateModified\":\"2020-10-20T16:24:11+00:00\",\"breadcrumb\":{\"@id\":\"https:\/\/www.greens-efa.eu\/mycontentmyrights\/cs\/o-kampani\/#breadcrumb\"},\"inLanguage\":\"cs\",\"potentialAction\":[{\"@type\":\"ReadAction\",\"target\":[\"https:\/\/www.greens-efa.eu\/mycontentmyrights\/cs\/o-kampani\/\"]}]},{\"@type\":\"BreadcrumbList\",\"@id\":\"https:\/\/www.greens-efa.eu\/mycontentmyrights\/cs\/o-kampani\/#breadcrumb\",\"itemListElement\":[{\"@type\":\"ListItem\",\"position\":1,\"name\":\"Startseite\",\"item\":\"https:\/\/www.greens-efa.eu\/mycontentmyrights\/cs\/\"},{\"@type\":\"ListItem\",\"position\":2,\"name\":\"O kampani\"}]},{\"@type\":\"WebSite\",\"@id\":\"https:\/\/www.greens-efa.eu\/mycontentmyrights\/cs\/#website\",\"url\":\"https:\/\/www.greens-efa.eu\/mycontentmyrights\/cs\/\",\"name\":\"My Content My Rights\",\"description\":\"\",\"potentialAction\":[{\"@type\":\"SearchAction\",\"target\":{\"@type\":\"EntryPoint\",\"urlTemplate\":\"https:\/\/www.greens-efa.eu\/mycontentmyrights\/cs\/?s={search_term_string}\"},\"query-input\":{\"@type\":\"PropertyValueSpecification\",\"valueRequired\":true,\"valueName\":\"search_term_string\"}}],\"inLanguage\":\"cs\"}]}<\/script>\n<!-- \/ Yoast SEO plugin. -->","yoast_head_json":{"title":"O kampani - My Content My Rights","robots":{"index":"index","follow":"follow","max-snippet":"max-snippet:-1","max-image-preview":"max-image-preview:large","max-video-preview":"max-video-preview:-1"},"canonical":"https:\/\/www.greens-efa.eu\/mycontentmyrights\/cs\/o-kampani\/","og_locale":"cs_CZ","og_type":"article","og_title":"O kampani - My Content My Rights","og_description":"Kampa\u0148 prob\u00edh\u00e1 pod z\u00e1\u0161titou politick\u00e9 skupiny Zelen\u00ed\/EFA, kter\u00e1 je jednou ze sedmi frakc\u00ed v Evropsk\u00e9m parlamentu. Internet je efektivn\u00edm n\u00e1strojem pro celou \u0159adu aktivit. Umo\u017e\u0148uje n\u00e1m komunikovat na glob\u00e1ln\u00ed \u00farovni, setk\u00e1vat se, budovat s\u00edt\u011b a spojovat s\u00edly. Stejn\u011b tak zaji\u0161\u0165uje p\u0159istup k informac\u00edm a r\u016fzn\u00fdm kultur\u00e1m. V neposledn\u00ed \u0159ad\u011b je mo\u017en\u00e9 skrze n\u011bj vyjad\u0159ovat a [&hellip;]","og_url":"https:\/\/www.greens-efa.eu\/mycontentmyrights\/cs\/o-kampani\/","og_site_name":"My Content My Rights","article_publisher":"http:\/\/www.facebook.com\/greensefa\/","article_modified_time":"2020-10-20T16:24:11+00:00","og_image":[{"width":1200,"height":630,"url":"https:\/\/www.greens-efa.eu\/mycontentmyrights\/files\/uploads\/2020\/09\/share_fb.png","type":"image\/png"}],"twitter_card":"summary_large_image","twitter_site":"@GreensEFA","twitter_misc":{"Odhadovan\u00e1 doba \u010dten\u00ed":"2 minuty"},"schema":{"@context":"https:\/\/schema.org","@graph":[{"@type":"WebPage","@id":"https:\/\/www.greens-efa.eu\/mycontentmyrights\/cs\/o-kampani\/","url":"https:\/\/www.greens-efa.eu\/mycontentmyrights\/cs\/o-kampani\/","name":"O kampani - My Content My Rights","isPartOf":{"@id":"https:\/\/www.greens-efa.eu\/mycontentmyrights\/cs\/#website"},"datePublished":"2020-10-18T22:50:16+00:00","dateModified":"2020-10-20T16:24:11+00:00","breadcrumb":{"@id":"https:\/\/www.greens-efa.eu\/mycontentmyrights\/cs\/o-kampani\/#breadcrumb"},"inLanguage":"cs","potentialAction":[{"@type":"ReadAction","target":["https:\/\/www.greens-efa.eu\/mycontentmyrights\/cs\/o-kampani\/"]}]},{"@type":"BreadcrumbList","@id":"https:\/\/www.greens-efa.eu\/mycontentmyrights\/cs\/o-kampani\/#breadcrumb","itemListElement":[{"@type":"ListItem","position":1,"name":"Startseite","item":"https:\/\/www.greens-efa.eu\/mycontentmyrights\/cs\/"},{"@type":"ListItem","position":2,"name":"O kampani"}]},{"@type":"WebSite","@id":"https:\/\/www.greens-efa.eu\/mycontentmyrights\/cs\/#website","url":"https:\/\/www.greens-efa.eu\/mycontentmyrights\/cs\/","name":"My Content My Rights","description":"","potentialAction":[{"@type":"SearchAction","target":{"@type":"EntryPoint","urlTemplate":"https:\/\/www.greens-efa.eu\/mycontentmyrights\/cs\/?s={search_term_string}"},"query-input":{"@type":"PropertyValueSpecification","valueRequired":true,"valueName":"search_term_string"}}],"inLanguage":"cs"}]}},"_links":{"self":[{"href":"https:\/\/www.greens-efa.eu\/mycontentmyrights\/cs\/wp-json\/wp\/v2\/pages\/781","targetHints":{"allow":["GET"]}}],"collection":[{"href":"https:\/\/www.greens-efa.eu\/mycontentmyrights\/cs\/wp-json\/wp\/v2\/pages"}],"about":[{"href":"https:\/\/www.greens-efa.eu\/mycontentmyrights\/cs\/wp-json\/wp\/v2\/types\/page"}],"author":[{"embeddable":true,"href":"https:\/\/www.greens-efa.eu\/mycontentmyrights\/cs\/wp-json\/wp\/v2\/users\/1"}],"replies":[{"embeddable":true,"href":"https:\/\/www.greens-efa.eu\/mycontentmyrights\/cs\/wp-json\/wp\/v2\/comments?post=781"}],"version-history":[{"count":0,"href":"https:\/\/www.greens-efa.eu\/mycontentmyrights\/cs\/wp-json\/wp\/v2\/pages\/781\/revisions"}],"wp:attachment":[{"href":"https:\/\/www.greens-efa.eu\/mycontentmyrights\/cs\/wp-json\/wp\/v2\/media?parent=781"}],"curies":[{"name":"wp","href":"https:\/\/api.w.org\/{rel}","templated":true}]}}